{"id":30993,"date":"2026-01-26T11:01:48","date_gmt":"2026-01-26T11:01:48","guid":{"rendered":"https:\/\/confesq.org\/?page_id=30993"},"modified":"2026-01-26T11:01:50","modified_gmt":"2026-01-26T11:01:50","slug":"aviso-legal","status":"publish","type":"page","link":"https:\/\/confesq.org\/?page_id=30993","title":{"rendered":"Aviso Legal"},"content":{"rendered":"\n<div class=\"wp-block-group is-vertical is-layout-flex wp-container-core-group-is-layout-8cf370e7 wp-block-group-is-layout-flex\">\n<p><strong>LEY DE LOS SERVICIOS DE LA SOCIEDAD DE LA INFORMACI\u00d3N (LSSI)<\/strong><br>COALICI\u00d3N NACIONAL DE ENTIDADES DE FIBROMIALGIA, S\u00cdNDROME DE FATIGA CR\u00d3NICA \/<br>ENCEFALOMIELITIS MI\u00c1LGICA, SENSIBILIDAD QU\u00cdMICA M\u00daLTIPLE Y ELECTROHIPERSENSIBILIDAD,<br>responsable del sitio web, en adelante RESPONSABLE, pone a disposici\u00f3n de los usuarios el presente<br>documento, con el que pretende dar cumplimiento a las obligaciones dispuestas en la Ley 34\/2002, de<br>11 de julio, de Servicios de la Sociedad de la Informaci\u00f3n y de Comercio Electr\u00f3nico (LSSICE), BOE<br>N.\u00ba 166, as\u00ed como informar a todos los usuarios del sitio web respecto a cu\u00e1les son las condiciones de<br>uso.<br><\/p>\n\n\n\n<p>Toda persona que acceda a este sitio web asume el papel de usuario, comprometi\u00e9ndose a la<br>observancia y cumplimiento riguroso de las disposiciones aqu\u00ed dispuestas, as\u00ed como a cualquier otra<br>disposici\u00f3n legal que fuera de aplicaci\u00f3n.<br><\/p>\n\n\n\n<p>COALICI\u00d3N NACIONAL DE ENTIDADES DE FIBROMIALGIA, S\u00cdNDROME DE FATIGA CR\u00d3NICA \/<br>ENCEFALOMIELITIS MI\u00c1LGICA, SENSIBILIDAD QU\u00cdMICA M\u00daLTIPLE Y ELECTROHIPERSENSIBILIDAD se<br>reserva el derecho de modificar cualquier tipo de informaci\u00f3n que pudiera aparecer en el sitio web, sin<br>que exista obligaci\u00f3n de preavisar o poner en conocimiento de los usuarios dichas obligaciones,<br>entendi\u00e9ndose como suficiente la publicaci\u00f3n en el sitio web de COALICI\u00d3N NACIONAL DE<br>ENTIDADES DE FIBROMIALGIA, S\u00cdNDROME DE FATIGA CR\u00d3NICA \/ ENCEFALOMIELITIS<br>MI\u00c1LGICA, SENSIBILIDAD QU\u00cdMICA M\u00daLTIPLE Y ELECTROHIPERS.<\/p>\n\n\n\n<ol class=\"wp-block-list\">\n<li><strong>DATOS IDENTIFICATIVOS<\/strong><br>Nombre de dominio: confesq.org\/<br>Nombre comercial: CONFESQ<br>Denominaci\u00f3n social: COALICI\u00d3N NACIONAL DE ENTIDADES DE FIBROMIALGIA, S\u00cdNDROME DE<br>FATIGA CR\u00d3NICA \/ ENCEFALOMIELITIS MI\u00c1LGICA, SENSIBILIDAD QU\u00cdMICA M\u00daLTIPLE Y<br>ELECTROHIPERSENSIBILIDAD<br>NIF: G84259605<br>Domicilio social: C\/Juan Esplandiu 12, 9E 28007 Madrid<br>Tel\u00e9fono: 665836033<br>E-mail: webmaster@confesq.org<br>CONFESQ inscrita en el Registro Nacional de Asociaciones con el n\u00famero nacional 584372.<\/li>\n\n\n\n<li><strong>DERECHOS DE PROPIEDAD INTELECTUAL E INDUSTRIAL<\/strong><br>El sitio web, incluyendo a t\u00edtulo enunciativo pero no limitativo su programaci\u00f3n, edici\u00f3n, compilaci\u00f3n y<br>dem\u00e1s elementos necesarios para su funcionamiento, los dise\u00f1os, logotipos, texto y\/o gr\u00e1ficos, son<br>propiedad del RESPONSABLE o, si es el caso, dispone de licencia o autorizaci\u00f3n expresa por parte de<br>los autores. Todos los contenidos del sitio web se encuentran debidamente protegidos por la normativa<br>de propiedad intelectual e industrial, as\u00ed como inscritos en los registros p\u00fablicos correspondientes.<br>Independientemente de la finalidad para la que fueran destinados, la reproducci\u00f3n total o parcial, uso,<br>explotaci\u00f3n, distribuci\u00f3n y comercializaci\u00f3n, requiere en todo caso la autorizaci\u00f3n escrita previa por parte del RESPONSABLE. Cualquier uso no autorizado previamente se considera un incumplimiento<br>grave de los derechos de propiedad intelectual o industrial del autor.<br>Los dise\u00f1os, logotipos, texto y\/o gr\u00e1ficos ajenos al RESPONSABLE y que pudieran aparecer en el sitio<br>web, pertenecen a sus respectivos propietarios, siendo ellos mismos responsables de cualquier posible<br>controversia que pudiera suscitarse respecto a los mismos. El RESPONSABLE autoriza expresamente<br>a que terceros puedan redirigir directamente a los contenidos concretos del sitio web, y en todo caso<br>redirigir al sitio web principal de confesq.org\/.<br>El RESPONSABLE reconoce a favor de sus titulares los correspondientes derechos de propiedad<br>intelectual e industrial, no implicando su sola menci\u00f3n o aparici\u00f3n en el sitio web la existencia de<br>derechos o responsabilidad alguna sobre los mismos, como tampoco respaldo, patrocinio o<br>recomendaci\u00f3n por parte del mismo.<br>Para realizar cualquier tipo de observaci\u00f3n respecto a posibles incumplimientos de los derechos de<br>propiedad intelectual o industrial, as\u00ed como sobre cualquiera de los contenidos del sitio web, puede<br>hacerlo a trav\u00e9s del correo electr\u00f3nico webmaster@confesq.org.<\/li>\n\n\n\n<li><strong>EXENCI\u00d3N DE RESPONSABILIDADES<\/strong><br>El RESPONSABLE se exime de cualquier tipo de responsabilidad derivada de la informaci\u00f3n publicada<br>en su sitio web siempre que no tenga conocimiento efectivo de que esta informaci\u00f3n haya sido<br>manipulada o introducida por un tercero ajeno al mismo o, si lo tiene, haya actuado con diligencia para<br>retirar los datos o hacer imposible el acceso a ellos.<br><strong>Uso de Cookies<\/strong><br>Este sitio web puede utilizar cookies t\u00e9cnicas (peque\u00f1os archivos de informaci\u00f3n que el servidor env\u00eda<br>al ordenador de quien accede a la p\u00e1gina) para llevar a cabo determinadas funciones que son<br>consideradas imprescindibles para el correcto funcionamiento y visualizaci\u00f3n del sitio. Las cookies<br>utilizadas tienen, en todo caso, car\u00e1cter temporal, con la \u00fanica finalidad de hacer m\u00e1s eficaz la<br>navegaci\u00f3n, y desaparecen al terminar la sesi\u00f3n del usuario. En ning\u00fan caso, estas cookies<br>proporcionan por s\u00ed mismas datos de car\u00e1cter personal y no se utilizar\u00e1n para la recogida de los<br>mismos.<br>Mediante el uso de cookies tambi\u00e9n es posible que el servidor donde se encuentra la web reconozca el<br>navegador utilizado por el usuario con la finalidad de que la navegaci\u00f3n sea m\u00e1s sencilla, permitiendo,<br>por ejemplo, el acceso de los usuarios que se hayan registrado previamente a las \u00e1reas, servicios,<br>promociones o concursos reservados exclusivamente a ellos sin tener que registrarse en cada visita.<br>Tambi\u00e9n se pueden utilizar para medir la audiencia, par\u00e1metros de tr\u00e1fico, controlar el progreso y<br>n\u00famero de entradas, etc., siendo en estos casos cookies prescindibles t\u00e9cnicamente, pero<br>beneficiosas para el usuario. Este sitio web no instalar\u00e1 cookies prescindibles sin el consentimiento<br>previo del usuario.<br>El usuario tiene la posibilidad de configurar su navegador para ser alertado de la recepci\u00f3n de cookies<br>y para impedir su instalaci\u00f3n en su equipo. Por favor, consulte las instrucciones de su navegador para<br>ampliar esta informaci\u00f3n.<br><strong>Pol\u00edtica de enlaces<\/strong><br>Desde el sitio web, es posible que se redirija a contenidos de terceros sitios web. Dado que el<br>RESPONSABLE no puede controlar siempre los contenidos introducidos por terceros en sus<br>respectivos sitios web, no asume ning\u00fan tipo de responsabilidad respecto a dichos contenidos. En todo<br>caso, proceder\u00e1 a la retirada inmediata de cualquier contenido que pudiera contravenir la legislaci\u00f3n<br>nacional o internacional, la moral o el orden p\u00fablico, procediendo a la retirada inmediata de la<br>redirecci\u00f3n a dicho sitio web, poniendo en conocimiento de las autoridades competentes el contenido<br>en cuesti\u00f3n.<br>El RESPONSABLE no se hace responsable de la informaci\u00f3n y contenidos almacenados, a t\u00edtulo enunciativo pero no limitativo, en foros, chats, generadores de blogs, comentarios, redes sociales o<br>cualquier otro medio que permita a terceros publicar contenidos de forma independiente en la p\u00e1gina<br>web del RESPONSABLE. Sin embargo, y en cumplimiento de lo dispuesto en los art\u00edculos 11 y 16 de<br>la LSSICE, se pone a disposici\u00f3n de todos los usuarios, autoridades y fuerzas de seguridad,<br>colaborando de forma activa en la retirada o, en su caso, bloqueo de todos aquellos contenidos que<br>puedan afectar o contravenir la legislaci\u00f3n nacional o internacional, los derechos de terceros o la moral<br>y el orden p\u00fablico. En caso de que el usuario considere que existe en el sitio web alg\u00fan contenido que<br>pudiera ser susceptible de esta clasificaci\u00f3n, se ruega lo notifique de forma inmediata al administrador<br>del sitio web.<br>Este sitio web se ha revisado y probado para que funcione correctamente. En principio, puede<br>garantizarse el correcto funcionamiento los 365 d\u00edas del a\u00f1o, 24 horas al d\u00eda. Sin embargo, el<br>RESPONSABLE no descarta la posibilidad de que existan ciertos errores de programaci\u00f3n, o que<br>acontezcan causas de fuerza mayor, cat\u00e1strofes naturales, huelgas o circunstancias semejantes que<br>hagan imposible el acceso a la p\u00e1gina web.<br><strong>Direcciones IP<\/strong><br>Los servidores del sitio web podr\u00e1n detectar de manera autom\u00e1tica la direcci\u00f3n IP y el nombre de<br>dominio utilizados por el usuario. Una direcci\u00f3n IP es un n\u00famero asignado autom\u00e1ticamente a un<br>ordenador cuando este se conecta a Internet. Toda esta informaci\u00f3n se registra en un fichero de<br>actividad del servidor que permite el posterior procesamiento de los datos con el fin de obtener<br>mediciones \u00fanicamente estad\u00edsticas que permitan conocer el n\u00famero de impresiones de p\u00e1ginas, el<br>n\u00famero de visitas realizadas a los servidores web, el orden de visitas, el punto de acceso, etc.<\/li>\n\n\n\n<li><strong>LEY APLICABLE Y JURISDICCI\u00d3N<\/strong><br>Para la resoluci\u00f3n de todas las controversias o cuestiones relacionadas con el presente sitio web o de<br>las actividades en \u00e9l desarrolladas, ser\u00e1 de aplicaci\u00f3n la legislaci\u00f3n espa\u00f1ola, a la que se someten<br>expresamente las partes, siendo competentes para la resoluci\u00f3n de todos los conflictos derivados o<br>relacionados con su uso los Juzgados y Tribunales del domicilio del USUARIO o el lugar del<br>cumplimiento de la obligaci\u00f3n<\/li>\n<\/ol>\n<\/div>\n","protected":false},"excerpt":{"rendered":"<p>LEY DE LOS SERVICIOS DE LA SOCIEDAD DE LA INFORMACI\u00d3N (LSSI)COALICI\u00d3N NACIONAL DE ENTIDADES DE FIBROMIALGIA, S\u00cdNDROME DE FATIGA CR\u00d3NICA&#8230;<\/p>\n","protected":false},"author":2,"featured_media":0,"parent":0,"menu_order":0,"comment_status":"closed","ping_status":"closed","template":"","meta":{"footnotes":""},"class_list":["post-30993","page","type-page","status-publish"],"_links":{"self":[{"href":"https:\/\/confesq.org\/index.php?rest_route=\/wp\/v2\/pages\/30993","targetHints":{"allow":["GET"]}}],"collection":[{"href":"https:\/\/confesq.org\/index.php?rest_route=\/wp\/v2\/pages"}],"about":[{"href":"https:\/\/confesq.org\/index.php?rest_route=\/wp\/v2\/types\/page"}],"author":[{"embeddable":true,"href":"https:\/\/confesq.org\/index.php?rest_route=\/wp\/v2\/users\/2"}],"replies":[{"embeddable":true,"href":"https:\/\/confesq.org\/index.php?rest_route=%2Fwp%2Fv2%2Fcomments&post=30993"}],"version-history":[{"count":1,"href":"https:\/\/confesq.org\/index.php?rest_route=\/wp\/v2\/pages\/30993\/revisions"}],"predecessor-version":[{"id":30994,"href":"https:\/\/confesq.org\/index.php?rest_route=\/wp\/v2\/pages\/30993\/revisions\/30994"}],"wp:attachment":[{"href":"https:\/\/confesq.org\/index.php?rest_route=%2Fwp%2Fv2%2Fmedia&parent=30993"}],"curies":[{"name":"wp","href":"https:\/\/api.w.org\/{rel}","templated":true}]}}