{"id":27836,"date":"2021-06-07T17:49:19","date_gmt":"2021-06-07T17:49:19","guid":{"rendered":"https:\/\/confederacionssc.es\/?page_id=27836"},"modified":"2023-02-27T12:33:18","modified_gmt":"2023-02-27T12:33:18","slug":"documento-revision-guia-inss-electrohipersensibilidad-ehs","status":"publish","type":"page","link":"https:\/\/confesq.org\/?page_id=27836","title":{"rendered":"DOCUMENTO REVISI\u00d3N \u00abGUIA INSS\u00bb: ELECTROHIPERSENSIBILIDAD (EHS)"},"content":{"rendered":"<div class=\"wpb-content-wrapper\"><p>[vc_row css=\u00bb.vc_custom_1530698774481{margin-bottom: 0px !important;padding-bottom: 0px !important;}\u00bb el_class=\u00bbno-paddings\u00bb][vc_column][vc_single_image image=\u00bb27838&#8243; img_size=\u00bblarge\u00bb alignment=\u00bbcenter\u00bb][\/vc_column][\/vc_row][vc_row full_width=\u00bbstretch_row_content\u00bb equal_height=\u00bbyes\u00bb css=\u00bb.vc_custom_1602875434863{margin-bottom: 0px !important;padding-bottom: 0px !important;}\u00bb el_class=\u00bbno-paddings\u00bb][vc_column css=\u00bb.vc_custom_1530698992229{padding-right: 65px !important;padding-left: 100px !important;background-color: #f0f3f2 !important;}\u00bb offset=\u00bbvc_col-lg-12 vc_col-md-1&#8243;][vc_empty_space height=\u00bb20px\u00bb][vc_text_separator title=\u00bbDOCUMENTO REVISI\u00d3N \u00abGU\u00cdA INSS\u00ab: ELECTROHIPERSENSIBILIDAD (EHS)\u00bb color=\u00bbcustom\u00bb css=\u00bb.vc_custom_1623086588832{background-color: rgba(234,234,234,0.02) !important;*background-color: rgb(234,234,234) !important;}\u00bb accent_color=\u00bb#b82551&#8243;][vc_column_text]<\/p>\n<div class=\"styled-subtitle\" style=\"text-align: justify;\">\n<div class=\"wpb_text_column wpb_content_element \">\n<div class=\"wpb_wrapper\">\n<div class=\"styled-subtitle\">\n<p>El Documento de Revisi\u00f3n de la GU\u00cdAS INSS sobre ELECTROHIPERSENSIBILIDAD (EHS) es el resultado del trabajo de <strong>EQSDS <\/strong>a petici\u00f3n y pautas de <strong>CONFESQ<\/strong>. El contenido de esta gu\u00eda ha sido elaborado por personas expertas de <strong>EQSDS<\/strong>, entre las que se encuentran varios m\u00e9dicos que la han supervisado. La segunda parte de este documento, titulado COMENTARIOS A LOS APARTADOS DE LA GU\u00cdA INSS ha sido elaborado en parte con la contribuci\u00f3n, en forma de comentarios, de la Dra. Erica Mallery Blythe, experta en las enfermedades de la gu\u00eda del INSS, en medicina ambiental y electrohipersensibilidad. Queremos expresar desde aqu\u00ed nuestro m\u00e1s profundo agradecimiento por su generosidad al compartir sus conocimientos, y por su compromiso con la causa de las personas electrohipersensibles.<\/p>\n<\/div>\n<\/div>\n<\/div>\n<\/div>\n<p>[\/vc_column_text][vc_column_text]<\/p>\n<div class=\"styled-subtitle\" style=\"text-align: justify;\">El presente documento ha sido revisado por:<\/div>\n<div class=\"styled-subtitle\">\n<ul>\n<li style=\"text-align: justify;\">Dr. Ceferino Maestu Unturbe. Doctorado en Medicina. Investigador del Centro de Tecnolog\u00eda Biom\u00e9dica (CTB). Universidad Polit\u00e9cnica de Madrid.<\/li>\n<li style=\"text-align: justify;\">Dra. Pilar Mu\u00f1oz Calero. M\u00e9dica experta en Medicina Ambiental<\/li>\n<li style=\"text-align: justify;\">Dr. Joaquim Fern\u00e1ndez Sola. Catedr\u00e1tico de Medicina (UB), jefe de la Unidad de Sensibilizaci\u00f3n Central del Hospital Cl\u00ednico de Barcelona.<\/li>\n<li style=\"text-align: justify;\">Dra. M\u00aa Carmen Valls Llobet. M\u00e9dica experta en salud con perspectiva de g\u00e9nero y en medio ambiente y salud.<\/li>\n<li style=\"text-align: justify;\">Dra. Mar Rodr\u00edguez Gimena. M\u00e9dica de familia especializada en SQM y EHS<\/li>\n<li style=\"text-align: justify;\">Dra. Tomasa Santos Santos. M\u00e9dica Evaluadora.<\/li>\n<li style=\"text-align: justify;\">Dr. Javier Mateos Hern\u00e1ndez. M\u00e9dico especialista en Medicina Interna. Profesor Asociado Universidad de Alcal\u00e1 (Madrid).<\/li>\n<li style=\"text-align: justify;\">Dra. Erica Mallery Blythe. M\u00e9dica experta en enfermedades ambientales. Reino Unido.<\/li>\n<\/ul>\n<\/div>\n<div class=\"styled-subtitle\" style=\"text-align: justify;\">\n<p>Los\/as revisores\/as de este documento han realizado su actividad de forma totalmente desinteresada. Han supervisado el documento y su bibliograf\u00eda. Su supervisi\u00f3n queda circunscrita exclusivamente a las partes del documento con relevancia m\u00e9dica y cient\u00edfica. En ning\u00fan caso suscriben o avalan las afirmaciones de denuncia o cr\u00edtica que puedan ser de car\u00e1cter social, institucional o pol\u00edtico. Este tipo de afirmaciones son exclusivamente responsabilidad de las asociaciones que han contribuido en el proceso.<\/p>\n<\/div>\n<p>[\/vc_column_text][vc_column_text]<\/p>\n<div class=\"styled-subtitle\" style=\"text-align: justify;\">Todas las personas que han participado en la elaboraci\u00f3n y revisi\u00f3n de este documento lo han hecho de forma totalmente altruista. Expresar el m\u00e1s sincero y profundo agradecimiento por ello.<\/div>\n<p>[\/vc_column_text][vc_empty_space height=\u00bb16px\u00bb][vc_column_text]<\/p>\n<div class=\"styled-subtitle\" style=\"text-align: justify;\">Puedes acceder al \u00ab<strong><span style=\"text-decoration: underline;\">Documento de Revisi\u00f3n de la GU\u00cdA INSS: EHS<\/span><\/strong>\u00bb clicando en la siguiente imagen:<\/div>\n<p>[\/vc_column_text][vc_empty_space height=\u00bb16px\u00bb][vc_empty_space height=\u00bb20px\u00bb][vc_row_inner][vc_column_inner][vc_single_image image=\u00bb27838&#8243; img_size=\u00bbmedium\u00bb alignment=\u00bbcenter\u00bb onclick=\u00bbcustom_link\u00bb img_link_target=\u00bb_blank\u00bb link=\u00bbhttps:\/\/confesq.org\/wp-content\/uploads\/2021\/06\/Version-web.pdf\u00bb][\/vc_column_inner][\/vc_row_inner][\/vc_column][\/vc_row]<\/p>\n<\/div>","protected":false},"excerpt":{"rendered":"<p>[vc_row css=\u00bb.vc_custom_1530698774481{margin-bottom: 0px !important;padding-bottom: 0px !important;}\u00bb el_class=\u00bbno-paddings\u00bb][vc_column][vc_single_image image=\u00bb27838&#8243; img_size=\u00bblarge\u00bb alignment=\u00bbcenter\u00bb][\/vc_column][\/vc_row][vc_row full_width=\u00bbstretch_row_content\u00bb equal_height=\u00bbyes\u00bb css=\u00bb.vc_custom_1602875434863{margin-bottom: 0px !important;padding-bottom: 0px !important;}\u00bb el_class=\u00bbno-paddings\u00bb][vc_column css=\u00bb.vc_custom_1530698992229{padding-right: 65px&#8230;<\/p>\n","protected":false},"author":2,"featured_media":0,"parent":0,"menu_order":0,"comment_status":"closed","ping_status":"closed","template":"","meta":{"footnotes":""},"class_list":["post-27836","page","type-page","status-publish"],"_links":{"self":[{"href":"https:\/\/confesq.org\/index.php?rest_route=\/wp\/v2\/pages\/27836","targetHints":{"allow":["GET"]}}],"collection":[{"href":"https:\/\/confesq.org\/index.php?rest_route=\/wp\/v2\/pages"}],"about":[{"href":"https:\/\/confesq.org\/index.php?rest_route=\/wp\/v2\/types\/page"}],"author":[{"embeddable":true,"href":"https:\/\/confesq.org\/index.php?rest_route=\/wp\/v2\/users\/2"}],"replies":[{"embeddable":true,"href":"https:\/\/confesq.org\/index.php?rest_route=%2Fwp%2Fv2%2Fcomments&post=27836"}],"version-history":[{"count":6,"href":"https:\/\/confesq.org\/index.php?rest_route=\/wp\/v2\/pages\/27836\/revisions"}],"predecessor-version":[{"id":29105,"href":"https:\/\/confesq.org\/index.php?rest_route=\/wp\/v2\/pages\/27836\/revisions\/29105"}],"wp:attachment":[{"href":"https:\/\/confesq.org\/index.php?rest_route=%2Fwp%2Fv2%2Fmedia&parent=27836"}],"curies":[{"name":"wp","href":"https:\/\/api.w.org\/{rel}","templated":true}]}}