{"id":27702,"date":"2021-05-18T16:49:20","date_gmt":"2021-05-18T16:49:20","guid":{"rendered":"http:\/\/confederacionssc.es\/?page_id=27702"},"modified":"2023-02-27T12:26:17","modified_gmt":"2023-02-27T12:26:17","slug":"documento-revision-guia-inss-fibromialgia-fm","status":"publish","type":"page","link":"https:\/\/confesq.org\/?page_id=27702","title":{"rendered":"DOCUMENTO REVISI\u00d3N \u00abGUIA INSS\u00bb: FIBROMIALGIA (FM)"},"content":{"rendered":"<div class=\"wpb-content-wrapper\"><p>[vc_row css=\u00bb.vc_custom_1530698774481{margin-bottom: 0px !important;padding-bottom: 0px !important;}\u00bb el_class=\u00bbno-paddings\u00bb][vc_column][vc_single_image image=\u00bb27784&#8243; img_size=\u00bblarge\u00bb alignment=\u00bbcenter\u00bb][\/vc_column][\/vc_row][vc_row full_width=\u00bbstretch_row_content\u00bb equal_height=\u00bbyes\u00bb css=\u00bb.vc_custom_1602875434863{margin-bottom: 0px !important;padding-bottom: 0px !important;}\u00bb el_class=\u00bbno-paddings\u00bb][vc_column css=\u00bb.vc_custom_1530698992229{padding-right: 65px !important;padding-left: 100px !important;background-color: #f0f3f2 !important;}\u00bb offset=\u00bbvc_col-lg-12 vc_col-md-1&#8243;][vc_empty_space height=\u00bb20px\u00bb][vc_text_separator title=\u00bbDOCUMENTO REVISI\u00d3N \u00abGUIA INSS\u00ab: FIBROMIALGIA (FM)\u00bb color=\u00bbcustom\u00bb css=\u00bb.vc_custom_1619426974237{background-color: rgba(234,234,234,0.02) !important;*background-color: rgb(234,234,234) !important;}\u00bb accent_color=\u00bb#b82551&#8243;][vc_column_text]<\/p>\n<div class=\"styled-subtitle\" style=\"text-align: justify;\">\n<div class=\"wpb_text_column wpb_content_element \">\n<div class=\"wpb_wrapper\">\n<div class=\"styled-subtitle\">\n<p>El Documento de Revisi\u00f3n de la GUIAS INSS sobre FIBROMIALGIA (FM) es el resultado del trabajo de\u00a0<strong>CONFESQ<\/strong>, desarrollado conjuntamente por varias de sus entidades: \u201c<strong>AFICHI. Asociaci\u00f3n de FM de Chiclana<\/strong>\u201d,\u00a0 \u201c<strong>AFIXA. Asociaci\u00f3n de FM de Ja\u00e9n<\/strong>\u201d, \u201c<strong>AMASC. Associaci\u00f3 Malalts i Amics de Sensibilitzaci\u00f3 Central\u201d, <\/strong>\u201c<strong>FEASAFA. Federaci\u00f3n Aragonesa de FM y SFC\/EM<\/strong>\u201d, \u201c<strong>FEXAF. Federaci\u00f3n de Asociaciones de FM, SFC\/EM y SQM de Extremadura<\/strong>\u201d, \u201c<strong>FFISCYL. Federaci\u00f3n de FM y SFC\/EM de Castilla y Le\u00f3n y\u00a0\u201cDOLFA. Asociaci\u00f3n de ni\u00f1os\/as, adolescentes y j\u00f3venes con FM, SFC\/EM, SQM y EHS\u201d<\/strong><strong>.<\/strong> Est\u00e1 basado en los informes\u00a0emitidos por los m\u00e9dicos especialistas (Dra. Pilar Mu\u00f1oz Calero, Dr. Joaqu\u00edn Fern\u00e1ndez Sol\u00e0 y Dra. Mar Rodr\u00edguez Gimena), a petici\u00f3n de CONFESQ, que se recogen en el documento \u201c<em>Informes Emitidos por m\u00e9dicos especialistas sobre la valoraci\u00f3n de la incapacidad laboral en FM, EM\/SFC, SQM y EHS<\/em>\u201d. Documento revisado, adem\u00e1s de por los doctores mencionados anteriormente, por el Dr. Jorge Antol\u00edn Ram\u00edrez Tejero (CEO en Gen\u00f3tica, Doctor en Biolog\u00eda celular, M\u00e1ster en Bioinform\u00e1tica y Bioestad\u00edstica, M\u00e1ster en Biomedicina y Biotecnolog\u00eda\u00a0 e investigador en el Grupo de Investigaci\u00f3n PAIDI BIO-184 y en el Centro de Estudios Avanzados en Olivar y Aceite de Oliva) , D. Antonio Mart\u00ednez Lara (Lcdo. en Biolog\u00eda con M\u00e1ster en Biotecnolog\u00eda), el Dr. Joaqu\u00edn Fern\u00e1ndez Sol\u00e0 (Catedr\u00e1tico de Medicina U.B., Jefe de la Unidad de Sensibilizaci\u00f3n Central, Hospital Clinic de Barcelona), el Dr. Javier Le\u00f3n Iglesias (Abogado y Doctor en Medicina), la Dra. Rosa Magall\u00f3n (M\u00e9dica de Familia, Profesora de Medicina en la Universidad de Zaragoza, IIS-Arag\u00f3n) y la Dra. Ana M\u00aa Garc\u00eda Quintana (M\u00e9dica Internista, Unidad SFC y FM en Hospital Universitario Sagrat Cir Barcekons y Virgen de la Paloma Madrid). A todos ellos queremos agradecerles su dedicaci\u00f3n, esfuerzo, y el gran trabajo que han desarrollado.<\/p>\n<p>En este documento se hace un an\u00e1lisis concienzudo y exhaustivo de cada uno de los puntos tratados en la GU\u00cdA, rebatidos amplia y profusamente, bas\u00e1ndose en numerosos estudios y publicaciones de especialistas y entidades de reputaci\u00f3n mundial, mucho m\u00e1s actualizados que los tenidos en cuenta por el INSS. Es una excepcional ayuda para objetivar y valorar la capacidad funcional de estos enfermos, de forma apropiada, y reconocerles sus derechos asistenciales y de prestaciones sociales.<\/p>\n<\/div>\n<\/div>\n<\/div>\n<\/div>\n<p>[\/vc_column_text][vc_empty_space height=\u00bb16px\u00bb][vc_column_text]<\/p>\n<div class=\"styled-subtitle\" style=\"text-align: justify;\">Puedes acceder al \u00ab<strong><span style=\"text-decoration: underline;\">Documento de Revisi\u00f3n de la GU\u00cdA INSS: FM<\/span><\/strong>\u00bb clicando en la siguiente imagen:<\/div>\n<p>[\/vc_column_text][vc_empty_space height=\u00bb16px\u00bb][vc_empty_space height=\u00bb20px\u00bb][vc_row_inner][vc_column_inner][vc_single_image image=\u00bb27784&#8243; img_size=\u00bbmedium\u00bb alignment=\u00bbcenter\u00bb onclick=\u00bbcustom_link\u00bb img_link_target=\u00bb_blank\u00bb link=\u00bbhttps:\/\/confesq.org\/wp-content\/uploads\/2021\/05\/FM-VERSION-COMPLETA.pdf\u00bb][\/vc_column_inner][\/vc_row_inner][\/vc_column][\/vc_row]<\/p>\n<\/div>","protected":false},"excerpt":{"rendered":"<p>[vc_row css=\u00bb.vc_custom_1530698774481{margin-bottom: 0px !important;padding-bottom: 0px !important;}\u00bb el_class=\u00bbno-paddings\u00bb][vc_column][vc_single_image image=\u00bb27784&#8243; img_size=\u00bblarge\u00bb alignment=\u00bbcenter\u00bb][\/vc_column][\/vc_row][vc_row full_width=\u00bbstretch_row_content\u00bb equal_height=\u00bbyes\u00bb css=\u00bb.vc_custom_1602875434863{margin-bottom: 0px !important;padding-bottom: 0px !important;}\u00bb el_class=\u00bbno-paddings\u00bb][vc_column css=\u00bb.vc_custom_1530698992229{padding-right: 65px&#8230;<\/p>\n","protected":false},"author":334,"featured_media":0,"parent":0,"menu_order":0,"comment_status":"closed","ping_status":"closed","template":"","meta":{"footnotes":""},"class_list":["post-27702","page","type-page","status-publish"],"_links":{"self":[{"href":"https:\/\/confesq.org\/index.php?rest_route=\/wp\/v2\/pages\/27702","targetHints":{"allow":["GET"]}}],"collection":[{"href":"https:\/\/confesq.org\/index.php?rest_route=\/wp\/v2\/pages"}],"about":[{"href":"https:\/\/confesq.org\/index.php?rest_route=\/wp\/v2\/types\/page"}],"author":[{"embeddable":true,"href":"https:\/\/confesq.org\/index.php?rest_route=\/wp\/v2\/users\/334"}],"replies":[{"embeddable":true,"href":"https:\/\/confesq.org\/index.php?rest_route=%2Fwp%2Fv2%2Fcomments&post=27702"}],"version-history":[{"count":10,"href":"https:\/\/confesq.org\/index.php?rest_route=\/wp\/v2\/pages\/27702\/revisions"}],"predecessor-version":[{"id":29104,"href":"https:\/\/confesq.org\/index.php?rest_route=\/wp\/v2\/pages\/27702\/revisions\/29104"}],"wp:attachment":[{"href":"https:\/\/confesq.org\/index.php?rest_route=%2Fwp%2Fv2%2Fmedia&parent=27702"}],"curies":[{"name":"wp","href":"https:\/\/api.w.org\/{rel}","templated":true}]}}