{"id":27446,"date":"2020-10-20T03:10:17","date_gmt":"2020-10-20T03:10:17","guid":{"rendered":"http:\/\/confederacionssc.es\/?page_id=27446"},"modified":"2020-10-20T03:13:17","modified_gmt":"2020-10-20T03:13:17","slug":"documento-revision-guia-inss-sesgo-de-genero","status":"publish","type":"page","link":"https:\/\/confesq.org\/?page_id=27446","title":{"rendered":"DOCUMENTO REVISI\u00d3N \u00abGUIA INSS\u00bb: SESGO DE G\u00c9NERO"},"content":{"rendered":"<div class=\"wpb-content-wrapper\"><p>[vc_row css=\u00bb.vc_custom_1530698774481{margin-bottom: 0px !important;padding-bottom: 0px !important;}\u00bb el_class=\u00bbno-paddings\u00bb][vc_column][vc_single_image image=\u00bb27373&#8243; img_size=\u00bblarge\u00bb alignment=\u00bbcenter\u00bb][\/vc_column][\/vc_row][vc_row full_width=\u00bbstretch_row_content\u00bb equal_height=\u00bbyes\u00bb css=\u00bb.vc_custom_1602875434863{margin-bottom: 0px !important;padding-bottom: 0px !important;}\u00bb el_class=\u00bbno-paddings\u00bb][vc_column css=\u00bb.vc_custom_1530698992229{padding-right: 65px !important;padding-left: 100px !important;background-color: #f0f3f2 !important;}\u00bb offset=\u00bbvc_col-lg-12 vc_col-md-1&#8243;][vc_empty_space height=\u00bb20px\u00bb][vc_text_separator title=\u00bbDOCUMENTO REVISI\u00d3N \u00abGUIA INSS\u00ab: SESGO DE G\u00c9NERO\u00bb color=\u00bbcustom\u00bb css=\u00bb.vc_custom_1603160653504{background-color: rgba(234,234,234,0.02) !important;*background-color: rgb(234,234,234) !important;}\u00bb accent_color=\u00bb#b82551&#8243;][vc_column_text]<\/p>\n<div class=\"styled-subtitle\" style=\"text-align: justify;\">\n<div class=\"wpb_text_column wpb_content_element \">\n<div class=\"wpb_wrapper\">\n<div class=\"styled-subtitle\">\n<p>El Documento de Revisi\u00f3n de la GUIAS INSS sobre SESGO DE G\u00c9NERO es el resultado del trabajo de\u00a0<strong>CONFESQ<\/strong>,\u00a0coordinado por\u00a0 \u201c\u00a0<strong>SFC-SQM Madrid<\/strong>\u201d\u00a0 y elaborado por Almudena Alameda y Dau Garc\u00eda (profesores de la U. Rey Juan Carlos) e Isabel D\u00edez (abogada).<\/p>\n<p><span class=\"fontstyle0\">Los sesgos de g\u00e9nero son errores sistem\u00e1ticos que resaltan determinados aspectos de la experiencia e ignoran otros, como resultado de:<\/span><\/p>\n<ol>\n<li><span style=\"text-decoration: underline;\"><strong><span class=\"fontstyle0\">L<\/span>a insensibilidad de g\u00e9nero:<\/strong><\/span> provoca la omisi\u00f3n de las diferencias entre varones y mujeres en salud, tomando como referencia lo masculino como universal, y desatendiendo todo lo que tenga que ver con la experiencia de las mujeres, cuya salud es \u201cinvisibilizada\u201d o tomada como \u201cat\u00edpica\u201d, \u201cinespec\u00edfica\u201d o \u201cdesviada\u201d.<\/li>\n<li><span class=\"fontstyle0\"><span style=\"text-decoration: underline;\"><strong>L<\/strong><strong>os estereotipos de g\u00e9nero:<\/strong><\/span> provocan que se exageren las diferencias entre varones y mujeres, y como consecuencia, que existan interpretaciones, diagn\u00f3sticos y tratos\/tratamientos diferenciales ante los mismos s\u00edntomas.<\/span><\/li>\n<\/ol>\n<p><span class=\"fontstyle0\">P<span style=\"text-decoration: underline;\"><strong>ara el caso de la investigaci\u00f3n y atenci\u00f3n sanitaria<\/strong><\/span> de la fibromialgia (FM), el S\u00edndrome de Fatiga Cr\u00f3nica-Encefalomielitis Mi\u00e1lgica (SFC-EM), la Sensibilidad Qu\u00edmica M\u00faltiple (SQM) o la Electrohipersensibilidad (EHS) <strong><span style=\"text-decoration: underline;\">nos encontramos con la existencia de los dos sesgos de g\u00e9nero,<\/span><\/strong> anteriormente descritos:<br \/>\n<\/span><\/p>\n<ul>\n<li><span class=\"fontstyle0\"><strong><span style=\"text-decoration: underline;\">Por ser enfermedades \u201cde mujeres\u201d,<\/span>\u00a0<\/strong>con una alta prevalencia femenina: todav\u00eda existe mucha investigaci\u00f3n por hacer y mucho desconocimiento.<\/span><\/li>\n<li><span class=\"fontstyle0\"><span style=\"text-decoration: underline;\"><strong>Por la probabilidad de que la falta de una explicaci\u00f3n m\u00e9dica sea atribuida a factores psicol\u00f3gicos de las propias mujeres<\/strong> <\/span>y no a la falta de investigaci\u00f3n producto del androcentrismo en salud es mayor que si estuvi\u00e9ramos hablando de enfermedades de alta prevalencia masculina. Esto explica, adem\u00e1s, que la prevalencia de s\u00edntomas m\u00e9dicamente inexplicados sea mayor en mujeres.<\/span><\/li>\n<\/ul>\n<p><strong><span style=\"text-decoration: underline;\">Este documento de revisi\u00f3n de la GU\u00cdA, sobre SESGO DE G\u00c9NERO, es un documento transversal a las cuatro patolog\u00edas<\/span><\/strong> que en ella se tratan, y en el se analizan en profundidad los diferentes factores y causas que motivan este sesgo de g\u00e9nero tanto en la investigaci\u00f3n como en la asistencia cl\u00ednica que reciben los enfermos de cualquiera de estas cuatro patolog\u00edas.<\/p>\n<p>La revisi\u00f3n de los\u00a0<span class=\"fontstyle0\">estereotipos de g\u00e9nero, discriminaci\u00f3n interseccional y perspectiva de g\u00e9nero en las Pol\u00edticas P\u00fablicas de Salud, realizada sobre la GU\u00cdA, <span style=\"text-decoration: underline;\"><strong>se ve reforzada por la REVISI\u00d3N JUR\u00cdDICA que se acompa\u00f1a, sobre el modo en que este asunto puede repercutir a nivel judicial en las sentencias por incapacidad laboral. Constituyendo una herramienta de gran valor para todos aquellos que deban pasar por un proceso judicial <\/strong><\/span>de este tipo pr\u00f3ximamente.<br \/>\n<\/span><\/p>\n<p><span style=\"text-decoration: underline;\"><strong>Dada la importancia que CONFESQ le otorga a la necesidad de erradicar el SESGO DE G\u00c9NERO<\/strong><\/span> en cualquier entorno, pero especialmente en lo referente a la salud,<strong><span style=\"text-decoration: underline;\"> hemos querido compartir libremente el contenido integro de este documento<\/span><\/strong>, que puede descargarse clicando en la imagen de abajo.<\/p>\n<p>&nbsp;<\/p>\n<\/div>\n<\/div>\n<\/div>\n<\/div>\n<p>[\/vc_column_text][vc_empty_space height=\u00bb16px\u00bb][vc_empty_space height=\u00bb20px\u00bb][vc_row_inner][vc_column_inner width=\u00bb1\/3&#8243;][vc_single_image image=\u00bb27373&#8243; img_size=\u00bblarge\u00bb onclick=\u00bbcustom_link\u00bb img_link_target=\u00bb_blank\u00bb css_animation=\u00bbnone\u00bb link=\u00bbhttps:\/\/confesq.org\/wp-content\/uploads\/2020\/10\/Sesgo-de-genero-A5.pdf\u00bb][\/vc_column_inner][vc_column_inner width=\u00bb1\/3&#8243;][\/vc_column_inner][\/vc_row_inner][\/vc_column][\/vc_row]<\/p>\n<\/div>","protected":false},"excerpt":{"rendered":"<p>[vc_row css=\u00bb.vc_custom_1530698774481{margin-bottom: 0px !important;padding-bottom: 0px !important;}\u00bb el_class=\u00bbno-paddings\u00bb][vc_column][vc_single_image image=\u00bb27373&#8243; img_size=\u00bblarge\u00bb alignment=\u00bbcenter\u00bb][\/vc_column][\/vc_row][vc_row full_width=\u00bbstretch_row_content\u00bb equal_height=\u00bbyes\u00bb css=\u00bb.vc_custom_1602875434863{margin-bottom: 0px !important;padding-bottom: 0px !important;}\u00bb el_class=\u00bbno-paddings\u00bb][vc_column css=\u00bb.vc_custom_1530698992229{padding-right: 65px&#8230;<\/p>\n","protected":false},"author":334,"featured_media":0,"parent":0,"menu_order":0,"comment_status":"closed","ping_status":"closed","template":"","meta":{"footnotes":""},"class_list":["post-27446","page","type-page","status-publish"],"_links":{"self":[{"href":"https:\/\/confesq.org\/index.php?rest_route=\/wp\/v2\/pages\/27446","targetHints":{"allow":["GET"]}}],"collection":[{"href":"https:\/\/confesq.org\/index.php?rest_route=\/wp\/v2\/pages"}],"about":[{"href":"https:\/\/confesq.org\/index.php?rest_route=\/wp\/v2\/types\/page"}],"author":[{"embeddable":true,"href":"https:\/\/confesq.org\/index.php?rest_route=\/wp\/v2\/users\/334"}],"replies":[{"embeddable":true,"href":"https:\/\/confesq.org\/index.php?rest_route=%2Fwp%2Fv2%2Fcomments&post=27446"}],"version-history":[{"count":2,"href":"https:\/\/confesq.org\/index.php?rest_route=\/wp\/v2\/pages\/27446\/revisions"}],"predecessor-version":[{"id":27448,"href":"https:\/\/confesq.org\/index.php?rest_route=\/wp\/v2\/pages\/27446\/revisions\/27448"}],"wp:attachment":[{"href":"https:\/\/confesq.org\/index.php?rest_route=%2Fwp%2Fv2%2Fmedia&parent=27446"}],"curies":[{"name":"wp","href":"https:\/\/api.w.org\/{rel}","templated":true}]}}