{"id":27367,"date":"2020-10-15T17:56:33","date_gmt":"2020-10-15T17:56:33","guid":{"rendered":"http:\/\/confederacionssc.es\/?page_id=27367"},"modified":"2023-02-27T12:40:59","modified_gmt":"2023-02-27T12:40:59","slug":"guias-inss","status":"publish","type":"page","link":"https:\/\/confesq.org\/?page_id=27367","title":{"rendered":"DOCUMENTOS REVISI\u00d3N \u00abGU\u00cdA INSS\u00bb"},"content":{"rendered":"<div class=\"wpb-content-wrapper\"><p>[vc_row css=\u00bb.vc_custom_1530698774481{margin-bottom: 0px !important;padding-bottom: 0px !important;}\u00bb el_class=\u00bbno-paddings\u00bb][vc_column][vc_single_image image=\u00bb27109&#8243; img_size=\u00bblarge\u00bb alignment=\u00bbcenter\u00bb][\/vc_column][\/vc_row][vc_row full_width=\u00bbstretch_row_content\u00bb equal_height=\u00bbyes\u00bb css=\u00bb.vc_custom_1468838183811{margin-bottom: 0px !important;padding-bottom: 0px !important;}\u00bb el_class=\u00bbno-paddings\u00bb][vc_column css=\u00bb.vc_custom_1530698992229{padding-right: 65px !important;padding-left: 100px !important;background-color: #f0f3f2 !important;}\u00bb offset=\u00bbvc_col-lg-12 vc_col-md-1&#8243;][vc_text_separator title=\u00bbGU\u00cdAS INSS\u00bb color=\u00bbcustom\u00bb css=\u00bb.vc_custom_1602783254833{background-color: rgba(234,234,234,0.02) !important;*background-color: rgb(234,234,234) !important;}\u00bb accent_color=\u00bb#b82551&#8243;][vc_column_text]<\/p>\n<div class=\"styled-subtitle\" style=\"text-align: justify;\">El 18 de enero de 2019 el INSS,\u00a0responsable de las incapacidades laborales, publicaba la \u00ab<em>GU\u00cdA DE ACTUALIZACI\u00d3N EN LA VALORACI\u00d3N DE FIBROMIALGIA, S\u00cdNDROME DE FATIGA CR\u00d3NICA, SENSIBILIDAD QU\u00cdMICA M\u00daLTIPLE, ELECTROSENSIBILIDAD y TRASTORNOS SOMATOMORFOS. (2\u00aa EDICI\u00d3N)<\/em>\u00ab.<\/div>\n<div class=\"styled-subtitle\" style=\"text-align: justify;\">\n<p>Desde su publicaci\u00f3n, tanto pacientes, como m\u00e9dicos especialistas, e incluso sociedades m\u00e9dicas, mostraron su rechazo un\u00e1nime al contenido de esta Gu\u00eda, muchas de cuyas afirmaciones y argumentos no est\u00e1n actualizados,\u00a0contradicen publicadas del Ministerio de Sanidad e incluso llegan a realizar recomendaciones terap\u00e9uticas que, seg\u00fan muestran los \u00faltimos estudios e investigaciones, pueden resultar perjudiciales para la salud de los pacientes.<\/p>\n<p>Esta situaci\u00f3n dej\u00f3 al colectivo de enfermos estupefactos, no solo por estar obsoleta en sus fuentes y planteamientos, fruto de la falta actualizaci\u00f3n en el conocimiento cient\u00edfico y el seguimiento continuado de las publicaciones en la materia, que afortunadamente han logrado avances significativos en el conocimiento de estas patolog\u00edas cr\u00f3nicas en las \u00faltimas d\u00e9cadas, especialmente por el retroceso en el reconocimiento de la etiolog\u00eda de estas enfermedades, que se ve reflejado en toda la GUIA, como enfermedades multisist\u00e9micas con causas org\u00e1nicas, tal y como muestran numerosos estudios, rescatando nuevamente las teor\u00eda psicopatog\u00e9nicas, que unidas a la mayor prevalencia que se da entre mujeres, han conducido a un gran SESGO DE G\u00c9NERO, que afecta de manera transversal a todas las patolog\u00edas tratadas, y que se ve claramente por ejemplo en algunos de los cuestionarios de evaluaci\u00f3n, cuando toman como referente para medir la p\u00e9rdida de la capacidad funcional la posibilidad o no de realizar ciertas tareas dom\u00e9sticas tales como fregar a mano los platos, planchar, cocinar,&#8230; Debido a este enorme retroceso, de entre 20-30 a\u00f1os en la lucha por el\u00a0 reconocimiento de estas enfermedades,\u00a0 las entidades de pacientes (asociaciones, federaciones, agrupaciones, confederaciones,&#8230;) comenzaron a movilizarnos y a llevar a cabo las siguientes acciones:<\/p><\/div>\n<p>[\/vc_column_text]<div class=\"gem-icon-with-text gem-icon-with-text-icon-size-small\" ><div style=\"margin-bottom:0px;margin-top:0px; \" class=\"gem-icon-with-text-icon\"><div class=\"gem-icon gem-icon-pack-elegant gem-icon-size-small  gem-icon-shape-square gem-simple-icon \"  style=\"opacity: 1;\"><div class=\"gem-icon-inner\" style=\"\"><span class=\"gem-icon-half-1\" style=\"color: #b82551;\"><span class=\"back-angle\">&#xe04a;<\/span><\/span><span class=\"gem-icon-half-2\" style=\"color: #b82551;\"><span class=\"back-angle\">&#xe04a;<\/span><\/span><\/div><\/div><\/div><div class=\"gem-icon-with-text-content\" ><div class=\"gem-icon-with-text-text\">[vc_column_text]<\/p>\n<div class=\"styled-subtitle\"><a href=\"https:\/\/confesq.org\/?p=26055\" target=\"_blank\" rel=\"noopener\"><span style=\"text-decoration: underline;\">POSICIONAMIENTO DE CONFESQ SOBRE LA GU\u00cdA DEL INSS<\/span><\/a><\/div>\n<p>[\/vc_column_text]<\/div><\/div><div class=\"clearboth\"><\/div><\/div><div class=\"gem-icon-with-text gem-icon-with-text-icon-size-small\" ><div style=\"margin-bottom:0px;margin-top:0px; \" class=\"gem-icon-with-text-icon\"><div class=\"gem-icon gem-icon-pack-elegant gem-icon-size-small  gem-icon-shape-square gem-simple-icon \"  style=\"opacity: 1;\"><div class=\"gem-icon-inner\" style=\"\"><span class=\"gem-icon-half-1\" style=\"color: #b82551;\"><span class=\"back-angle\">&#xe04a;<\/span><\/span><span class=\"gem-icon-half-2\" style=\"color: #b82551;\"><span class=\"back-angle\">&#xe04a;<\/span><\/span><\/div><\/div><\/div><div class=\"gem-icon-with-text-content\" ><div class=\"gem-icon-with-text-text\">[vc_column_text]<\/p>\n<div class=\"styled-subtitle\"><a href=\"https:\/\/confesq.org\/?p=26076\" target=\"_blank\" rel=\"noopener\"><span style=\"text-decoration: underline;\">BOLET\u00cdN EXTRAORDINARIO SOBRE LA GU\u00cdA DEL INSS<\/span><\/a><\/div>\n<p>[\/vc_column_text]<\/div><\/div><div class=\"clearboth\"><\/div><\/div><div class=\"gem-icon-with-text gem-icon-with-text-icon-size-small\" ><div style=\"margin-bottom:0px;margin-top:0px; \" class=\"gem-icon-with-text-icon\"><div class=\"gem-icon gem-icon-pack-elegant gem-icon-size-small  gem-icon-shape-square gem-simple-icon \"  style=\"opacity: 1;\"><div class=\"gem-icon-inner\" style=\"\"><span class=\"gem-icon-half-1\" style=\"color: #b82551;\"><span class=\"back-angle\">&#xe04a;<\/span><\/span><span class=\"gem-icon-half-2\" style=\"color: #b82551;\"><span class=\"back-angle\">&#xe04a;<\/span><\/span><\/div><\/div><\/div><div class=\"gem-icon-with-text-content\" ><div class=\"gem-icon-with-text-text\">[vc_column_text]<\/p>\n<div class=\"styled-subtitle\"><a href=\"https:\/\/confesq.org\/?p=26100\" target=\"_blank\" rel=\"noopener\"><span style=\"text-decoration: underline;\">AGRADECIMIENTO A TODAS LAS ENTIDADES ADHERIDAS AL POSICIONAMIENTO<\/span><\/a><\/div>\n<p>[\/vc_column_text]<\/div><\/div><div class=\"clearboth\"><\/div><\/div><div class=\"gem-icon-with-text gem-icon-with-text-icon-size-small\" ><div style=\"margin-bottom:0px;margin-top:0px; \" class=\"gem-icon-with-text-icon\"><div class=\"gem-icon gem-icon-pack-elegant gem-icon-size-small  gem-icon-shape-square gem-simple-icon \"  style=\"opacity: 1;\"><div class=\"gem-icon-inner\" style=\"\"><span class=\"gem-icon-half-1\" style=\"color: #b82551;\"><span class=\"back-angle\">&#xe04a;<\/span><\/span><span class=\"gem-icon-half-2\" style=\"color: #b82551;\"><span class=\"back-angle\">&#xe04a;<\/span><\/span><\/div><\/div><\/div><div class=\"gem-icon-with-text-content\" ><div class=\"gem-icon-with-text-text\">[vc_column_text]<\/p>\n<div class=\"styled-subtitle\"><a href=\"https:\/\/confesq.org\/?p=26114\" target=\"_blank\" rel=\"noopener\"><span style=\"text-decoration: underline;\">MANIFESTACIONES DE M\u00c9DICOS ESPECIALISTAS CONTRA LA GU\u00cdA DEL INSS<\/span><\/a><\/div>\n<p>[\/vc_column_text]<\/div><\/div><div class=\"clearboth\"><\/div><\/div><div class=\"gem-icon-with-text gem-icon-with-text-icon-size-small\" ><div style=\"margin-bottom:0px;margin-top:0px; \" class=\"gem-icon-with-text-icon\"><div class=\"gem-icon gem-icon-pack-elegant gem-icon-size-small  gem-icon-shape-square gem-simple-icon \"  style=\"opacity: 1;\"><div class=\"gem-icon-inner\" style=\"\"><span class=\"gem-icon-half-1\" style=\"color: #b82551;\"><span class=\"back-angle\">&#xe04a;<\/span><\/span><span class=\"gem-icon-half-2\" style=\"color: #b82551;\"><span class=\"back-angle\">&#xe04a;<\/span><\/span><\/div><\/div><\/div><div class=\"gem-icon-with-text-content\" ><div class=\"gem-icon-with-text-text\">[vc_column_text]<\/p>\n<div class=\"styled-subtitle\"><a href=\"https:\/\/confesq.org\/?p=26156\" target=\"_blank\" rel=\"noopener\"><span style=\"text-decoration: underline;\">FEDER FORMALIZA SU APOYO A NUESTRO POSICIONAMIENTO MEDIANTE UN ESCRITO<\/span><\/a><\/div>\n<p>[\/vc_column_text]<\/div><\/div><div class=\"clearboth\"><\/div><\/div><div class=\"gem-icon-with-text gem-icon-with-text-icon-size-small\" ><div style=\"margin-bottom:0px;margin-top:0px; \" class=\"gem-icon-with-text-icon\"><div class=\"gem-icon gem-icon-pack-elegant gem-icon-size-small  gem-icon-shape-square gem-simple-icon \"  style=\"opacity: 1;\"><div class=\"gem-icon-inner\" style=\"\"><span class=\"gem-icon-half-1\" style=\"color: #b82551;\"><span class=\"back-angle\">&#xe04a;<\/span><\/span><span class=\"gem-icon-half-2\" style=\"color: #b82551;\"><span class=\"back-angle\">&#xe04a;<\/span><\/span><\/div><\/div><\/div><div class=\"gem-icon-with-text-content\" ><div class=\"gem-icon-with-text-text\">[vc_column_text]<\/p>\n<div class=\"styled-subtitle\"><a href=\"https:\/\/confesq.org\/?p=26217\" target=\"_blank\" rel=\"noopener\"><span style=\"text-decoration: underline;\">MOVILIZACIONES CONTRA LA GU\u00cdA DEL INSS EL D\u00cdA 9 DE MAYO<\/span><\/a><\/div>\n<p>[\/vc_column_text]<\/div><\/div><div class=\"clearboth\"><\/div><\/div><div class=\"gem-icon-with-text gem-icon-with-text-icon-size-small\" ><div style=\"margin-bottom:0px;margin-top:0px; \" class=\"gem-icon-with-text-icon\"><div class=\"gem-icon gem-icon-pack-elegant gem-icon-size-small  gem-icon-shape-square gem-simple-icon \"  style=\"opacity: 1;\"><div class=\"gem-icon-inner\" style=\"\"><span class=\"gem-icon-half-1\" style=\"color: #b82551;\"><span class=\"back-angle\">&#xe04a;<\/span><\/span><span class=\"gem-icon-half-2\" style=\"color: #b82551;\"><span class=\"back-angle\">&#xe04a;<\/span><\/span><\/div><\/div><\/div><div class=\"gem-icon-with-text-content\" ><div class=\"gem-icon-with-text-text\">[vc_column_text]<\/p>\n<div class=\"styled-subtitle\"><a href=\"https:\/\/confesq.org\/?p=26263\" target=\"_blank\" rel=\"noopener\"><span style=\"text-decoration: underline;\">RUEDA DE PRENSA 9 DE MAYO<\/span><\/a><\/div>\n<p>[\/vc_column_text]<\/div><\/div><div class=\"clearboth\"><\/div><\/div><div class=\"gem-icon-with-text gem-icon-with-text-icon-size-small\" ><div style=\"margin-bottom:0px;margin-top:0px; \" class=\"gem-icon-with-text-icon\"><div class=\"gem-icon gem-icon-pack-elegant gem-icon-size-small  gem-icon-shape-square gem-simple-icon \"  style=\"opacity: 1;\"><div class=\"gem-icon-inner\" style=\"\"><span class=\"gem-icon-half-1\" style=\"color: #b82551;\"><span class=\"back-angle\">&#xe04a;<\/span><\/span><span class=\"gem-icon-half-2\" style=\"color: #b82551;\"><span class=\"back-angle\">&#xe04a;<\/span><\/span><\/div><\/div><\/div><div class=\"gem-icon-with-text-content\" ><div class=\"gem-icon-with-text-text\">[vc_column_text]<\/p>\n<div class=\"styled-subtitle\"><a href=\"https:\/\/confesq.org\/?p=26282\" target=\"_blank\" rel=\"noopener\"><span style=\"text-decoration: underline;\">MOVILIZACIONES DEL 9 DE MAYO EN LOS MEDIOS<\/span><\/a><\/div>\n<p>[\/vc_column_text]<\/div><\/div><div class=\"clearboth\"><\/div><\/div><div class=\"gem-icon-with-text gem-icon-with-text-icon-size-small\" ><div style=\"margin-bottom:0px;margin-top:0px; \" class=\"gem-icon-with-text-icon\"><div class=\"gem-icon gem-icon-pack-elegant gem-icon-size-small  gem-icon-shape-square gem-simple-icon \"  style=\"opacity: 1;\"><div class=\"gem-icon-inner\" style=\"\"><span class=\"gem-icon-half-1\" style=\"color: #b82551;\"><span class=\"back-angle\">&#xe04a;<\/span><\/span><span class=\"gem-icon-half-2\" style=\"color: #b82551;\"><span class=\"back-angle\">&#xe04a;<\/span><\/span><\/div><\/div><\/div><div class=\"gem-icon-with-text-content\" ><div class=\"gem-icon-with-text-text\">[vc_column_text]<\/p>\n<div class=\"styled-subtitle\"><span style=\"text-decoration: underline;\"><a href=\"https:\/\/confesq.org\/?p=26415\" target=\"_blank\" rel=\"noopener\">RESPUESTA DEL INSS TRAS EL 9 DE MAYO<\/a><\/span><\/div>\n<p>[\/vc_column_text]<\/div><\/div><div class=\"clearboth\"><\/div><\/div><div class=\"gem-icon-with-text gem-icon-with-text-icon-size-small\" ><div style=\"margin-bottom:0px;margin-top:0px; \" class=\"gem-icon-with-text-icon\"><div class=\"gem-icon gem-icon-pack-elegant gem-icon-size-small  gem-icon-shape-square gem-simple-icon \"  style=\"opacity: 1;\"><div class=\"gem-icon-inner\" style=\"\"><span class=\"gem-icon-half-1\" style=\"color: #b82551;\"><span class=\"back-angle\">&#xe04a;<\/span><\/span><span class=\"gem-icon-half-2\" style=\"color: #b82551;\"><span class=\"back-angle\">&#xe04a;<\/span><\/span><\/div><\/div><\/div><div class=\"gem-icon-with-text-content\" ><div class=\"gem-icon-with-text-text\">[vc_column_text]<\/p>\n<div class=\"styled-subtitle\"><a href=\"https:\/\/confesq.org\/?p=27008\" target=\"_blank\" rel=\"noopener\"><span style=\"text-decoration: underline;\">ESTUDIO INSS 2020: SITUACI\u00d3N DE LOS PACIENTES REPRESENTADOS POR CONFESQ<\/span><\/a><\/div>\n<p>[\/vc_column_text]<\/div><\/div><div class=\"clearboth\"><\/div><\/div><div class=\"gem-icon-with-text gem-icon-with-text-icon-size-small\" ><div style=\"margin-bottom:0px;margin-top:0px; \" class=\"gem-icon-with-text-icon\"><div class=\"gem-icon gem-icon-pack-elegant gem-icon-size-small  gem-icon-shape-square gem-simple-icon \"  style=\"opacity: 1;\"><div class=\"gem-icon-inner\" style=\"\"><span class=\"gem-icon-half-1\" style=\"color: #b82551;\"><span class=\"back-angle\">&#xe04a;<\/span><\/span><span class=\"gem-icon-half-2\" style=\"color: #b82551;\"><span class=\"back-angle\">&#xe04a;<\/span><\/span><\/div><\/div><\/div><div class=\"gem-icon-with-text-content\" ><div class=\"gem-icon-with-text-text\">[vc_column_text]<\/p>\n<div class=\"styled-subtitle\"><a href=\"https:\/\/confesq.org\/?p=27313\" target=\"_blank\" rel=\"noopener\"><span style=\"text-decoration: underline;\">RESULTADOS DEL ESTUDIO INSS 2020<\/span><\/a><\/div>\n<p>[\/vc_column_text]<\/div><\/div><div class=\"clearboth\"><\/div><\/div><div class=\"gem-icon-with-text gem-icon-with-text-icon-size-small\" ><div style=\"margin-bottom:0px;margin-top:0px; \" class=\"gem-icon-with-text-icon\"><div class=\"gem-icon gem-icon-pack-elegant gem-icon-size-small  gem-icon-shape-square gem-simple-icon \"  style=\"opacity: 1;\"><div class=\"gem-icon-inner\" style=\"\"><span class=\"gem-icon-half-1\" style=\"color: #b82551;\"><span class=\"back-angle\">&#xe04a;<\/span><\/span><span class=\"gem-icon-half-2\" style=\"color: #b82551;\"><span class=\"back-angle\">&#xe04a;<\/span><\/span><\/div><\/div><\/div><div class=\"gem-icon-with-text-content\" ><div class=\"gem-icon-with-text-text\">[vc_column_text]<\/p>\n<div class=\"styled-subtitle\"><a href=\"https:\/\/confesq.org\/?p=27352\" target=\"_blank\" rel=\"noopener\"><span style=\"text-decoration: underline;\">\u00bfQU\u00c9 PASA CON LA GU\u00cdA INSS?<\/span><\/a><\/div>\n<p>[\/vc_column_text]<\/div><\/div><div class=\"clearboth\"><\/div><\/div>[vc_column_text]<\/p>\n<div class=\"styled-subtitle\" style=\"text-align: justify;\">Adem\u00e1s, estamos elaborando 5 contradocumentos a la GU\u00cdA INSS: Sesgo de G\u00e9nero, Fibromialgia (FM), Encefalomielitis Mi\u00e1lgica \/ S\u00edndrome de Fatiga Cr\u00f3nica (EM\/SFC), Sensibilidad Qu\u00edmica M\u00faltiple (SQM) y Electrohipersensibilidad (EHS). Puedes acceder al de \u00abSesgo de G\u00e9nero\u00bb y \u00abEM\/SFC \u00bb clicando en la imagen correspondiente a cada uno de ellos:<\/div>\n<p>[\/vc_column_text][vc_empty_space height=\u00bb16px\u00bb][vc_empty_space height=\u00bb20px\u00bb][vc_empty_space height=\u00bb20px\u00bb][vc_row_inner][vc_column_inner width=\u00bb1\/3&#8243;][vc_single_image image=\u00bb27373&#8243; img_size=\u00bblarge\u00bb onclick=\u00bbcustom_link\u00bb img_link_target=\u00bb_blank\u00bb link=\u00bbhttps:\/\/confesq.org\/?page_id=27446&#8243;][\/vc_column_inner][vc_column_inner width=\u00bb1\/3&#8243;][vc_single_image image=\u00bb27374&#8243; img_size=\u00bblarge\u00bb onclick=\u00bbcustom_link\u00bb img_link_target=\u00bb_blank\u00bb link=\u00bbhttps:\/\/confesq.org\/?page_id=27394&#8243;][\/vc_column_inner][vc_column_inner width=\u00bb1\/3&#8243;][vc_single_image image=\u00bb27601&#8243; img_size=\u00bblarge\u00bb alignment=\u00bbcenter\u00bb onclick=\u00bbcustom_link\u00bb img_link_target=\u00bb_blank\u00bb link=\u00bbhttps:\/\/confesq.org\/?page_id=27592&#8243;][\/vc_column_inner][\/vc_row_inner][vc_row_inner][vc_column_inner width=\u00bb1\/3&#8243;][vc_single_image image=\u00bb27784&#8243; img_size=\u00bblarge\u00bb onclick=\u00bbcustom_link\u00bb img_link_target=\u00bb_blank\u00bb link=\u00bbhttps:\/\/confesq.org\/?page_id=27702&#8243;][\/vc_column_inner][vc_column_inner width=\u00bb1\/3&#8243;][vc_single_image image=\u00bb27838&#8243; img_size=\u00bblarge\u00bb alignment=\u00bbcenter\u00bb onclick=\u00bbcustom_link\u00bb img_link_target=\u00bb_blank\u00bb link=\u00bbhttps:\/\/confesq.org\/?page_id=27836&#8243;][\/vc_column_inner][vc_column_inner width=\u00bb1\/3&#8243;][\/vc_column_inner][\/vc_row_inner][\/vc_column][\/vc_row]<\/p>\n<\/div>","protected":false},"excerpt":{"rendered":"<p>[vc_row css=\u00bb.vc_custom_1530698774481{margin-bottom: 0px !important;padding-bottom: 0px !important;}\u00bb el_class=\u00bbno-paddings\u00bb][vc_column][vc_single_image image=\u00bb27109&#8243; img_size=\u00bblarge\u00bb alignment=\u00bbcenter\u00bb][\/vc_column][\/vc_row][vc_row full_width=\u00bbstretch_row_content\u00bb equal_height=\u00bbyes\u00bb css=\u00bb.vc_custom_1468838183811{margin-bottom: 0px !important;padding-bottom: 0px !important;}\u00bb el_class=\u00bbno-paddings\u00bb][vc_column css=\u00bb.vc_custom_1530698992229{padding-right: 65px&#8230;<\/p>\n","protected":false},"author":2,"featured_media":0,"parent":0,"menu_order":0,"comment_status":"closed","ping_status":"closed","template":"","meta":{"footnotes":""},"class_list":["post-27367","page","type-page","status-publish"],"_links":{"self":[{"href":"https:\/\/confesq.org\/index.php?rest_route=\/wp\/v2\/pages\/27367","targetHints":{"allow":["GET"]}}],"collection":[{"href":"https:\/\/confesq.org\/index.php?rest_route=\/wp\/v2\/pages"}],"about":[{"href":"https:\/\/confesq.org\/index.php?rest_route=\/wp\/v2\/types\/page"}],"author":[{"embeddable":true,"href":"https:\/\/confesq.org\/index.php?rest_route=\/wp\/v2\/users\/2"}],"replies":[{"embeddable":true,"href":"https:\/\/confesq.org\/index.php?rest_route=%2Fwp%2Fv2%2Fcomments&post=27367"}],"version-history":[{"count":13,"href":"https:\/\/confesq.org\/index.php?rest_route=\/wp\/v2\/pages\/27367\/revisions"}],"predecessor-version":[{"id":29106,"href":"https:\/\/confesq.org\/index.php?rest_route=\/wp\/v2\/pages\/27367\/revisions\/29106"}],"wp:attachment":[{"href":"https:\/\/confesq.org\/index.php?rest_route=%2Fwp%2Fv2%2Fmedia&parent=27367"}],"curies":[{"name":"wp","href":"https:\/\/api.w.org\/{rel}","templated":true}]}}