{"id":26475,"date":"2019-07-10T17:45:47","date_gmt":"2019-07-10T17:45:47","guid":{"rendered":"http:\/\/confederacionssc.es\/?page_id=26475"},"modified":"2020-06-09T14:24:57","modified_gmt":"2020-06-09T14:24:57","slug":"meet-our-team-03-4-5-2-2-3-2","status":"publish","type":"page","link":"https:\/\/confesq.org\/?page_id=26475","title":{"rendered":"\u00c1REA PRIVADA SOCIOS"},"content":{"rendered":"<div class=\"wpb-content-wrapper\"><p>[vc_row css=\u00bb.vc_custom_1530698774481{margin-bottom: 0px !important;padding-bottom: 0px !important;}\u00bb el_class=\u00bbno-paddings\u00bb][vc_column]\n\t\t\t<!-- START areaprivada REVOLUTION SLIDER 6.7.38 --><p class=\"rs-p-wp-fix\"><\/p>\n\t\t\t<rs-module-wrap id=\"rev_slider_42_1_wrapper\" data-source=\"gallery\" style=\"visibility:hidden;background:transparent;padding:0;margin:0px auto;margin-top:0;margin-bottom:0;\">\n\t\t\t\t<rs-module id=\"rev_slider_42_1\" style=\"\" data-version=\"6.7.38\">\n\t\t\t\t\t<rs-slides style=\"overflow: hidden; position: absolute;\">\n\t\t\t\t\t\t<rs-slide style=\"position: absolute;\" data-key=\"rs-194\" data-title=\"Slide\" data-anim=\"adpr:false;\" data-in=\"o:0;\" data-out=\"a:false;\">\n\t\t\t\t\t\t\t<img src=\"\/\/confesq.org\/wp-content\/plugins\/revslider\/sr6\/assets\/assets\/dummy.png\" alt=\"\" title=\"6123213 (Demo)\" width=\"1280\" height=\"769\" class=\"rev-slidebg tp-rs-img rs-lazyload\" data-lazyload=\"\/\/confesq.org\/wp-content\/uploads\/2016\/08\/6-1.jpg\" data-no-retina>\n<!--\n\t\t\t\t\t\t\t--><rs-layer\n\t\t\t\t\t\t\t\tid=\"slider-42-slide-194-layer-1\" \n\t\t\t\t\t\t\t\tdata-type=\"text\"\n\t\t\t\t\t\t\t\tdata-color=\"#000000\"\n\t\t\t\t\t\t\t\tdata-rsp_ch=\"on\"\n\t\t\t\t\t\t\t\tdata-xy=\"x:c;y:c;\"\n\t\t\t\t\t\t\t\tdata-text=\"s:70;l:22;fw:700;a:inherit;\"\n\t\t\t\t\t\t\t\tdata-frame_0=\"x:left;o:1;skX:45px;\"\n\t\t\t\t\t\t\t\tdata-frame_999=\"o:0;st:8999.9996948242;sR:8699.9996948242;\"\n\t\t\t\t\t\t\t\tstyle=\"z-index:5;font-family:'Open Sans';\"\n\t\t\t\t\t\t\t>\u00c1REA PRIVADA SOCIOS \n\t\t\t\t\t\t\t<\/rs-layer><!--\n-->\t\t\t\t\t<\/rs-slide>\n\t\t\t\t\t<\/rs-slides>\n\t\t\t\t<\/rs-module>\n\t\t\t\t<script>\n\t\t\t\t\tsetREVStartSize({c: 'rev_slider_42_1',rl:[1240,1024,778,480],el:[868],gw:[1240],gh:[868],type:'standard',justify:'',layout:'fullwidth',mh:\"0\"});if (window.RS_MODULES!==undefined && window.RS_MODULES.modules!==undefined && window.RS_MODULES.modules[\"revslider421\"]!==undefined) {window.RS_MODULES.modules[\"revslider421\"].once = false;window.revapi42 = undefined;if (window.RS_MODULES.checkMinimal!==undefined) window.RS_MODULES.checkMinimal()}\n\t\t\t\t<\/script>\n\t\t\t<\/rs-module-wrap>\n\t\t\t<!-- END REVOLUTION SLIDER -->\n[\/vc_column][\/vc_row][vc_row full_width=\u00bbstretch_row_content\u00bb equal_height=\u00bbyes\u00bb css=\u00bb.vc_custom_1468838183811{margin-bottom: 0px !important;padding-bottom: 0px !important;}\u00bb el_class=\u00bbno-paddings\u00bb][vc_column css=\u00bb.vc_custom_1530698992229{padding-right: 65px !important;padding-left: 100px !important;background-color: #f0f3f2 !important;}\u00bb offset=\u00bbvc_col-lg-12 vc_col-md-1&#8243;][vc_text_separator title=\u00bb\u00c1REA PRIVADA\u00bb color=\u00bbcustom\u00bb css=\u00bb.vc_custom_1562778781785{background-color: rgba(234,234,234,0.02) !important;*background-color: rgb(234,234,234) !important;}\u00bb accent_color=\u00bb#b82551&#8243;][vc_column_text]<\/p>\n<div class=\"styled-subtitle\" style=\"text-align: justify;\">En este apartado de la web podr\u00e1s acceder a contenido exclusivo complementario, y con prioridad, referente tanto a nuestra Coalici\u00f3n como actividades realizadas y otros documentos de inter\u00e9s:<\/div>\n<p>[\/vc_column_text]<div class=\"gem-icon-with-text gem-icon-with-text-icon-size-small\" ><div style=\"margin-bottom:0px;margin-top:0px; \" class=\"gem-icon-with-text-icon\"><div class=\"gem-icon gem-icon-pack-elegant gem-icon-size-small  gem-icon-shape-square gem-simple-icon \"  style=\"opacity: 1;\"><div class=\"gem-icon-inner\" style=\"\"><span class=\"gem-icon-half-1\" style=\"color: #b82551;\"><span class=\"back-angle\">&#xe04a;<\/span><\/span><span class=\"gem-icon-half-2\" style=\"color: #b82551;\"><span class=\"back-angle\">&#xe04a;<\/span><\/span><\/div><\/div><\/div><div class=\"gem-icon-with-text-content\" ><div class=\"gem-icon-with-text-text\">[vc_column_text]<strong>RECURSOS DESESCALADA COVID-19<\/strong>[\/vc_column_text][vc_tta_accordion][vc_tta_section title=\u00bbDOCUMENTOS DE INTER\u00c9S\u00bb tab_id=\u00bb1591707040583-ffec7825-2b19&#8243;][vc_column_text]<\/p>\n<ul>\n<li>\n<div class=\"styled-subtitle\"><a href=\"https:\/\/confesq.org\/wp-content\/uploads\/2020\/06\/123-preguntas-sobre-el-coronavirus.pdf\" target=\"_blank\" rel=\"noopener\">Preguntas sobre el coronavirus<\/a><\/div>\n<\/li>\n<li>\n<div class=\"styled-subtitle\"><a href=\"https:\/\/confesq.org\/wp-content\/uploads\/2020\/06\/CERMI_Propuestas-del-movimiento-CERMI-para-un-plan-de-transici\u00f3n-hacia-la-nueva-normalidad.pdf\" target=\"_blank\" rel=\"noopener\">Plan de transici\u00f3n hacia la nueva normalidad<\/a><\/div>\n<\/li>\n<li>\n<div class=\"styled-subtitle\"><a href=\"https:\/\/confesq.org\/wp-content\/uploads\/2020\/06\/Gu\u00eda-covid-19-_-Consejo-de-Graduados-Sociales-de-Espa\u00f1a.pdf\" target=\"_blank\" rel=\"noopener\">Consejos de graduados sociales<\/a><\/div>\n<\/li>\n<li>\n<div class=\"styled-subtitle\"><a href=\"https:\/\/confesq.org\/wp-content\/uploads\/2020\/06\/Gu\u00eda-violencia-_-Fundaci\u00f3n-CERMI-Mujeres.pdf\" target=\"_blank\" rel=\"noopener\">Gu\u00eda de violencia mujeres<\/a><\/div>\n<\/li>\n<li>\n<div class=\"styled-subtitle\"><a href=\"https:\/\/confesq.org\/wp-content\/uploads\/2020\/06\/Parkinson_Autoevaluaci\u00f3n-para-la-elaboraci\u00f3n-de-un-plan-de-recuperaci\u00f3n-segura-de-los-servicios.pdf\" target=\"_blank\" rel=\"noopener\">Plan de recuperaci\u00f3n segura de los servicios<\/a><\/div>\n<\/li>\n<li>\n<div class=\"styled-subtitle\"><a href=\"https:\/\/confesq.org\/wp-content\/uploads\/2020\/06\/UME-DESESCALADA-FRENTE-AL-COVID-19_-COCEMFE.pdf\" target=\"_blank\" rel=\"noopener\">Desescalada frente al COVID-19<\/a><\/div>\n<\/li>\n<li>\n<div class=\"styled-subtitle\"><a href=\"https:\/\/confesq.org\/wp-content\/uploads\/2020\/06\/EL-PELIGRO-DE-LOS-T\u00d3XICOS-EN-LA-LIMPIEZA-DEL-HOGAR-PARA-COMBATIR-EL-CORONAVIRUS.-DEF-pdf.pdf\" target=\"_blank\" rel=\"noopener\">El peligro de los t\u00f3xicos en la limpieza del hogar<\/a><\/div>\n<\/li>\n<li>\n<div class=\"styled-subtitle\"><a href=\"https:\/\/confesq.org\/wp-content\/uploads\/2020\/06\/WHO-2019-nCoV-Disinfection-2020.1-eng.pdf\" target=\"_blank\" rel=\"noopener\">Limpieza y desinfecci\u00f3n<\/a><\/div>\n<\/li>\n<li>\n<div class=\"styled-subtitle\"><a href=\"https:\/\/confesq.org\/wp-content\/uploads\/2020\/06\/Conclusiones-reuni\u00f3n_desescalada-ante-el-covid-19.pdf\" target=\"_blank\" rel=\"noopener\">Conclusiones reuni\u00f3n desescalada frente al COVID-19<\/a><\/div>\n<\/li>\n<\/ul>\n<p>[\/vc_column_text][\/vc_tta_section][vc_tta_section title=\u00bbDOCUMENTOS OFICIALES\u00bb tab_id=\u00bb1591707040584-d6fe5157-95e3&#8243;][vc_column_text]<\/p>\n<div class=\"styled-subtitle\">\n<p><strong>Gobierno de Espa\u00f1a y Ministerios<\/strong><\/p>\n<ul>\n<li class=\"styled-subtitle\"><a href=\"https:\/\/confesq.org\/wp-content\/uploads\/2020\/06\/20200325_Decalogo_como_actuar_COVID19.pdf\" target=\"_blank\" rel=\"noopener\">C\u00f3mo actuar frente a los s\u00edntomas de COVID-19<\/a><\/li>\n<li class=\"styled-subtitle\"><a href=\"https:\/\/confesq.org\/wp-content\/uploads\/2020\/06\/como-puedo-saber-si-puedo-ir-a-trabajar_infografia.jpg\" target=\"_blank\" rel=\"noopener\">C\u00f3mo saber cu\u00e1ndo ir a trabajar<\/a><\/li>\n<li class=\"styled-subtitle\"><a href=\"https:\/\/confesq.org\/wp-content\/uploads\/2020\/06\/COVID19_higiene_manos_poblacion_adulta_infografia.png\" target=\"_blank\" rel=\"noopener\">Prevenci\u00f3n COVID-19<\/a><\/li>\n<li class=\"styled-subtitle\"><a href=\"https:\/\/confesq.org\/wp-content\/uploads\/2020\/06\/GUIACENTROSTRABAJOCOVID19b.pdf\" target=\"_blank\" rel=\"noopener\">Gu\u00eda centros trabajo COVID-19<\/a><\/li>\n<li class=\"styled-subtitle\"><a href=\"https:\/\/confesq.org\/wp-content\/uploads\/2020\/06\/Listado_virucidas.pdf\" target=\"_blank\" rel=\"noopener\">Listado virucidas<\/a><\/li>\n<li class=\"styled-subtitle\"><a href=\"https:\/\/confesq.org\/wp-content\/uploads\/2020\/06\/ministerio-de-sanidad.guia-de-la-fase-1.pdf\" target=\"_blank\" rel=\"noopener\">Gu\u00eda de la fase 1<\/a><\/li>\n<li class=\"styled-subtitle\"><a href=\"https:\/\/confesq.org\/wp-content\/uploads\/2020\/06\/PREVIS1.pdf\" target=\"_blank\" rel=\"noopener\">Levantamiento de las limitaciones establecidas durante el Estado de Alarma<\/a><\/li>\n<li class=\"styled-subtitle\"><a href=\"https:\/\/confesq.org\/wp-content\/uploads\/2020\/06\/TransicionNuevaNormalidad.pdf\" target=\"_blank\" rel=\"noopener\">Transici\u00f3n a la nueva normalidad<\/a><\/li>\n<\/ul>\n<\/div>\n<div class=\"styled-subtitle\"><strong>Andaluc\u00eda<\/strong><\/div>\n<ul>\n<li class=\"styled-subtitle\"><a href=\"https:\/\/confesq.org\/wp-content\/uploads\/2020\/06\/Propuesta-grupo-CAIT-Andaluc\u00eda-.pdf\" target=\"_blank\" rel=\"noopener\">Propuesta grupo CAIT<\/a><\/li>\n<\/ul>\n<div class=\"styled-subtitle\"><strong>Arag\u00f3n<\/strong><\/div>\n<ul>\n<li class=\"styled-subtitle\"><a href=\"https:\/\/confesq.org\/wp-content\/uploads\/2020\/06\/BRSCGI.pdf\" target=\"_blank\" rel=\"noopener\">Bolet\u00f3n Oficial de Arag\u00f3n<\/a><\/li>\n<li>\n<div class=\"styled-subtitle\"><a href=\"https:\/\/confesq.org\/wp-content\/uploads\/2020\/06\/Propuesta-de-desescalada_Gobierno-de-Arag\u00f3n.pdf\" target=\"_blank\" rel=\"noopener\">Propuesta de desescalada<\/a><\/div>\n<\/li>\n<\/ul>\n<div class=\"styled-subtitle\"><strong>Asturias<\/strong><\/div>\n<ul>\n<li>\n<div class=\"styled-subtitle\"><a href=\"https:\/\/confesq.org\/wp-content\/uploads\/2020\/06\/01-PROTOCOLO-GENERAL-ESPACIOS-COMNES.pdf\" target=\"_blank\" rel=\"noopener\">Protocolo de actividad f\u00edsica discapacidad<\/a><\/div>\n<\/li>\n<li>\n<div class=\"styled-subtitle\"><a href=\"https:\/\/confesq.org\/wp-content\/uploads\/2020\/06\/Incorporacion-profesionales-centros-residenciales2_final.pdf\" target=\"_blank\" rel=\"noopener\">Incorporaci\u00f3n profesionales centros residenciales<\/a><\/div>\n<\/li>\n<li>\n<div class=\"styled-subtitle\"><a href=\"https:\/\/confesq.org\/wp-content\/uploads\/2020\/06\/01-PROTOCOLO-GENERAL-ESPACIOS-COMNES.pdf\" target=\"_blank\" rel=\"noopener\">Protocolo general espacios comunes<\/a><\/div>\n<\/li>\n<\/ul>\n<div class=\"styled-subtitle\"><strong>Baleares<\/strong><\/div>\n<ul>\n<li class=\"styled-subtitle\"><a href=\"https:\/\/confesq.org\/wp-content\/uploads\/2020\/06\/resoluci\u00f3n-serv-sociales-Baleares.pdf\" target=\"_blank\" rel=\"noopener\">Resoluci\u00f3n servicios sociales<\/a><\/li>\n<\/ul>\n<div class=\"styled-subtitle\"><strong>Castilla y Le\u00f3n<\/strong><\/div>\n<ul>\n<li>\n<div class=\"styled-subtitle\"><a href=\"https:\/\/confesq.org\/wp-content\/uploads\/2020\/06\/PLANDE1.pdf\" target=\"_blank\" rel=\"noopener\">Plan de desescalada en residencias y centros de personas mayores y con discapacidad<\/a><\/div>\n<\/li>\n<li>\n<div class=\"styled-subtitle\"><a href=\"https:\/\/confesq.org\/wp-content\/uploads\/2020\/06\/Junta-de-CyL_gu\u00eda-para-los-planes-de-desescalada.pdf\" target=\"_blank\" rel=\"noopener\">Gu\u00eda para los planes de desescalada<\/a><\/div>\n<\/li>\n<\/ul>\n<div class=\"styled-subtitle\"><strong>Catalu\u00f1a<\/strong><\/div>\n<ul>\n<li>\n<div class=\"styled-subtitle\"><a href=\"https:\/\/confesq.org\/wp-content\/uploads\/2020\/06\/Plan-de-desescalada-Centros-residenciales-catalu\u00f1a.pdf\" target=\"_blank\" rel=\"noopener\">Plan de desescalada en los centros residenciales<\/a><\/div>\n<\/li>\n<\/ul>\n<div class=\"styled-subtitle\"><strong>Galicia<\/strong><\/div>\n<ul>\n<li class=\"styled-subtitle\"><a href=\"https:\/\/confesq.org\/wp-content\/uploads\/2020\/06\/20200516_Plan_reactivaci\u00f3n-sociosanitaria_COVID19_centros-residenciais.pdf\" target=\"_blank\" rel=\"noopener\">Plan de reactivaci\u00f3n sociosanitaria<\/a><\/li>\n<\/ul>\n<div class=\"styled-subtitle\"><strong>Madrid<\/strong><\/div>\n<ul>\n<li class=\"styled-subtitle\"><a href=\"https:\/\/confesq.org\/wp-content\/uploads\/2020\/06\/PLAN-DESESCALADA-CENTROS-BASE-220520.pdf\" target=\"_blank\" rel=\"noopener\">Plan desescalada centros base<\/a><\/li>\n<li class=\"styled-subtitle\"><a href=\"https:\/\/confesq.org\/wp-content\/uploads\/2020\/06\/PLAN-DESESCALADA-DISCAPACIDAD-Y-ENFERMEDAD-MENTAL-220520-.pdf\" target=\"_blank\" rel=\"noopener\">Plan desescalada discapacidad y enfermedad mental<\/a><\/li>\n<li>\n<div class=\"styled-subtitle\"><a href=\"https:\/\/confesq.org\/wp-content\/uploads\/2020\/06\/plan_desescalada_residencias_y_centros_de_dia_22.05.pdf\" target=\"_blank\" rel=\"noopener\">Plan desescalada residencias y centros de d\u00eda<\/a><\/div>\n<\/li>\n<li>\n<div class=\"styled-subtitle\"><a href=\"https:\/\/confesq.org\/wp-content\/uploads\/2020\/06\/Ventilaci\u00f3n.pdf\" target=\"_blank\" rel=\"noopener\">Ventilaci\u00f3n y desinfecci\u00f3n<\/a><\/div>\n<\/li>\n<\/ul>\n<div class=\"styled-subtitle\"><strong>Murcia<\/strong><\/div>\n<ul>\n<li class=\"styled-subtitle\"><a href=\"https:\/\/confesq.org\/wp-content\/uploads\/2020\/06\/00-Plan-de-desescalada-para-Servicios-de-Rehabilitaci\u00f3n-y-Atenci\u00f3n-a-per.._.pdf\" target=\"_blank\" rel=\"noopener\">Plan de desescalada para servicios de rehabilitaci\u00f3n<\/a><\/li>\n<li>\n<div class=\"styled-subtitle\"><a href=\"https:\/\/confesq.org\/wp-content\/uploads\/2020\/06\/01.-Medidas-generales-de-Protecci\u00f3n-e-higiene.pdf\" target=\"_blank\" rel=\"noopener\">Medidas generales de protecci\u00f3n e higiene<\/a><\/div>\n<\/li>\n<li>\n<div class=\"styled-subtitle\"><a href=\"https:\/\/confesq.org\/wp-content\/uploads\/2020\/06\/02.-Protocolo-de-Informaci\u00f3n-a-los-usuarios-y-a-las-familias-previo-a-s.._.pdf\" target=\"_blank\" rel=\"noopener\">Protocolo de informaci\u00f3n a los usuarios y familias<\/a><\/div>\n<\/li>\n<li>\n<div class=\"styled-subtitle\"><a href=\"https:\/\/confesq.org\/wp-content\/uploads\/2020\/06\/Instrucciones-desescalada-Servicio-de-Atenci\u00f3n-Temprana.pdf\" target=\"_blank\" rel=\"noopener\">Instrucciones desescalada servicios de atenci\u00f3n temprana<\/a><\/div>\n<\/li>\n<li>\n<div class=\"styled-subtitle\"><a href=\"https:\/\/confesq.org\/wp-content\/uploads\/2020\/06\/Instrucciones-reactivaci\u00f3n-presencial-SEPAP.pdf\" target=\"_blank\" rel=\"noopener\">Instrucciones reactivaci\u00f3n presencial<\/a><\/div>\n<\/li>\n<\/ul>\n<p>[\/vc_column_text][\/vc_tta_section][vc_tta_section title=\u00bbPLANES DE CONTINGENCIA\u00bb tab_id=\u00bb1591711174679-f8a1ebc7-38ea\u00bb][vc_column_text]<\/p>\n<ul>\n<li class=\"styled-subtitle\"><a href=\"https:\/\/confesq.org\/wp-content\/uploads\/2020\/06\/Plan-Contingencia-Residencia-Fundaci\u00f3n-COCEMFE.pdf\" target=\"_blank\" rel=\"noopener\">Plan de contingencia residencias- COCEMFE<\/a><\/li>\n<li>\n<div class=\"styled-subtitle\"><a href=\"https:\/\/confesq.org\/wp-content\/uploads\/2020\/06\/Plan-Contingencia-Sede-Central-COCEMFE.pdf\" target=\"_blank\" rel=\"noopener\">Plan de contingencia sede central- COCEMFE<\/a><\/div>\n<\/li>\n<li>\n<div class=\"styled-subtitle\"><a href=\"https:\/\/confesq.org\/wp-content\/uploads\/2020\/06\/PLAN-CONTINGENCIA-AEMC.pdf\" target=\"_blank\" rel=\"noopener\">Plan de contingencia frente COVID-19- AEMC<\/a><\/div>\n<\/li>\n<\/ul>\n<p>[\/vc_column_text][\/vc_tta_section][vc_tta_section title=\u00bbINFORMACI\u00d3N JUR\u00cdDICA\u00bb tab_id=\u00bb1591711470271-f729c38f-0640&#8243;][vc_column_text]<\/p>\n<ul>\n<li class=\"styled-subtitle\"><a href=\"https:\/\/confesq.org\/wp-content\/uploads\/2020\/06\/COCEMFE-Gu\u00eda-resumen-de-la-legislaci\u00f3n-aprobada-en-materia-sociecon\u00f3mica-durante-el-estado-de-alarma.pdf\" target=\"_blank\" rel=\"noopener\">Legislaci\u00f3n socioecon\u00f3mica aprobada durante el estado de alarma<\/a><\/li>\n<li>\n<div class=\"styled-subtitle\"><a href=\"https:\/\/confesq.org\/wp-content\/uploads\/2020\/06\/RECURSOS-ENTIDADES-COCEMFE-EMERGENCIA-COVID-19.pdf\" target=\"_blank\" rel=\"noopener\">Recursos entidades COCEMFE<\/a><\/div>\n<\/li>\n<\/ul>\n<p>[\/vc_column_text][\/vc_tta_section][vc_tta_section title=\u00bbRECOMENDACIONES Y MEDIDAS- COCEMFE\u00bb tab_id=\u00bb1591711665114-868eeb2a-d348&#8243;][vc_column_text]<\/p>\n<ul>\n<li class=\"styled-subtitle\"><a href=\"https:\/\/confesq.org\/wp-content\/uploads\/2020\/06\/COCEMFE_-Recomendaciones-para-la-desescalada-frente-al-COVID-19.pdf\" target=\"_blank\" rel=\"noopener\">Recomendaciones para la desescalada<\/a><\/li>\n<li>\n<div class=\"styled-subtitle\"><a href=\"https:\/\/confesq.org\/wp-content\/uploads\/2020\/06\/INFORME-INICIAL-DESESCALADA-COCEMFE.pdf\" target=\"_blank\" rel=\"noopener\">Informe inicial desescalada<\/a><\/div>\n<\/li>\n<\/ul>\n<p>[\/vc_column_text][\/vc_tta_section][vc_tta_section title=\u00bbBUENAS PR\u00c1CTICAS\u00bb tab_id=\u00bb1591711933563-ac857b79-181d\u00bb][vc_column_text]<\/p>\n<ul>\n<li class=\"styled-subtitle\"><a href=\"https:\/\/confesq.org\/wp-content\/uploads\/2020\/06\/Anexo-II-Firma.pdf\" target=\"_blank\" rel=\"noopener\">Modelo de compromiso para la prestaci\u00f3n de servicios por parte de COCEMFE<\/a><\/li>\n<li>\n<div class=\"styled-subtitle\"><a href=\"https:\/\/confesq.org\/wp-content\/uploads\/2020\/06\/BOC.pdf\" target=\"_blank\" rel=\"noopener\">Reactivaci\u00f3n de los centros de servicios sociales de atenci\u00f3n diurna y residencial- BOC<\/a><\/div>\n<\/li>\n<li>\n<div class=\"styled-subtitle\"><a href=\"https:\/\/confesq.org\/wp-content\/uploads\/2020\/06\/COCEMFE-Cantabria-Desescalada-v0.pdf\" target=\"_blank\" rel=\"noopener\">Desescalada Cantabria- COCEMFE<\/a><\/div>\n<\/li>\n<li>\n<div class=\"styled-subtitle\"><a href=\"https:\/\/confesq.org\/wp-content\/uploads\/2020\/06\/Gu\u00eda-Politicas-Sociales-desescalada.pdf\" target=\"_blank\" rel=\"noopener\">Gu\u00eda pol\u00edticas sociales desescalada<\/a><\/div>\n<\/li>\n<\/ul>\n<p>[\/vc_column_text][\/vc_tta_section][\/vc_tta_accordion]<\/div><\/div><div class=\"clearboth\"><\/div><\/div><div class=\"gem-icon-with-text gem-icon-with-text-icon-size-small\" ><div style=\"margin-bottom:0px;margin-top:0px; \" class=\"gem-icon-with-text-icon\"><div class=\"gem-icon gem-icon-pack-elegant gem-icon-size-small  gem-icon-shape-square gem-simple-icon \"  style=\"opacity: 1;\"><div class=\"gem-icon-inner\" style=\"\"><span class=\"gem-icon-half-1\" style=\"color: #b82551;\"><span class=\"back-angle\">&#xe04a;<\/span><\/span><span class=\"gem-icon-half-2\" style=\"color: #b82551;\"><span class=\"back-angle\">&#xe04a;<\/span><\/span><\/div><\/div><\/div><div class=\"gem-icon-with-text-content\" ><div class=\"gem-icon-with-text-text\">[vc_column_text]<strong>DOCUMENTOS DE INTER\u00c9S<\/strong>[\/vc_column_text][vc_column_text]<\/p>\n<div class=\"styled-subtitle\"><span style=\"text-decoration: underline;\"><a href=\"https:\/\/confesq.org\/wp-content\/uploads\/2019\/11\/Certificado-cambio-de-nombre-y-direcci\u00f3n-23112018.pdf\" target=\"_blank\" rel=\"noopener\">CERTIFICADO CAMBIO DE NOMBRE<\/a><\/span><\/div>\n<div class=\"styled-subtitle\"><a href=\"https:\/\/confesq.org\/wp-content\/uploads\/2019\/11\/Estatutos-CONFESQ-2018.pdf\" target=\"_blank\" rel=\"noopener\"><span style=\"text-decoration: underline;\">ESTATUTOS CONFESQ 2018<\/span><\/a><\/div>\n<p>[\/vc_column_text]<\/div><\/div><div class=\"clearboth\"><\/div><\/div><div class=\"gem-icon-with-text gem-icon-with-text-icon-size-small\" ><div style=\"margin-bottom:0px;margin-top:0px; \" class=\"gem-icon-with-text-icon\"><div class=\"gem-icon gem-icon-pack-elegant gem-icon-size-small  gem-icon-shape-square gem-simple-icon \"  style=\"opacity: 1;\"><div class=\"gem-icon-inner\" style=\"\"><span class=\"gem-icon-half-1\" style=\"color: #b82551;\"><span class=\"back-angle\">&#xe04a;<\/span><\/span><span class=\"gem-icon-half-2\" style=\"color: #b82551;\"><span class=\"back-angle\">&#xe04a;<\/span><\/span><\/div><\/div><\/div><div class=\"gem-icon-with-text-content\" ><div class=\"gem-icon-with-text-text\">[vc_column_text]<strong>BOLETINES<\/strong>[\/vc_column_text][vc_column_text]<\/p>\n<div class=\"styled-subtitle\"><a href=\"https:\/\/confesq.org\/wp-content\/uploads\/2018\/12\/BOLETIN-1.pdf\" target=\"_blank\" rel=\"noopener\"><span style=\"text-decoration: underline;\">BOLET\u00cdN 1<\/span><\/a><\/div>\n<div class=\"styled-subtitle\"><a href=\"https:\/\/confesq.org\/wp-content\/uploads\/2018\/12\/BOLETIN-2.pdf\" target=\"_blank\" rel=\"noopener\"><span style=\"text-decoration: underline;\">BOLET\u00cdN 2<\/span><\/a><\/div>\n<div class=\"styled-subtitle\"><a href=\"https:\/\/confesq.org\/wp-content\/uploads\/2019\/01\/23-ENERO-2019-2.pdf\" target=\"_blank\" rel=\"noopener\"><span style=\"text-decoration: underline;\">BOLET\u00cdN 3<\/span><\/a><\/div>\n<div class=\"styled-subtitle\"><a href=\"https:\/\/confesq.org\/wp-content\/uploads\/2019\/04\/Edici%C3%B3n-Extraordinaria-BOLET%C3%8DN-INFORMATIVO-CONFESQ-GUIA-INSS-2-1.pdf\" target=\"_blank\" rel=\"noopener\"><span style=\"text-decoration: underline;\">BOLET\u00cdN INSS<\/span><\/a><\/div>\n<div class=\"styled-subtitle\"><a href=\"https:\/\/confesq.org\/wp-content\/uploads\/2019\/05\/BOLETIN-12-MAYO-19-4.pdf\" target=\"_blank\" rel=\"noopener\"><span style=\"text-decoration: underline;\">BOLET\u00cdN 12 DE MAYO<\/span><\/a><\/div>\n<p>[\/vc_column_text]<\/div><\/div><div class=\"clearboth\"><\/div><\/div>[vc_empty_space height=\u00bb20px\u00bb][\/vc_column][\/vc_row]<\/p>\n<\/div>","protected":false},"excerpt":{"rendered":"<p>[vc_row css=\u00bb.vc_custom_1530698774481{margin-bottom: 0px !important;padding-bottom: 0px !important;}\u00bb el_class=\u00bbno-paddings\u00bb][vc_column][\/vc_column][\/vc_row][vc_row full_width=\u00bbstretch_row_content\u00bb equal_height=\u00bbyes\u00bb css=\u00bb.vc_custom_1468838183811{margin-bottom: 0px !important;padding-bottom: 0px !important;}\u00bb el_class=\u00bbno-paddings\u00bb][vc_column css=\u00bb.vc_custom_1530698992229{padding-right: 65px !important;padding-left: 100px !important;background-color:&#8230;<\/p>\n","protected":false},"author":2,"featured_media":0,"parent":0,"menu_order":0,"comment_status":"closed","ping_status":"closed","template":"","meta":{"footnotes":""},"class_list":["post-26475","page","type-page","status-publish"],"_links":{"self":[{"href":"https:\/\/confesq.org\/index.php?rest_route=\/wp\/v2\/pages\/26475","targetHints":{"allow":["GET"]}}],"collection":[{"href":"https:\/\/confesq.org\/index.php?rest_route=\/wp\/v2\/pages"}],"about":[{"href":"https:\/\/confesq.org\/index.php?rest_route=\/wp\/v2\/types\/page"}],"author":[{"embeddable":true,"href":"https:\/\/confesq.org\/index.php?rest_route=\/wp\/v2\/users\/2"}],"replies":[{"embeddable":true,"href":"https:\/\/confesq.org\/index.php?rest_route=%2Fwp%2Fv2%2Fcomments&post=26475"}],"version-history":[{"count":11,"href":"https:\/\/confesq.org\/index.php?rest_route=\/wp\/v2\/pages\/26475\/revisions"}],"predecessor-version":[{"id":27172,"href":"https:\/\/confesq.org\/index.php?rest_route=\/wp\/v2\/pages\/26475\/revisions\/27172"}],"wp:attachment":[{"href":"https:\/\/confesq.org\/index.php?rest_route=%2Fwp%2Fv2%2Fmedia&parent=26475"}],"curies":[{"name":"wp","href":"https:\/\/api.w.org\/{rel}","templated":true}]}}