{"id":25891,"date":"2019-01-21T19:44:12","date_gmt":"2019-01-21T19:44:12","guid":{"rendered":"http:\/\/confederacionssc.es\/?page_id=25891"},"modified":"2019-02-08T16:05:39","modified_gmt":"2019-02-08T16:05:39","slug":"meet-our-team-03-4-5-4","status":"publish","type":"page","link":"https:\/\/confesq.org\/?page_id=25891","title":{"rendered":"Proyectos"},"content":{"rendered":"<div class=\"wpb-content-wrapper\"><p>[vc_row css=\u00bb.vc_custom_1530698774481{margin-bottom: 0px !important;padding-bottom: 0px !important;}\u00bb el_class=\u00bbno-paddings\u00bb][vc_column][rev_slider_vc alias=\u00bbproyectos\u00bb][\/vc_column][\/vc_row][vc_row full_width=\u00bbstretch_row_content\u00bb equal_height=\u00bbyes\u00bb css=\u00bb.vc_custom_1468838183811{margin-bottom: 0px !important;padding-bottom: 0px !important;}\u00bb el_class=\u00bbno-paddings\u00bb][vc_column css=\u00bb.vc_custom_1530698992229{padding-right: 65px !important;padding-left: 100px !important;background-color: #f0f3f2 !important;}\u00bb offset=\u00bbvc_col-lg-12 vc_col-md-1&#8243;][vc_text_separator title=\u00bbPROYECTOS\u00bb color=\u00bbcustom\u00bb css=\u00bb.vc_custom_1537869262482{background-color: rgba(234,234,234,0.02) !important;*background-color: rgb(234,234,234) !important;}\u00bb accent_color=\u00bb#b82551&#8243;][vc_column_text]<\/p>\n<p style=\"text-align: justify;\">Actualmente, estamos trabajando en una serie de proyectos en los que aplicamos nuestros conocimientos y habilidades para satisfacer las necesidades de los enfermos. Tras reunir varias ideas, hemos seleccionado aquellas con las que podemos cumplir con los objetivos de CONFESQ de una forma m\u00e1s \u00e1gil y efectiva.<\/p>\n<p style=\"text-align: justify;\">Ponemos todo nuestro empe\u00f1o y recursos en obtener los resultados deseados hasta el punto de reivindicar propuestas totalmente innovadoras.<\/p>\n<p>Ejemplo de ello son:[\/vc_column_text]<div class=\"gem-icon-with-text gem-icon-with-text-icon-size-small\" ><div style=\"margin-bottom:0px;margin-top:0px; \" class=\"gem-icon-with-text-icon\"><div class=\"gem-icon gem-icon-pack-elegant gem-icon-size-small  gem-icon-shape-square gem-simple-icon \"  style=\"opacity: 1;\"><div class=\"gem-icon-inner\" style=\"\"><span class=\"gem-icon-half-1\" style=\"color: #b82551;\"><span class=\"back-angle\">&#xe04a;<\/span><\/span><span class=\"gem-icon-half-2\" style=\"color: #b82551;\"><span class=\"back-angle\">&#xe04a;<\/span><\/span><\/div><\/div><\/div><div class=\"gem-icon-with-text-content\" ><div class=\"gem-icon-with-text-text\">[vc_column_text]<span style=\"text-decoration: underline;\"><a href=\"https:\/\/confesq.org\/?page_id=25901\" target=\"_blank\" rel=\"noopener\">Campa\u00f1a \u00abNo se ve, se sufre\u00bb<\/a><\/span><\/p>\n<p style=\"text-align: justify;\">Campa\u00f1a creada con la finalidad de obtener soluciones a las necesidades que presentan las personas afectadas por Fibromialgia, S\u00edndrome de Fatiga Cr\u00f3nica, Sensibilidad Qu\u00edmica M\u00faltiple y Electrohipersensibilidad. Para ello se han creado una serie de contenidos que se difunden tanto a trav\u00e9s de las redes sociales como a entidades espec\u00edficas.<\/p>\n<p>[\/vc_column_text]<\/div><\/div><div class=\"clearboth\"><\/div><\/div><div class=\"gem-icon-with-text gem-icon-with-text-icon-size-small\" ><div style=\"margin-bottom:0px;margin-top:0px; \" class=\"gem-icon-with-text-icon\"><div class=\"gem-icon gem-icon-pack-elegant gem-icon-size-small  gem-icon-shape-square gem-simple-icon \"  style=\"opacity: 1;\"><div class=\"gem-icon-inner\" style=\"\"><span class=\"gem-icon-half-1\" style=\"color: #b82551;\"><span class=\"back-angle\">&#xe04a;<\/span><\/span><span class=\"gem-icon-half-2\" style=\"color: #b82551;\"><span class=\"back-angle\">&#xe04a;<\/span><\/span><\/div><\/div><\/div><div class=\"gem-icon-with-text-content\" ><div class=\"gem-icon-with-text-text\">[vc_column_text]<a href=\"https:\/\/confesq.org\/?page_id=25440\" target=\"_blank\" rel=\"noopener\"><span style=\"text-decoration: underline;\">Movimiento Asociativo<\/span><\/a><\/p>\n<p>Recopilaci\u00f3n de una serie de documentos sobre c\u00f3mo sacar el m\u00e1ximo partido a tu organizaci\u00f3n que esperamos sean de tu inter\u00e9s.[\/vc_column_text]<\/div><\/div><div class=\"clearboth\"><\/div><\/div>[vc_empty_space height=\u00bb16px\u00bb]<div class=\"gem-icon-with-text gem-icon-with-text-icon-size-small\" ><div style=\"margin-bottom:0px;margin-top:0px; \" class=\"gem-icon-with-text-icon\"><div class=\"gem-icon gem-icon-pack-elegant gem-icon-size-small  gem-icon-shape-square gem-simple-icon \"  style=\"opacity: 1;\"><div class=\"gem-icon-inner\" style=\"\"><span class=\"gem-icon-half-1\" style=\"color: #b82551;\"><span class=\"back-angle\">&#xe04a;<\/span><\/span><span class=\"gem-icon-half-2\" style=\"color: #b82551;\"><span class=\"back-angle\">&#xe04a;<\/span><\/span><\/div><\/div><\/div><div class=\"gem-icon-with-text-content\" ><div class=\"gem-icon-with-text-text\">[vc_column_text]<a href=\"https:\/\/confesq.org\/?page_id=25715\" target=\"_blank\" rel=\"noopener\"><span style=\"text-decoration: underline;\">Protocolo educativo<\/span><\/a><\/p>\n<p style=\"text-align: justify;\">Busca la implantaci\u00f3n de un nuevo protocolo educativo que facilite una vida m\u00e1s llevadera a los ni\u00f1os y adolescentes que padezcan algunas de estas enfermedades.<\/p>\n<p>[\/vc_column_text]<\/div><\/div><div class=\"clearboth\"><\/div><\/div><div class=\"gem-icon-with-text gem-icon-with-text-icon-size-small\" ><div style=\"margin-bottom:0px;margin-top:0px; \" class=\"gem-icon-with-text-icon\"><div class=\"gem-icon gem-icon-pack-elegant gem-icon-size-small  gem-icon-shape-square gem-simple-icon \"  style=\"opacity: 1;\"><div class=\"gem-icon-inner\" style=\"\"><span class=\"gem-icon-half-1\" style=\"color: #b82551;\"><span class=\"back-angle\">&#xe04a;<\/span><\/span><span class=\"gem-icon-half-2\" style=\"color: #b82551;\"><span class=\"back-angle\">&#xe04a;<\/span><\/span><\/div><\/div><\/div><div class=\"gem-icon-with-text-content\" ><div class=\"gem-icon-with-text-text\">[vc_column_text]<a href=\"https:\/\/confesq.org\/?page_id=25263\" target=\"_blank\" rel=\"noopener\"><span style=\"text-decoration: underline;\">Primera Jornada <em>#LaConfeSeMueve<\/em><\/span><\/a><\/p>\n<p>Evento dirigido a equipos directivos y t\u00e9cnicos de asociaciones de pacientes con FM, SFC\/EM, SQM y EHS en el que se abordaron temas sanitarios as\u00ed como herramientas para la gesti\u00f3n asociativa y la consecuci\u00f3n de los objetivos que perseguimos como colectivo.[\/vc_column_text]<\/div><\/div><div class=\"clearboth\"><\/div><\/div>[vc_empty_space height=\u00bb20px\u00bb][vc_empty_space height=\u00bb20px\u00bb][\/vc_column][\/vc_row]<\/p>\n<\/div>","protected":false},"excerpt":{"rendered":"<p>[vc_row css=\u00bb.vc_custom_1530698774481{margin-bottom: 0px !important;padding-bottom: 0px !important;}\u00bb el_class=\u00bbno-paddings\u00bb][vc_column][rev_slider_vc alias=\u00bbproyectos\u00bb][\/vc_column][\/vc_row][vc_row full_width=\u00bbstretch_row_content\u00bb equal_height=\u00bbyes\u00bb css=\u00bb.vc_custom_1468838183811{margin-bottom: 0px !important;padding-bottom: 0px !important;}\u00bb el_class=\u00bbno-paddings\u00bb][vc_column css=\u00bb.vc_custom_1530698992229{padding-right: 65px !important;padding-left: 100px&#8230;<\/p>\n","protected":false},"author":2,"featured_media":0,"parent":0,"menu_order":0,"comment_status":"closed","ping_status":"closed","template":"","meta":{"footnotes":""},"class_list":["post-25891","page","type-page","status-publish"],"_links":{"self":[{"href":"https:\/\/confesq.org\/index.php?rest_route=\/wp\/v2\/pages\/25891","targetHints":{"allow":["GET"]}}],"collection":[{"href":"https:\/\/confesq.org\/index.php?rest_route=\/wp\/v2\/pages"}],"about":[{"href":"https:\/\/confesq.org\/index.php?rest_route=\/wp\/v2\/types\/page"}],"author":[{"embeddable":true,"href":"https:\/\/confesq.org\/index.php?rest_route=\/wp\/v2\/users\/2"}],"replies":[{"embeddable":true,"href":"https:\/\/confesq.org\/index.php?rest_route=%2Fwp%2Fv2%2Fcomments&post=25891"}],"version-history":[{"count":6,"href":"https:\/\/confesq.org\/index.php?rest_route=\/wp\/v2\/pages\/25891\/revisions"}],"predecessor-version":[{"id":25961,"href":"https:\/\/confesq.org\/index.php?rest_route=\/wp\/v2\/pages\/25891\/revisions\/25961"}],"wp:attachment":[{"href":"https:\/\/confesq.org\/index.php?rest_route=%2Fwp%2Fv2%2Fmedia&parent=25891"}],"curies":[{"name":"wp","href":"https:\/\/api.w.org\/{rel}","templated":true}]}}