{"id":25802,"date":"2018-12-04T14:18:45","date_gmt":"2018-12-04T14:18:45","guid":{"rendered":"http:\/\/confederacionssc.es\/?page_id=25802"},"modified":"2019-11-12T10:57:55","modified_gmt":"2019-11-12T10:57:55","slug":"meet-our-team-03-4-3-2-2","status":"publish","type":"page","link":"https:\/\/confesq.org\/?page_id=25802","title":{"rendered":"Boletines"},"content":{"rendered":"<div class=\"wpb-content-wrapper\"><p>[vc_row css=\u00bb.vc_custom_1530698774481{margin-bottom: 0px !important;padding-bottom: 0px !important;}\u00bb el_class=\u00bbno-paddings\u00bb][vc_column][rev_slider_vc alias=\u00bbboletines\u00bb][\/vc_column][\/vc_row][vc_row full_width=\u00bbstretch_row_content\u00bb equal_height=\u00bbyes\u00bb css=\u00bb.vc_custom_1468838183811{margin-bottom: 0px !important;padding-bottom: 0px !important;}\u00bb el_class=\u00bbno-paddings\u00bb][vc_column css=\u00bb.vc_custom_1530698992229{padding-right: 65px !important;padding-left: 100px !important;background-color: #f0f3f2 !important;}\u00bb offset=\u00bbvc_col-lg-12 vc_col-md-1&#8243;][vc_text_separator title=\u00bbBOLETINES\u00bb color=\u00bbcustom\u00bb css=\u00bb.vc_custom_1543934810782{background-color: rgba(234,234,234,0.02) !important;*background-color: rgb(234,234,234) !important;}\u00bb accent_color=\u00bb#b82551&#8243;][vc_column_text]<\/p>\n<p style=\"text-align: justify;\">Comenzamos una nueva etapa, con ilusi\u00f3n y nuevos proyectos, en la que tendremos que superar grandes retos, pues como todos sabemos para nosotros nada nos resulta f\u00e1cil de conseguir, tenemos que luchar por tener acceso hasta lo m\u00e1s imprescindible. Y en el camino son muchas las barreras que nos encontramos, tanto f\u00edsicas, como ideol\u00f3gicas y geogr\u00e1ficas.<\/p>\n<p style=\"text-align: justify;\">Pero si conseguimos unir nuestros esfuerzos ese camino nos resultar\u00e1 menos duro y m\u00e1s accesible a todos.<\/p>\n<p style=\"text-align: justify;\">Por ello queremos poner a tu disposici\u00f3n los diferentes boletines sobre Fibromialgia, S\u00edndrome de Fatiga Cr\u00f3nica\/Encefalomielitis Mi\u00e1lgica, Sensibilidad Qu\u00edmica M\u00faltiple y Electrohipersensibilidad.<\/p>\n<p>[\/vc_column_text][vc_empty_space height=\u00bb20px\u00bb][vc_empty_space height=\u00bb20px\u00bb][vc_btn title=\u00bbBolet\u00edn 1&#8243; style=\u00bb3d\u00bb color=\u00bbpurple\u00bb link=\u00bburl:https%3A%2F%2Fconfesq.org%2Fwp-content%2Fuploads%2F2018%2F12%2FBOLETIN-1.pdf|title:Bolet%C3%ADn%201|target:%20_blank|\u00bb][vc_btn title=\u00bbBolet\u00edn 2&#8243; style=\u00bb3d\u00bb color=\u00bbpurple\u00bb link=\u00bburl:https%3A%2F%2Fconfesq.org%2Fwp-content%2Fuploads%2F2018%2F12%2FBOLETIN-2.pdf|title:Bolet%C3%ADn%202|target:%20_blank|\u00bb][vc_btn title=\u00bbBolet\u00edn 3&#8243; style=\u00bb3d\u00bb color=\u00bbpurple\u00bb link=\u00bburl:https%3A%2F%2Fconfesq.org%2Fwp-content%2Fuploads%2F2019%2F01%2F23-ENERO-2019-2.pdf|title:Bolet%C3%ADn%203|target:%20_blank|\u00bb][vc_empty_space][vc_column_text]<\/p>\n<p style=\"text-align: justify;\">Adem\u00e1s, tambi\u00e9n hemos elaborado un bolet\u00edn extraordinario sobre nuestro posicionamiento con respecto a la gu\u00eda publicada por el INSS el pasado 18 de enero en la que se definen las patolog\u00edas, forma de diagn\u00f3stico y evoluci\u00f3n y tratamiento de las enfermedades que representamos, as\u00ed como indicaciones sobre los plazos de incapacidad laboral y evaluaci\u00f3n de la misma. Siendo esta no beneficiosa para los pacientes de estas enfermedades y rechazada en su plenitud por nuestra Coalici\u00f3n, hemos elaborado un plan de actuaci\u00f3n que se recoge en el siguiente bolet\u00edn:<\/p>\n<p>[\/vc_column_text][vc_btn title=\u00bbBolet\u00edn INSS\u00bb style=\u00bb3d\u00bb color=\u00bbpurple\u00bb link=\u00bburl:https%3A%2F%2Fconfesq.org%2Fwp-content%2Fuploads%2F2019%2F04%2FEdici%C3%B3n-Extraordinaria-BOLET%C3%8DN-INFORMATIVO-CONFESQ-GUIA-INSS-2-1.pdf|title:Bolet%C3%ADn%20INSS|target:%20_blank|\u00bb][vc_column_text]Igualemente, hemos creado uno especial referente al d\u00eda 12 de mayo, D\u00eda Mundial de la Fibromialgia, S\u00edndrome de Fatiga Cr\u00f3nica\/Encefalomielitis Mi\u00e1lgica, Sensibilidad Qu\u00edmica M\u00faltiple y Electrohipersensibilidad:[\/vc_column_text][vc_btn title=\u00bbBolet\u00edn 12 mayo\u00bb style=\u00bb3d\u00bb color=\u00bbpurple\u00bb link=\u00bburl:https%3A%2F%2Fconfesq.org%2Fwp-content%2Fuploads%2F2019%2F05%2FBOLETIN-12-MAYO-19-4.pdf|title:Bolet%C3%ADn%20INSS|target:%20_blank|\u00bb][vc_empty_space][\/vc_column][\/vc_row]<\/p>\n<\/div>","protected":false},"excerpt":{"rendered":"<p>[vc_row css=\u00bb.vc_custom_1530698774481{margin-bottom: 0px !important;padding-bottom: 0px !important;}\u00bb el_class=\u00bbno-paddings\u00bb][vc_column][rev_slider_vc alias=\u00bbboletines\u00bb][\/vc_column][\/vc_row][vc_row full_width=\u00bbstretch_row_content\u00bb equal_height=\u00bbyes\u00bb css=\u00bb.vc_custom_1468838183811{margin-bottom: 0px !important;padding-bottom: 0px !important;}\u00bb el_class=\u00bbno-paddings\u00bb][vc_column css=\u00bb.vc_custom_1530698992229{padding-right: 65px !important;padding-left: 100px&#8230;<\/p>\n","protected":false},"author":2,"featured_media":0,"parent":0,"menu_order":0,"comment_status":"closed","ping_status":"closed","template":"","meta":{"footnotes":""},"class_list":["post-25802","page","type-page","status-publish"],"_links":{"self":[{"href":"https:\/\/confesq.org\/index.php?rest_route=\/wp\/v2\/pages\/25802","targetHints":{"allow":["GET"]}}],"collection":[{"href":"https:\/\/confesq.org\/index.php?rest_route=\/wp\/v2\/pages"}],"about":[{"href":"https:\/\/confesq.org\/index.php?rest_route=\/wp\/v2\/types\/page"}],"author":[{"embeddable":true,"href":"https:\/\/confesq.org\/index.php?rest_route=\/wp\/v2\/users\/2"}],"replies":[{"embeddable":true,"href":"https:\/\/confesq.org\/index.php?rest_route=%2Fwp%2Fv2%2Fcomments&post=25802"}],"version-history":[{"count":16,"href":"https:\/\/confesq.org\/index.php?rest_route=\/wp\/v2\/pages\/25802\/revisions"}],"predecessor-version":[{"id":26665,"href":"https:\/\/confesq.org\/index.php?rest_route=\/wp\/v2\/pages\/25802\/revisions\/26665"}],"wp:attachment":[{"href":"https:\/\/confesq.org\/index.php?rest_route=%2Fwp%2Fv2%2Fmedia&parent=25802"}],"curies":[{"name":"wp","href":"https:\/\/api.w.org\/{rel}","templated":true}]}}