{"id":25794,"date":"2018-12-03T11:13:12","date_gmt":"2018-12-03T11:13:12","guid":{"rendered":"http:\/\/confederacionssc.es\/?page_id=25794"},"modified":"2018-12-04T15:07:04","modified_gmt":"2018-12-04T15:07:04","slug":"meet-our-team-03-4-3-2","status":"publish","type":"page","link":"https:\/\/confesq.org\/?page_id=25794","title":{"rendered":"Publicaciones"},"content":{"rendered":"<div class=\"wpb-content-wrapper\"><p>[vc_row css=\u00bb.vc_custom_1530698774481{margin-bottom: 0px !important;padding-bottom: 0px !important;}\u00bb el_class=\u00bbno-paddings\u00bb][vc_column][rev_slider_vc alias=\u00bbpublicaciones\u00bb][\/vc_column][\/vc_row][vc_row full_width=\u00bbstretch_row_content\u00bb equal_height=\u00bbyes\u00bb css=\u00bb.vc_custom_1468838183811{margin-bottom: 0px !important;padding-bottom: 0px !important;}\u00bb el_class=\u00bbno-paddings\u00bb][vc_column css=\u00bb.vc_custom_1530698992229{padding-right: 65px !important;padding-left: 100px !important;background-color: #f0f3f2 !important;}\u00bb offset=\u00bbvc_col-lg-12 vc_col-md-1&#8243;][vc_text_separator title=\u00bbPUBLICACIONES\u00bb color=\u00bbcustom\u00bb css=\u00bb.vc_custom_1543836751981{background-color: rgba(234,234,234,0.02) !important;*background-color: rgb(234,234,234) !important;}\u00bb accent_color=\u00bb#b82551&#8243;][vc_column_text]En este apartado publicaremos documentos que contengan la informaci\u00f3n necesaria para facilitar los tr\u00e1mites y las gestiones a otras entidades as\u00ed como otros escritos interesantes, tanto para los afectados por FM, SFC\/EM, SQM o EHS como familiares o conocidos que quieran ayudarles a sobrellevarlas.<\/p>\n<p>Nuestra intenci\u00f3n es que las publicaciones aqu\u00ed mostradas sean de inter\u00e9s para nuestro p\u00fablico, ya que dedicaremos una secci\u00f3n para la divulgaci\u00f3n de art\u00edculos m\u00e9dicos relacionados con las enfermedades que a CONFESQ conciernen, como primer paso hacia el avance de una cura definitiva.<\/p>\n<p>En primer lugar, ya puedes acceder a los boletines informativos haciendo clic en el siguiente enlace:[\/vc_column_text][vc_empty_space height=\u00bb20px\u00bb][vc_empty_space height=\u00bb20px\u00bb][vc_btn title=\u00bbBoletines\u00bb style=\u00bb3d\u00bb color=\u00bbpurple\u00bb link=\u00bburl:https%3A%2F%2Fconfesq.org%2F%3Fpage_id%3D25802|title:Boletines|target:%20_blank|\u00bb][vc_empty_space][\/vc_column][\/vc_row]<\/p>\n<\/div>","protected":false},"excerpt":{"rendered":"<p>[vc_row css=\u00bb.vc_custom_1530698774481{margin-bottom: 0px !important;padding-bottom: 0px !important;}\u00bb el_class=\u00bbno-paddings\u00bb][vc_column][rev_slider_vc alias=\u00bbpublicaciones\u00bb][\/vc_column][\/vc_row][vc_row full_width=\u00bbstretch_row_content\u00bb equal_height=\u00bbyes\u00bb css=\u00bb.vc_custom_1468838183811{margin-bottom: 0px !important;padding-bottom: 0px !important;}\u00bb el_class=\u00bbno-paddings\u00bb][vc_column css=\u00bb.vc_custom_1530698992229{padding-right: 65px !important;padding-left: 100px&#8230;<\/p>\n","protected":false},"author":2,"featured_media":0,"parent":0,"menu_order":0,"comment_status":"closed","ping_status":"closed","template":"","meta":{"footnotes":""},"class_list":["post-25794","page","type-page","status-publish"],"_links":{"self":[{"href":"https:\/\/confesq.org\/index.php?rest_route=\/wp\/v2\/pages\/25794","targetHints":{"allow":["GET"]}}],"collection":[{"href":"https:\/\/confesq.org\/index.php?rest_route=\/wp\/v2\/pages"}],"about":[{"href":"https:\/\/confesq.org\/index.php?rest_route=\/wp\/v2\/types\/page"}],"author":[{"embeddable":true,"href":"https:\/\/confesq.org\/index.php?rest_route=\/wp\/v2\/users\/2"}],"replies":[{"embeddable":true,"href":"https:\/\/confesq.org\/index.php?rest_route=%2Fwp%2Fv2%2Fcomments&post=25794"}],"version-history":[{"count":6,"href":"https:\/\/confesq.org\/index.php?rest_route=\/wp\/v2\/pages\/25794\/revisions"}],"predecessor-version":[{"id":25808,"href":"https:\/\/confesq.org\/index.php?rest_route=\/wp\/v2\/pages\/25794\/revisions\/25808"}],"wp:attachment":[{"href":"https:\/\/confesq.org\/index.php?rest_route=%2Fwp%2Fv2%2Fmedia&parent=25794"}],"curies":[{"name":"wp","href":"https:\/\/api.w.org\/{rel}","templated":true}]}}