{"id":25715,"date":"2018-11-23T12:40:50","date_gmt":"2018-11-23T12:40:50","guid":{"rendered":"http:\/\/confederacionssc.es\/?page_id=25715"},"modified":"2020-01-20T12:15:59","modified_gmt":"2020-01-20T12:15:59","slug":"meet-our-team-03-4-5-2","status":"publish","type":"page","link":"https:\/\/confesq.org\/?page_id=25715","title":{"rendered":"Protocolo educativo"},"content":{"rendered":"<div class=\"wpb-content-wrapper\"><p>[vc_row css=\u00bb.vc_custom_1530698774481{margin-bottom: 0px !important;padding-bottom: 0px !important;}\u00bb el_class=\u00bbno-paddings\u00bb][vc_column]\n\t\t\t<!-- START protocolo educativo REVOLUTION SLIDER 6.7.38 --><p class=\"rs-p-wp-fix\"><\/p>\n\t\t\t<rs-module-wrap id=\"rev_slider_31_1_wrapper\" data-source=\"gallery\" style=\"visibility:hidden;background:transparent;padding:0;margin:0px auto;margin-top:0;margin-bottom:0;\">\n\t\t\t\t<rs-module id=\"rev_slider_31_1\" style=\"\" data-version=\"6.7.38\">\n\t\t\t\t\t<rs-slides style=\"overflow: hidden; position: absolute;\">\n\t\t\t\t\t\t<rs-slide style=\"position: absolute;\" data-key=\"rs-66\" data-title=\"Slide\" data-anim=\"adpr:false;\" data-in=\"o:0;\" data-out=\"a:false;\">\n\t\t\t\t\t\t\t<img src=\"\/\/confesq.org\/wp-content\/plugins\/revslider\/sr6\/assets\/assets\/dummy.png\" alt=\"\" title=\"912312321 (Demo)\" width=\"1320\" height=\"1168\" class=\"rev-slidebg tp-rs-img rs-lazyload\" data-lazyload=\"\/\/confesq.org\/wp-content\/uploads\/2017\/08\/9.jpg\" data-no-retina>\n<!--\n\t\t\t\t\t\t\t--><rs-layer\n\t\t\t\t\t\t\t\tid=\"slider-31-slide-66-layer-1\" \n\t\t\t\t\t\t\t\tdata-type=\"text\"\n\t\t\t\t\t\t\t\tdata-color=\"#000000\"\n\t\t\t\t\t\t\t\tdata-rsp_ch=\"on\"\n\t\t\t\t\t\t\t\tdata-xy=\"x:c;y:c;\"\n\t\t\t\t\t\t\t\tdata-text=\"s:60;l:22;fw:700;a:inherit;\"\n\t\t\t\t\t\t\t\tdata-frame_0=\"x:-50px;\"\n\t\t\t\t\t\t\t\tdata-frame_999=\"o:0;st:8999.9996948242;sp:290;sR:8699.9996948242;\"\n\t\t\t\t\t\t\t\tstyle=\"z-index:5;font-family:'Open Sans';\"\n\t\t\t\t\t\t\t>PROTOCOLO EDUCATIVO \n\t\t\t\t\t\t\t<\/rs-layer><!--\n-->\t\t\t\t\t<\/rs-slide>\n\t\t\t\t\t<\/rs-slides>\n\t\t\t\t<\/rs-module>\n\t\t\t\t<script>\n\t\t\t\t\tsetREVStartSize({c: 'rev_slider_31_1',rl:[1240,1024,778,480],el:[868],gw:[1240],gh:[868],type:'standard',justify:'',layout:'fullwidth',mh:\"0\"});if (window.RS_MODULES!==undefined && window.RS_MODULES.modules!==undefined && window.RS_MODULES.modules[\"revslider311\"]!==undefined) {window.RS_MODULES.modules[\"revslider311\"].once = false;window.revapi31 = undefined;if (window.RS_MODULES.checkMinimal!==undefined) window.RS_MODULES.checkMinimal()}\n\t\t\t\t<\/script>\n\t\t\t<\/rs-module-wrap>\n\t\t\t<!-- END REVOLUTION SLIDER -->\n[\/vc_column][\/vc_row][vc_row full_width=\u00bbstretch_row_content\u00bb equal_height=\u00bbyes\u00bb css=\u00bb.vc_custom_1468838183811{margin-bottom: 0px !important;padding-bottom: 0px !important;}\u00bb el_class=\u00bbno-paddings\u00bb][vc_column css=\u00bb.vc_custom_1530698992229{padding-right: 65px !important;padding-left: 100px !important;background-color: #f0f3f2 !important;}\u00bb offset=\u00bbvc_col-lg-12 vc_col-md-1&#8243;][vc_text_separator title=\u00bbPROTOCOLO EDUCATIVO\u00bb color=\u00bbcustom\u00bb css=\u00bb.vc_custom_1542978385359{background-color: rgba(234,234,234,0.02) !important;*background-color: rgb(234,234,234) !important;}\u00bb accent_color=\u00bb#b82551&#8243;][vc_column_text]<\/p>\n<p style=\"text-align: justify;\">La incidencia de la salud en la ense\u00f1anza es muy relevante, y m\u00e1s a\u00fan en los ni\u00f1os con enfermedades como FM, SFC\/EM, SQM o EHS. Desde CONFESQ trabajamos para mejorar su calidad de vida e\u00a0intentar garantizar la continuidad del proceso educativo, tanto en la etapa obligatoria como la que no.<\/p>\n<p style=\"text-align: justify;\">La escolarizaci\u00f3n obligatoria es la etapa m\u00e1s olvidada por las administraciones, condenando a estos ni\u00f1os y adolescentes a una falta de perspectiva de futuro. Sus s\u00edntomas provocan una ausencia escolar, ya que no pueden seguir el ritmo de vida de sus compa\u00f1eros, que afecta a sus estados acad\u00e9micos, sociales, emocionales&#8230; Adem\u00e1s, en los casos de SQM o EHS el mismo centro puede suponer un riesgo para la salud de los mismos.<\/p>\n<p style=\"text-align: justify;\">Para evitarlo, proponemos un nuevo proyecto educativo adaptado a cada necesidad. Para ello es necesario conocer las limitaciones espec\u00edficas de cada uno de ellos.<\/p>\n<p style=\"text-align: justify;\">El nuevo protocolo consiste en la elaboraci\u00f3n de una gu\u00eda online que recoja:<\/p>\n<p>[\/vc_column_text][vc_empty_space height=\u00bb16px\u00bb]<div class=\"gem-icon-with-text gem-icon-with-text-icon-size-small\" ><div style=\"margin-bottom:0px;margin-top:0px; \" class=\"gem-icon-with-text-icon\"><div class=\"gem-icon gem-icon-pack-elegant gem-icon-size-small  gem-icon-shape-square gem-simple-icon \"  style=\"opacity: 1;\"><div class=\"gem-icon-inner\" style=\"\"><span class=\"gem-icon-half-1\" style=\"color: #b82551;\"><span class=\"back-angle\">&#xe04a;<\/span><\/span><span class=\"gem-icon-half-2\" style=\"color: #b82551;\"><span class=\"back-angle\">&#xe04a;<\/span><\/span><\/div><\/div><\/div><div class=\"gem-icon-with-text-content\" ><div class=\"gem-icon-with-text-text\">[vc_column_text]<\/p>\n<h5>INFORMACI\u00d3N SOBRE LAS ENFERMEDADES:<\/h5>\n<ul>\n<li>FM<\/li>\n<li>SFC\/EM<\/li>\n<li>SQM<\/li>\n<li>EHS<\/li>\n<\/ul>\n<p>[\/vc_column_text]<\/div><\/div><div class=\"clearboth\"><\/div><\/div><div class=\"gem-icon-with-text gem-icon-with-text-icon-size-small\" ><div style=\"margin-bottom:0px;margin-top:0px; \" class=\"gem-icon-with-text-icon\"><div class=\"gem-icon gem-icon-pack-elegant gem-icon-size-small  gem-icon-shape-square gem-simple-icon \"  style=\"opacity: 1;\"><div class=\"gem-icon-inner\" style=\"\"><span class=\"gem-icon-half-1\" style=\"color: #b82551;\"><span class=\"back-angle\">&#xe04a;<\/span><\/span><span class=\"gem-icon-half-2\" style=\"color: #b82551;\"><span class=\"back-angle\">&#xe04a;<\/span><\/span><\/div><\/div><\/div><div class=\"gem-icon-with-text-content\" ><div class=\"gem-icon-with-text-text\">[vc_column_text]<\/p>\n<h5>RECOMENDACIONES SOBRE:<\/h5>\n<ul>\n<li>Necesidades espec\u00edficas de apoyo educativo.<\/li>\n<li>C\u00f3mo evitar que la enfermedad les afecte en el desarrollo de su vida acad\u00e9mica.<\/li>\n<li>Pauta de c\u00f3mo actuar en diferentes situaciones.<\/li>\n<\/ul>\n<p>[\/vc_column_text]<\/div><\/div><div class=\"clearboth\"><\/div><\/div>[vc_column_text]Todo se realizar\u00e1 con el asesoramiento de m\u00e9dicos especialistas en las cuatro enfermedades acompa\u00f1ados de psic\u00f3logos y pedagogos y recoger\u00e1 la singularidad educativa de cada Comunidad Aut\u00f3noma.[\/vc_column_text]<div class=\"gem-icon-with-text gem-icon-with-text-icon-size-small\" ><div style=\"margin-bottom:0px;margin-top:0px; \" class=\"gem-icon-with-text-icon\"><div class=\"gem-icon gem-icon-pack-elegant gem-icon-size-small  gem-icon-shape-square gem-simple-icon \"  style=\"opacity: 1;\"><div class=\"gem-icon-inner\" style=\"\"><span class=\"gem-icon-half-1\" style=\"color: #b82551;\"><span class=\"back-angle\">&#xe04a;<\/span><\/span><span class=\"gem-icon-half-2\" style=\"color: #b82551;\"><span class=\"back-angle\">&#xe04a;<\/span><\/span><\/div><\/div><\/div><div class=\"gem-icon-with-text-content\" ><div class=\"gem-icon-with-text-text\">[vc_column_text]<\/p>\n<h5>OBJETIVO PRINCIPAL<\/h5>\n<p>DIFUSI\u00d3N Y SESIBILIZACI\u00d3N DE LAS NEE DE LOS NI\u00d1OS\/AS CON ESTAS PATOLOG\u00cdAS.[\/vc_column_text]<\/div><\/div><div class=\"clearboth\"><\/div><\/div><div class=\"gem-icon-with-text gem-icon-with-text-icon-size-small\" ><div style=\"margin-bottom:0px;margin-top:0px; \" class=\"gem-icon-with-text-icon\"><div class=\"gem-icon gem-icon-pack-elegant gem-icon-size-small  gem-icon-shape-square gem-simple-icon \"  style=\"opacity: 1;\"><div class=\"gem-icon-inner\" style=\"\"><span class=\"gem-icon-half-1\" style=\"color: #b82551;\"><span class=\"back-angle\">&#xe04a;<\/span><\/span><span class=\"gem-icon-half-2\" style=\"color: #b82551;\"><span class=\"back-angle\">&#xe04a;<\/span><\/span><\/div><\/div><\/div><div class=\"gem-icon-with-text-content\" ><div class=\"gem-icon-with-text-text\">[vc_column_text]<\/p>\n<h5>OBJETIVOS SECUNDARIOS<\/h5>\n<ul>\n<li>Que disminuya el tiempo de respuesta a las NEE de estos ni\u00f1os\/as.<\/li>\n<li>Garantizar la continuidad educativa para estos ni\u00f1os\/as, en los que la enfermedad cursa con brotes.<\/li>\n<\/ul>\n<p>[\/vc_column_text]<\/div><\/div><div class=\"clearboth\"><\/div><\/div>[vc_column_text]Hasta d\u00eda de hoy, hemos obtenido los siguientes resultados:<\/p>\n<ul>\n<li>El 15% de las CC.AA. se presentan a favor de implantar el nuevo protocolo educativo.<\/li>\n<li>El 30% de los centros educativos lo reciben y muestran una opini\u00f3n favorable.<\/li>\n<li>El 40% del profesorado afirma que podr\u00edan seguirlo.<\/li>\n<\/ul>\n<p>No obstante, se prevee un periodo de implantaci\u00f3n aproximados en las CC.AA. de 2-4 a\u00f1os.<\/p>\n<p>Para seguir avanzando con dicho proyecto, hemos realizado una encuesta que te invitamos rellenar con la intenci\u00f3n de poder seguir analizando e interpretando datos que nos ayuden a enfocar de una forma m\u00e1s adecuada su implantaci\u00f3n.<\/p>\n<p>Acceder a la encuesta es muy sencillo, \u00fanicamente debes hacer clic en el bot\u00f3n que aparece abajo:[\/vc_column_text][vc_empty_space height=\u00bb20px\u00bb][vc_empty_space height=\u00bb20px\u00bb][vc_btn title=\u00bbENCUESTA\u00bb style=\u00bb3d\u00bb color=\u00bbpurple\u00bb align=\u00bbcenter\u00bb link=\u00bburl:https%3A%2F%2Fdocs.google.com%2Fforms%2Fd%2Fe%2F1FAIpQLSc7hpSae9e_bIr8NOg6Eeo3beOHOA9tZVrv84x_0FjHfjbfMA%2Fviewform%3Fusp%3Dsf_link|title:ENCUESTA|target:%20_blank|\u00bb][vc_column_text]Igualmente, queremos compartir contigo estas publicaciones cient\u00edficas sobre c\u00f3mo afectan estas enfermedades a los ni\u00f1os\/as y adolescentes y sobre su adaptaci\u00f3n en los centros educativos, que muestran la necesidad de un cambio a mejor en este \u00e1mbito.<\/p>\n<p><strong>\u00a0<\/strong>[\/vc_column_text][vc_tta_accordion][vc_tta_section title=\u00bbENFERMEDADES\u00bb tab_id=\u00bb1547417074006-0ad1cdbd-7934&#8243;][vc_column_text]<a href=\"https:\/\/confesq.org\/wp-content\/uploads\/2019\/01\/DIAGNOSTICO-Y-MANEJO-PEDIATRICO_ESPA\u00d1OL_RESUMEN.pdf\" target=\"_blank\" rel=\"noopener\">DIAGN\u00d3STICO Y MANEJO PEDI\u00c1TRICO- SFC\/EM<\/a><\/p>\n<p><a href=\"https:\/\/confesq.org\/wp-content\/uploads\/2019\/01\/calidad-de-vida.pdf\" target=\"_blank\" rel=\"noopener\">CALIDAD DE VIDA Y SFC\/EM<\/a><\/p>\n<p>&nbsp;<\/p>\n<p>&nbsp;[\/vc_column_text][\/vc_tta_section][vc_tta_section title=\u00bbEDUCACI\u00d3N\u00bb tab_id=\u00bb1547417074007-b6bb8e3e-f014&#8243;][vc_column_text]<a href=\"https:\/\/confesq.org\/wp-content\/uploads\/2019\/01\/SFC_EM-EN-NI\u00d1OS-Y-ADOLESCENTES.pdf\" target=\"_blank\" rel=\"noopener\">SFC\/EM EN NI\u00d1OS\/AS Y ADOLESCENTES<\/a><\/p>\n<p><a href=\"https:\/\/confesq.org\/wp-content\/uploads\/2019\/01\/impacto-escolar_sfc.pdf\" target=\"_blank\" rel=\"noopener\">IMPACTO ESCOLAR Y EL SFC\/EM<\/a><\/p>\n<p>&nbsp;[\/vc_column_text][\/vc_tta_section][\/vc_tta_accordion][vc_column_text]Adem\u00e1s, hemos confeccionado una gu\u00eda diferenciando enfermedades tan graves como la Fibromialgia y el S\u00edndrome de Fatiga Cr\u00f3nica\/EM con sus caracter\u00edsticas y adaptaciones. Puedes acceder a ella a trav\u00e9s del enlace que se muestra a continuaci\u00f3n, pero te recordamos que la edici\u00f3n completa solo est\u00e1 disponible para los asociados a la Coalici\u00f3n.[\/vc_column_text][vc_btn title=\u00bbGU\u00cdA- PROTOCOLO EDUCATIVO\u00bb style=\u00bb3d\u00bb color=\u00bbpurple\u00bb align=\u00bbcenter\u00bb link=\u00bburl:https%3A%2F%2Fconfesq.org%2Fwp-content%2Fuploads%2F2019%2F01%2FGu%C3%ADa-Protocolo-Educativo-alumnos-_-2018-Resumen.pdf|title:GU%C3%8DA-%20PROTOCOLO%20EDUCATIVO|target:%20_blank|\u00bb][vc_column_text]Puedes encontrar m\u00e1s informaci\u00f3n sobre el proyecto en los siguientes documentos:[\/vc_column_text]<div class=\"gem-icon-with-text gem-icon-with-text-icon-size-small\" ><div style=\"margin-bottom:0px;margin-top:0px; \" class=\"gem-icon-with-text-icon\"><div class=\"gem-icon gem-icon-pack-elegant gem-icon-size-small  gem-icon-shape-square gem-simple-icon \"  style=\"opacity: 1;\"><div class=\"gem-icon-inner\" style=\"\"><span class=\"gem-icon-half-1\" style=\"color: #b82551;\"><span class=\"back-angle\">&#xe04a;<\/span><\/span><span class=\"gem-icon-half-2\" style=\"color: #b82551;\"><span class=\"back-angle\">&#xe04a;<\/span><\/span><\/div><\/div><\/div><div class=\"gem-icon-with-text-content\" ><div class=\"gem-icon-with-text-text\">[vc_column_text]<a href=\"https:\/\/confesq.org\/wp-content\/uploads\/2019\/07\/PROTOCOLO-EDUCATIVO-MEMORIA-ACTUACION-Anexo-XII-_M\u00aa-Jose.pdf\" target=\"_blank\" rel=\"noopener\"><span style=\"text-decoration: underline;\">MEMORIA DE ACTUACI\u00d3N PROTOCOLO EDUCATIVO<\/span><\/a>[\/vc_column_text]<\/div><\/div><div class=\"clearboth\"><\/div><\/div><div class=\"gem-icon-with-text gem-icon-with-text-icon-size-small\" ><div style=\"margin-bottom:0px;margin-top:0px; \" class=\"gem-icon-with-text-icon\"><div class=\"gem-icon gem-icon-pack-elegant gem-icon-size-small  gem-icon-shape-square gem-simple-icon \"  style=\"opacity: 1;\"><div class=\"gem-icon-inner\" style=\"\"><span class=\"gem-icon-half-1\" style=\"color: #b82551;\"><span class=\"back-angle\">&#xe04a;<\/span><\/span><span class=\"gem-icon-half-2\" style=\"color: #b82551;\"><span class=\"back-angle\">&#xe04a;<\/span><\/span><\/div><\/div><\/div><div class=\"gem-icon-with-text-content\" ><div class=\"gem-icon-with-text-text\">[vc_column_text]<span style=\"text-decoration: underline;\"><a href=\"https:\/\/confesq.org\/wp-content\/uploads\/2020\/01\/Folleto-Campa\u00f1a-Contaminaci\u00f3n-Electromagn\u00e9tica-x-NI\u00d1OS.pdf\" target=\"_blank\" rel=\"noopener\">FOLLETO CAMPA\u00d1A CONTAMINACI\u00d3N ELECTROMAGN\u00c9TICA<\/a><\/span>[\/vc_column_text]<\/div><\/div><div class=\"clearboth\"><\/div><\/div><div class=\"gem-icon-with-text gem-icon-with-text-icon-size-small\" ><div style=\"margin-bottom:0px;margin-top:0px; \" class=\"gem-icon-with-text-icon\"><div class=\"gem-icon gem-icon-pack-elegant gem-icon-size-small  gem-icon-shape-square gem-simple-icon \"  style=\"opacity: 1;\"><div class=\"gem-icon-inner\" style=\"\"><span class=\"gem-icon-half-1\" style=\"color: #b82551;\"><span class=\"back-angle\">&#xe04a;<\/span><\/span><span class=\"gem-icon-half-2\" style=\"color: #b82551;\"><span class=\"back-angle\">&#xe04a;<\/span><\/span><\/div><\/div><\/div><div class=\"gem-icon-with-text-content\" ><div class=\"gem-icon-with-text-text\">[vc_column_text]<a href=\"https:\/\/confesq.org\/wp-content\/uploads\/2020\/01\/TRIPTICO-ESCUELA-SALUDABLE-PECCEM.pdf\" target=\"_blank\" rel=\"noopener\"><span style=\"text-decoration: underline;\">TR\u00cdPTICO ESCUELA SALUDABLE<\/span><\/a>[\/vc_column_text]<\/div><\/div><div class=\"clearboth\"><\/div><\/div><div class=\"gem-icon-with-text gem-icon-with-text-icon-size-small\" ><div style=\"margin-bottom:0px;margin-top:0px; \" class=\"gem-icon-with-text-icon\"><div class=\"gem-icon gem-icon-pack-elegant gem-icon-size-small  gem-icon-shape-square gem-simple-icon \"  style=\"opacity: 1;\"><div class=\"gem-icon-inner\" style=\"\"><span class=\"gem-icon-half-1\" style=\"color: #b82551;\"><span class=\"back-angle\">&#xe04a;<\/span><\/span><span class=\"gem-icon-half-2\" style=\"color: #b82551;\"><span class=\"back-angle\">&#xe04a;<\/span><\/span><\/div><\/div><\/div><div class=\"gem-icon-with-text-content\" ><div class=\"gem-icon-with-text-text\">[vc_column_text]<a href=\"https:\/\/confesq.org\/wp-content\/uploads\/2020\/01\/Servicio-de-soporte-y-apoyo-al-alumnado-con-discapacidad.pdf\" target=\"_blank\" rel=\"noopener\"><span style=\"text-decoration: underline;\">SERVICIO DE SOPORTE Y APOYO AL ALUMNADO<\/span><\/a>[\/vc_column_text]<\/div><\/div><div class=\"clearboth\"><\/div><\/div><div class=\"gem-icon-with-text gem-icon-with-text-icon-size-small\" ><div style=\"margin-bottom:0px;margin-top:0px; \" class=\"gem-icon-with-text-icon\"><div class=\"gem-icon gem-icon-pack-elegant gem-icon-size-small  gem-icon-shape-square gem-simple-icon \"  style=\"opacity: 1;\"><div class=\"gem-icon-inner\" style=\"\"><span class=\"gem-icon-half-1\" style=\"color: #b82551;\"><span class=\"back-angle\">&#xe04a;<\/span><\/span><span class=\"gem-icon-half-2\" style=\"color: #b82551;\"><span class=\"back-angle\">&#xe04a;<\/span><\/span><\/div><\/div><\/div><div class=\"gem-icon-with-text-content\" ><div class=\"gem-icon-with-text-text\">[vc_column_text]<a href=\"https:\/\/confesq.org\/wp-content\/uploads\/2020\/01\/PROTOCOLO-EDUCATIVO-FM-Y-SFC.pdf\" target=\"_blank\" rel=\"noopener\"><span style=\"text-decoration: underline;\">PROTOCOLO EDUCATIVO FM Y SFC<\/span><\/a>[\/vc_column_text]<\/div><\/div><div class=\"clearboth\"><\/div><\/div><div class=\"gem-icon-with-text gem-icon-with-text-icon-size-small\" ><div style=\"margin-bottom:0px;margin-top:0px; \" class=\"gem-icon-with-text-icon\"><div class=\"gem-icon gem-icon-pack-elegant gem-icon-size-small  gem-icon-shape-square gem-simple-icon \"  style=\"opacity: 1;\"><div class=\"gem-icon-inner\" style=\"\"><span class=\"gem-icon-half-1\" style=\"color: #b82551;\"><span class=\"back-angle\">&#xe04a;<\/span><\/span><span class=\"gem-icon-half-2\" style=\"color: #b82551;\"><span class=\"back-angle\">&#xe04a;<\/span><\/span><\/div><\/div><\/div><div class=\"gem-icon-with-text-content\" ><div class=\"gem-icon-with-text-text\">[vc_column_text]<a href=\"https:\/\/confesq.org\/wp-content\/uploads\/2020\/01\/PROTOCOLO-EDUCATIVO-EHS-y-SQM.pdf\" target=\"_blank\" rel=\"noopener\"><span style=\"text-decoration: underline;\">PROTOCOLO EDUCATIVO SQM Y EHS<\/span><\/a>[\/vc_column_text]<\/div><\/div><div class=\"clearboth\"><\/div><\/div><div class=\"gem-icon-with-text gem-icon-with-text-icon-size-small\" ><div style=\"margin-bottom:0px;margin-top:0px; \" class=\"gem-icon-with-text-icon\"><div class=\"gem-icon gem-icon-pack-elegant gem-icon-size-small  gem-icon-shape-square gem-simple-icon \"  style=\"opacity: 1;\"><div class=\"gem-icon-inner\" style=\"\"><span class=\"gem-icon-half-1\" style=\"color: #b82551;\"><span class=\"back-angle\">&#xe04a;<\/span><\/span><span class=\"gem-icon-half-2\" style=\"color: #b82551;\"><span class=\"back-angle\">&#xe04a;<\/span><\/span><\/div><\/div><\/div><div class=\"gem-icon-with-text-content\" ><div class=\"gem-icon-with-text-text\">[vc_column_text]<a href=\"https:\/\/confesq.org\/wp-content\/uploads\/2020\/01\/Servicio-de-soporte-y-apoyo-al-alumnado-con-discapacidad.pdf\" target=\"_blank\" rel=\"noopener\"><span style=\"text-decoration: underline;\">SERVICIO DE SOPORTE Y APOYO AL ALUMNADO<\/span><\/a>[\/vc_column_text][vc_empty_space]<\/div><\/div><div class=\"clearboth\"><\/div><\/div>[\/vc_column][\/vc_row]<\/p>\n<\/div>","protected":false},"excerpt":{"rendered":"<p>[vc_row css=\u00bb.vc_custom_1530698774481{margin-bottom: 0px !important;padding-bottom: 0px !important;}\u00bb el_class=\u00bbno-paddings\u00bb][vc_column][\/vc_column][\/vc_row][vc_row full_width=\u00bbstretch_row_content\u00bb equal_height=\u00bbyes\u00bb css=\u00bb.vc_custom_1468838183811{margin-bottom: 0px !important;padding-bottom: 0px !important;}\u00bb el_class=\u00bbno-paddings\u00bb][vc_column css=\u00bb.vc_custom_1530698992229{padding-right: 65px !important;padding-left: 100px !important;background-color:&#8230;<\/p>\n","protected":false},"author":2,"featured_media":0,"parent":0,"menu_order":0,"comment_status":"closed","ping_status":"closed","template":"","meta":{"footnotes":""},"class_list":["post-25715","page","type-page","status-publish"],"_links":{"self":[{"href":"https:\/\/confesq.org\/index.php?rest_route=\/wp\/v2\/pages\/25715","targetHints":{"allow":["GET"]}}],"collection":[{"href":"https:\/\/confesq.org\/index.php?rest_route=\/wp\/v2\/pages"}],"about":[{"href":"https:\/\/confesq.org\/index.php?rest_route=\/wp\/v2\/types\/page"}],"author":[{"embeddable":true,"href":"https:\/\/confesq.org\/index.php?rest_route=\/wp\/v2\/users\/2"}],"replies":[{"embeddable":true,"href":"https:\/\/confesq.org\/index.php?rest_route=%2Fwp%2Fv2%2Fcomments&post=25715"}],"version-history":[{"count":13,"href":"https:\/\/confesq.org\/index.php?rest_route=\/wp\/v2\/pages\/25715\/revisions"}],"predecessor-version":[{"id":26818,"href":"https:\/\/confesq.org\/index.php?rest_route=\/wp\/v2\/pages\/25715\/revisions\/26818"}],"wp:attachment":[{"href":"https:\/\/confesq.org\/index.php?rest_route=%2Fwp%2Fv2%2Fmedia&parent=25715"}],"curies":[{"name":"wp","href":"https:\/\/api.w.org\/{rel}","templated":true}]}}