{"id":25685,"date":"2018-11-23T10:24:47","date_gmt":"2018-11-23T10:24:47","guid":{"rendered":"http:\/\/confederacionssc.es\/?page_id=25685"},"modified":"2021-07-08T11:49:10","modified_gmt":"2021-07-08T11:49:10","slug":"meet-our-team-03-3-2-2","status":"publish","type":"page","link":"https:\/\/confesq.org\/?page_id=25685","title":{"rendered":"Entidades a las que pertenecemos"},"content":{"rendered":"<div class=\"wpb-content-wrapper\"><p>[vc_row css=\u00bb.vc_custom_1530698774481{margin-bottom: 0px !important;padding-bottom: 0px !important;}\u00bb el_class=\u00bbno-paddings\u00bb][vc_column]\n\t\t\t<!-- START pertenecemos REVOLUTION SLIDER 6.7.38 --><p class=\"rs-p-wp-fix\"><\/p>\n\t\t\t<rs-module-wrap id=\"rev_slider_29_1_wrapper\" data-source=\"gallery\" style=\"visibility:hidden;background:transparent;padding:0;margin:0px auto;margin-top:0;margin-bottom:0;\">\n\t\t\t\t<rs-module id=\"rev_slider_29_1\" style=\"\" data-version=\"6.7.38\">\n\t\t\t\t\t<rs-slides style=\"overflow: hidden; position: absolute;\">\n\t\t\t\t\t\t<rs-slide style=\"position: absolute;\" data-key=\"rs-64\" data-title=\"Slide\" data-anim=\"adpr:false;\" data-in=\"o:0;\" data-out=\"a:false;\">\n\t\t\t\t\t\t\t<img src=\"\/\/confesq.org\/wp-content\/plugins\/revslider\/sr6\/assets\/assets\/dummy.png\" alt=\"\" title=\"1232136 (Demo)\" width=\"1296\" height=\"1124\" class=\"rev-slidebg tp-rs-img rs-lazyload\" data-lazyload=\"\/\/confesq.org\/wp-content\/uploads\/2016\/02\/6-5.jpg\" data-no-retina>\n<!--\n\t\t\t\t\t\t\t--><rs-layer\n\t\t\t\t\t\t\t\tid=\"slider-29-slide-64-layer-1\" \n\t\t\t\t\t\t\t\tdata-type=\"text\"\n\t\t\t\t\t\t\t\tdata-color=\"#000000\"\n\t\t\t\t\t\t\t\tdata-rsp_ch=\"on\"\n\t\t\t\t\t\t\t\tdata-xy=\"x:c;y:c;\"\n\t\t\t\t\t\t\t\tdata-text=\"s:50;l:22;fw:700;a:inherit;\"\n\t\t\t\t\t\t\t\tdata-frame_0=\"o:1;\"\n\t\t\t\t\t\t\t\tdata-frame_0_chars=\"d:10;x:-50px;o:0;\"\n\t\t\t\t\t\t\t\tdata-frame_1=\"e:power4.inOut;sp:2000;\"\n\t\t\t\t\t\t\t\tdata-frame_1_chars=\"d:10;\"\n\t\t\t\t\t\t\t\tdata-frame_999=\"o:0;st:w;sR:4300;\"\n\t\t\t\t\t\t\t\tstyle=\"z-index:5;font-family:'Open Sans';\"\n\t\t\t\t\t\t\t>ENTIDADES A LAS QUE PERTENECEMOS \n\t\t\t\t\t\t\t<\/rs-layer><!--\n-->\t\t\t\t\t<\/rs-slide>\n\t\t\t\t\t<\/rs-slides>\n\t\t\t\t<\/rs-module>\n\t\t\t\t<script>\n\t\t\t\t\tsetREVStartSize({c: 'rev_slider_29_1',rl:[1240,1024,778,480],el:[868],gw:[1240],gh:[868],type:'standard',justify:'',layout:'fullwidth',mh:\"0\"});if (window.RS_MODULES!==undefined && window.RS_MODULES.modules!==undefined && window.RS_MODULES.modules[\"revslider291\"]!==undefined) {window.RS_MODULES.modules[\"revslider291\"].once = false;window.revapi29 = undefined;if (window.RS_MODULES.checkMinimal!==undefined) window.RS_MODULES.checkMinimal()}\n\t\t\t\t<\/script>\n\t\t\t<\/rs-module-wrap>\n\t\t\t<!-- END REVOLUTION SLIDER -->\n[\/vc_column][\/vc_row][vc_row full_width=\u00bbstretch_row_content\u00bb equal_height=\u00bbyes\u00bb css=\u00bb.vc_custom_1468838183811{margin-bottom: 0px !important;padding-bottom: 0px !important;}\u00bb el_class=\u00bbno-paddings\u00bb][vc_column width=\u00bb1\/3&#8243; css=\u00bb.vc_custom_1530698992229{padding-right: 65px !important;padding-left: 100px !important;background-color: #f0f3f2 !important;}\u00bb offset=\u00bbvc_col-lg-12 vc_col-md-1&#8243;]<div class=\"clearboth\"><\/div><style>#thegem-divider-69db47d986a28 {margin-top: 32px !important;}<\/style><div id=\"thegem-divider-69db47d986a28\" class=\"gem-divider  \" style=\"\" ><\/div>[vc_column_text]<\/p>\n<div class=\"title-h2\"><span class=\"light\" style=\"color: #3c3950;\">ESTAS SON LAS ENTIDADES A LAS QUE PERTENECEMOS<\/span><\/div>\n<p>[\/vc_column_text][vc_column_text]<\/p>\n<div class=\"styled-subtitle\">Formamos parte de varias instituciones tanto a nivel nacional como internacional:<\/div>\n<p>[\/vc_column_text]<div class=\"gem-icon-with-text gem-icon-with-text-icon-size-small\" ><div style=\"margin-bottom:0px;margin-top:0px; \" class=\"gem-icon-with-text-icon\"><div class=\"gem-icon gem-icon-pack-elegant gem-icon-size-small  gem-icon-shape-square gem-simple-icon \"  style=\"opacity: 1;\"><div class=\"gem-icon-inner\" style=\"\"><span class=\"gem-icon-half-1\" style=\"color: #b82551;\"><span class=\"back-angle\">&#xe04a;<\/span><\/span><span class=\"gem-icon-half-2\" style=\"color: #b82551;\"><span class=\"back-angle\">&#xe04a;<\/span><\/span><\/div><\/div><\/div><div class=\"gem-icon-with-text-content\" ><div class=\"gem-icon-with-text-text\">[vc_column_text]<\/p>\n<h5>NACIONALES<\/h5>\n<p>[\/vc_column_text]<\/div><\/div><div class=\"clearboth\"><\/div><\/div>[vc_row_inner][vc_column_inner width=\u00bb1\/2&#8243;][vc_column_text css=\u00bb.vc_custom_1542972315530{padding-top: 20px !important;padding-right: 20px !important;padding-bottom: 20px !important;padding-left: 20px !important;background-color: #ffffff !important;}\u00bb]<\/p>\n<h4><\/h4>\n<h4 style=\"text-align: center;\"><a href=\"https:\/\/confesq.org\/?page_id=25676\" target=\"_blank\" rel=\"noopener\"><img class=\"alignnone size-full wp-image-25196\" src=\"https:\/\/confesq.org\/wp-content\/uploads\/2018\/07\/B\u00e1sica-principal-tricolor-altacpoia-3.jpg\" alt=\"\" width=\"146\" height=\"134\" \/><\/a><\/h4>\n<h5 style=\"text-align: center;\"><a href=\"https:\/\/confesq.org\/?page_id=25676\" target=\"_blank\" rel=\"noopener\"><strong>COCEMFE ESTATAL, CONFEDERACI\u00d3N ESPA\u00d1OLA DE PERSONAS CON DISCAPACIDAD F\u00cdSICA Y ORG\u00c1NICA<\/strong><\/a><\/h5>\n<p>[\/vc_column_text][\/vc_column_inner][vc_column_inner width=\u00bb1\/2&#8243;][vc_column_text css=\u00bb.vc_custom_1542972330967{padding-top: 20px !important;padding-right: 20px !important;padding-bottom: 20px !important;padding-left: 20px !important;background-color: #ffffff !important;}\u00bb]<\/p>\n<h4 style=\"text-align: center;\"><a href=\"https:\/\/confesq.org\/?page_id=25681\" target=\"_blank\" rel=\"noopener\"><img class=\"alignnone size-full wp-image-24878\" src=\"https:\/\/confesq.org\/wp-content\/uploads\/2018\/06\/plataforma-organizaciones-pacientes.png\" alt=\"\" width=\"222\" height=\"119\" \/><\/a><\/h4>\n<h5 style=\"text-align: center;\"><a href=\"https:\/\/confesq.org\/?page_id=25681\" target=\"_blank\" rel=\"noopener\">PLATAFORMA DE ORGANIZACIONES DE PACIENTES<\/a><\/h5>\n<p>[\/vc_column_text][\/vc_column_inner][\/vc_row_inner][vc_row_inner][vc_column_inner width=\u00bb1\/2&#8243;][vc_column_text css=\u00bb.vc_custom_1625744925656{padding-top: 20px !important;padding-right: 20px !important;padding-bottom: 20px !important;padding-left: 20px !important;background-color: #ffffff !important;}\u00bb]<\/p>\n<h4><\/h4>\n<h5 style=\"text-align: center;\"><a href=\"https:\/\/confesq.org\/?page_id=25676\" target=\"_blank\" rel=\"noopener\"><strong><img class=\"size-medium wp-image-27697 aligncenter\" src=\"https:\/\/confesq.org\/wp-content\/uploads\/2021\/04\/SEFIFAC-s-300x128.png\" alt=\"\" width=\"300\" height=\"128\" srcset=\"https:\/\/confesq.org\/wp-content\/uploads\/2021\/04\/SEFIFAC-s-300x128.png 300w, https:\/\/confesq.org\/wp-content\/uploads\/2021\/04\/SEFIFAC-s.png 352w\" sizes=\"(max-width: 300px) 100vw, 300px\" \/><\/strong><\/a><strong><a href=\"https:\/\/www.sefifac.es\/\" target=\"_blank\" rel=\"noopener\">SEFIFAC- SOCIEDAD ESPA\u00d1OLA DE FIBROMIALGIA Y S\u00cdNDROME DE FATIGA CR\u00d3NICA<\/a><\/strong><\/h5>\n<div class=\"styled-subtitle\" style=\"text-align: center;\"><span style=\"text-decoration: underline;\"><a href=\"https:\/\/confesq.org\/wp-content\/uploads\/2021\/07\/23.-CONFESQ.pdf\" target=\"_blank\" rel=\"noopener\">CERTIFICADO DE PERTENENCIA<\/a><\/span><\/div>\n<p>[\/vc_column_text][\/vc_column_inner][vc_column_inner width=\u00bb1\/2&#8243;][vc_column_text css=\u00bb.vc_custom_1619081963679{padding-top: 20px !important;padding-right: 20px !important;padding-bottom: 20px !important;padding-left: 20px !important;}\u00bb][\/vc_column_text][\/vc_column_inner][\/vc_row_inner]<div class=\"gem-icon-with-text gem-icon-with-text-icon-size-small\" ><div style=\"margin-bottom:0px;margin-top:0px; \" class=\"gem-icon-with-text-icon\"><div class=\"gem-icon gem-icon-pack-elegant gem-icon-size-small  gem-icon-shape-square gem-simple-icon \"  style=\"opacity: 1;\"><div class=\"gem-icon-inner\" style=\"\"><span class=\"gem-icon-half-1\" style=\"color: #b82551;\"><span class=\"back-angle\">&#xe04a;<\/span><\/span><span class=\"gem-icon-half-2\" style=\"color: #b82551;\"><span class=\"back-angle\">&#xe04a;<\/span><\/span><\/div><\/div><\/div><div class=\"gem-icon-with-text-content\" ><div class=\"gem-icon-with-text-text\">[vc_column_text]<\/p>\n<h5>INTERNACIONALES<\/h5>\n<p>[\/vc_column_text]<\/div><\/div><div class=\"clearboth\"><\/div><\/div>[vc_row_inner][vc_column_inner width=\u00bb1\/2&#8243;][vc_column_text css=\u00bb.vc_custom_1542972350498{padding-top: 20px !important;padding-right: 20px !important;padding-bottom: 20px !important;padding-left: 20px !important;background-color: #ffffff !important;}\u00bb]<\/p>\n<h4 style=\"text-align: center;\"><a href=\"https:\/\/confesq.org\/?page_id=25691\" target=\"_blank\" rel=\"noopener\"><strong><img class=\"size-full wp-image-24877 aligncenter\" src=\"https:\/\/confesq.org\/wp-content\/uploads\/2018\/06\/pain-alliance-europe.png\" alt=\"\" width=\"236\" height=\"149\" \/><\/strong><\/a><\/h4>\n<h5 style=\"text-align: center;\"><a href=\"https:\/\/confesq.org\/?page_id=25691\" target=\"_blank\" rel=\"noopener\"><strong>PAE, PAIN ALLIANCE EUROPEAN<\/strong><\/a><\/h5>\n<p>[\/vc_column_text][\/vc_column_inner][vc_column_inner width=\u00bb1\/2&#8243;][vc_column_text css=\u00bb.vc_custom_1542972364726{padding-top: 20px !important;padding-right: 20px !important;padding-bottom: 20px !important;padding-left: 20px !important;background-color: #ffffff !important;}\u00bb]<\/p>\n<h4 style=\"text-align: center;\"><a href=\"https:\/\/confesq.org\/?page_id=25690\" target=\"_blank\" rel=\"noopener\"><strong><img class=\"alignnone size-full wp-image-24876\" src=\"https:\/\/confesq.org\/wp-content\/uploads\/2018\/06\/enfa.png\" alt=\"\" width=\"180\" height=\"180\" srcset=\"https:\/\/confesq.org\/wp-content\/uploads\/2018\/06\/enfa.png 180w, https:\/\/confesq.org\/wp-content\/uploads\/2018\/06\/enfa-150x150.png 150w\" sizes=\"(max-width: 180px) 100vw, 180px\" \/><\/strong><\/a><\/h4>\n<h5 style=\"text-align: center;\"><a href=\"https:\/\/confesq.org\/?page_id=25690\" target=\"_blank\" rel=\"noopener\"><strong>ENFA, EUROPEAN NETWORK OF FIBROMYALGIA ASSOCIATIONS<\/strong><\/a><\/h5>\n<p>[\/vc_column_text][\/vc_column_inner][\/vc_row_inner][vc_row_inner][vc_column_inner width=\u00bb1\/2&#8243; css=\u00bb.vc_custom_1556186516081{background-color: #ffffff !important;}\u00bb][vc_column_text]<\/p>\n<h3 style=\"text-align: center;\"><a href=\"https:\/\/pec.sinedolore.org\/es\/inicio\" target=\"_blank\" rel=\"noopener\"><b><img class=\"alignnone size-full wp-image-26200\" src=\"https:\/\/confesq.org\/wp-content\/uploads\/2019\/04\/logo-pec.png\" alt=\"\" width=\"159\" height=\"74\" \/><\/b><\/a><\/h3>\n<h5 style=\"text-align: center;\"><a href=\"https:\/\/pec.sinedolore.org\/es\/inicio\" target=\"_blank\" rel=\"noopener\"><b>PEC<\/b>&#8211; PAIN EUROMEDITERRANEAN COALITION<\/a><\/h5>\n<p>[\/vc_column_text][\/vc_column_inner][vc_column_inner width=\u00bb1\/2&#8243;][vc_column_text css=\u00bb.vc_custom_1601637020515{padding-top: 20px !important;padding-right: 20px !important;padding-bottom: 20px !important;padding-left: 20px !important;background-color: #ffffff !important;}\u00bb]<\/p>\n<h5 style=\"text-align: center;\"><\/h5>\n<h5 style=\"text-align: center;\"><a href=\"http:\/\/euro-me.org\/index.shtml\" target=\"_blank\" rel=\"noopener\"><b><img class=\"alignnone wp-image-27304\" src=\"https:\/\/confesq.org\/wp-content\/uploads\/2020\/10\/EMEA-LOGO-300x248.jpg\" alt=\"\" width=\"254\" height=\"210\" srcset=\"https:\/\/confesq.org\/wp-content\/uploads\/2020\/10\/EMEA-LOGO-300x248.jpg 300w, https:\/\/confesq.org\/wp-content\/uploads\/2020\/10\/EMEA-LOGO-768x635.jpg 768w, https:\/\/confesq.org\/wp-content\/uploads\/2020\/10\/EMEA-LOGO-1024x847.jpg 1024w, https:\/\/confesq.org\/wp-content\/uploads\/2020\/10\/EMEA-LOGO.jpg 1500w\" sizes=\"(max-width: 254px) 100vw, 254px\" \/><\/b><\/a><\/h5>\n<h5 style=\"text-align: center;\"><a href=\"http:\/\/euro-me.org\/index.shtml\" target=\"_blank\" rel=\"noopener\"><b>EMEA &#8211; EUROPEAN ME ALLIANCE<\/b><\/a><\/h5>\n<p>[\/vc_column_text][\/vc_column_inner][\/vc_row_inner][vc_empty_space][\/vc_column][\/vc_row]<\/p>\n<\/div>","protected":false},"excerpt":{"rendered":"<p>[vc_row css=\u00bb.vc_custom_1530698774481{margin-bottom: 0px !important;padding-bottom: 0px !important;}\u00bb el_class=\u00bbno-paddings\u00bb][vc_column][\/vc_column][\/vc_row][vc_row full_width=\u00bbstretch_row_content\u00bb equal_height=\u00bbyes\u00bb css=\u00bb.vc_custom_1468838183811{margin-bottom: 0px !important;padding-bottom: 0px !important;}\u00bb el_class=\u00bbno-paddings\u00bb][vc_column width=\u00bb1\/3&#8243; css=\u00bb.vc_custom_1530698992229{padding-right: 65px !important;padding-left: 100px&#8230;<\/p>\n","protected":false},"author":2,"featured_media":0,"parent":0,"menu_order":0,"comment_status":"closed","ping_status":"closed","template":"","meta":{"footnotes":""},"class_list":["post-25685","page","type-page","status-publish"],"_links":{"self":[{"href":"https:\/\/confesq.org\/index.php?rest_route=\/wp\/v2\/pages\/25685","targetHints":{"allow":["GET"]}}],"collection":[{"href":"https:\/\/confesq.org\/index.php?rest_route=\/wp\/v2\/pages"}],"about":[{"href":"https:\/\/confesq.org\/index.php?rest_route=\/wp\/v2\/types\/page"}],"author":[{"embeddable":true,"href":"https:\/\/confesq.org\/index.php?rest_route=\/wp\/v2\/users\/2"}],"replies":[{"embeddable":true,"href":"https:\/\/confesq.org\/index.php?rest_route=%2Fwp%2Fv2%2Fcomments&post=25685"}],"version-history":[{"count":11,"href":"https:\/\/confesq.org\/index.php?rest_route=\/wp\/v2\/pages\/25685\/revisions"}],"predecessor-version":[{"id":27972,"href":"https:\/\/confesq.org\/index.php?rest_route=\/wp\/v2\/pages\/25685\/revisions\/27972"}],"wp:attachment":[{"href":"https:\/\/confesq.org\/index.php?rest_route=%2Fwp%2Fv2%2Fmedia&parent=25685"}],"curies":[{"name":"wp","href":"https:\/\/api.w.org\/{rel}","templated":true}]}}