{"id":25681,"date":"2018-11-23T09:54:39","date_gmt":"2018-11-23T09:54:39","guid":{"rendered":"http:\/\/confederacionssc.es\/?page_id=25681"},"modified":"2018-11-23T10:54:58","modified_gmt":"2018-11-23T10:54:58","slug":"meet-our-team-03-6","status":"publish","type":"page","link":"https:\/\/confesq.org\/?page_id=25681","title":{"rendered":"PLATAFORMA DE ORGANIZACIONES DE PACIENTES"},"content":{"rendered":"<div class=\"wpb-content-wrapper\"><p>[vc_row css=\u00bb.vc_custom_1530698774481{margin-bottom: 0px !important;padding-bottom: 0px !important;}\u00bb el_class=\u00bbno-paddings\u00bb][vc_column]\n\t\t\t<!-- START pertenecemos REVOLUTION SLIDER 6.7.38 --><p class=\"rs-p-wp-fix\"><\/p>\n\t\t\t<rs-module-wrap id=\"rev_slider_29_1_wrapper\" data-source=\"gallery\" style=\"visibility:hidden;background:transparent;padding:0;margin:0px auto;margin-top:0;margin-bottom:0;\">\n\t\t\t\t<rs-module id=\"rev_slider_29_1\" style=\"\" data-version=\"6.7.38\">\n\t\t\t\t\t<rs-slides style=\"overflow: hidden; position: absolute;\">\n\t\t\t\t\t\t<rs-slide style=\"position: absolute;\" data-key=\"rs-64\" data-title=\"Slide\" data-anim=\"adpr:false;\" data-in=\"o:0;\" data-out=\"a:false;\">\n\t\t\t\t\t\t\t<img src=\"\/\/confesq.org\/wp-content\/plugins\/revslider\/sr6\/assets\/assets\/dummy.png\" alt=\"\" title=\"1232136 (Demo)\" width=\"1296\" height=\"1124\" class=\"rev-slidebg tp-rs-img rs-lazyload\" data-lazyload=\"\/\/confesq.org\/wp-content\/uploads\/2016\/02\/6-5.jpg\" data-no-retina>\n<!--\n\t\t\t\t\t\t\t--><rs-layer\n\t\t\t\t\t\t\t\tid=\"slider-29-slide-64-layer-1\" \n\t\t\t\t\t\t\t\tdata-type=\"text\"\n\t\t\t\t\t\t\t\tdata-color=\"#000000\"\n\t\t\t\t\t\t\t\tdata-rsp_ch=\"on\"\n\t\t\t\t\t\t\t\tdata-xy=\"x:c;y:c;\"\n\t\t\t\t\t\t\t\tdata-text=\"s:50;l:22;fw:700;a:inherit;\"\n\t\t\t\t\t\t\t\tdata-frame_0=\"o:1;\"\n\t\t\t\t\t\t\t\tdata-frame_0_chars=\"d:10;x:-50px;o:0;\"\n\t\t\t\t\t\t\t\tdata-frame_1=\"e:power4.inOut;sp:2000;\"\n\t\t\t\t\t\t\t\tdata-frame_1_chars=\"d:10;\"\n\t\t\t\t\t\t\t\tdata-frame_999=\"o:0;st:w;sR:4300;\"\n\t\t\t\t\t\t\t\tstyle=\"z-index:5;font-family:'Open Sans';\"\n\t\t\t\t\t\t\t>ENTIDADES A LAS QUE PERTENECEMOS \n\t\t\t\t\t\t\t<\/rs-layer><!--\n-->\t\t\t\t\t<\/rs-slide>\n\t\t\t\t\t<\/rs-slides>\n\t\t\t\t<\/rs-module>\n\t\t\t\t<script>\n\t\t\t\t\tsetREVStartSize({c: 'rev_slider_29_1',rl:[1240,1024,778,480],el:[868],gw:[1240],gh:[868],type:'standard',justify:'',layout:'fullwidth',mh:\"0\"});if (window.RS_MODULES!==undefined && window.RS_MODULES.modules!==undefined && window.RS_MODULES.modules[\"revslider291\"]!==undefined) {window.RS_MODULES.modules[\"revslider291\"].once = false;window.revapi29 = undefined;if (window.RS_MODULES.checkMinimal!==undefined) window.RS_MODULES.checkMinimal()}\n\t\t\t\t<\/script>\n\t\t\t<\/rs-module-wrap>\n\t\t\t<!-- END REVOLUTION SLIDER -->\n[\/vc_column][\/vc_row][vc_row full_width=\u00bbstretch_row_content\u00bb equal_height=\u00bbyes\u00bb css=\u00bb.vc_custom_1468838183811{margin-bottom: 0px !important;padding-bottom: 0px !important;}\u00bb el_class=\u00bbno-paddings\u00bb][vc_column css=\u00bb.vc_custom_1530698992229{padding-right: 65px !important;padding-left: 100px !important;background-color: #f0f3f2 !important;}\u00bb offset=\u00bbvc_col-lg-12 vc_col-md-1&#8243;][vc_tta_tabs][vc_tta_section title=\u00bbPLATAFORMA DE ORGANIZACIONES DE PACIENTES\u00bb tab_id=\u00bb1530702166155-db8c93cc-1b0e\u00bb][vc_single_image image=\u00bb24878&#8243; img_size=\u00bbfull\u00bb alignment=\u00bbcenter\u00bb onclick=\u00bbcustom_link\u00bb img_link_target=\u00bb_blank\u00bb link=\u00bbhttp:\/\/www.plataformadepacientes.org\/\u00bb][vc_column_text]La <a href=\"http:\/\/www.plataformadepacientes.org\/\" target=\"_blank\" rel=\"noopener\">Plataforma de Organizaciones de Pacientes<\/a> est\u00e1 formada por 29 entidades nacionales de distintas patolog\u00edas.<\/p>\n<p>Se persigue que se reconozcan las necesidades y limitaciones de los pacientes cr\u00f3nicos y se llegue a considerar con una entidad propia, por la que se tengan determinados derechos. Se debe considerar la cronicidad como una circunstancia permanente de limitaci\u00f3n en muchos aspectos de la vida de quien la padece.<\/p>\n<p>Se pretende ser interlocutor en nombre de los pacientes de patolog\u00edas cr\u00f3nicas, ante la Administraci\u00f3n P\u00fablica, seg\u00fan la nueva ley de participaci\u00f3n adaptada a la legislaci\u00f3n europea.<\/p>\n<p>La Presidenta de la Confederaci\u00f3n, asisti\u00f3 al Congreso de Farmac\u00e9uticos celebrado en Granada, representando a la Plataforma de Pacientes, explicando sus objetivos y su l\u00ednea de actuaci\u00f3n.<\/p>\n<p>Nuestra entidad forma parte del Grupo de \u201cCoordinaci\u00f3n de Comunidades Aut\u00f3nomas\u201d.[\/vc_column_text][\/vc_tta_section][\/vc_tta_tabs]<div class=\"clearboth\"><\/div><style>#thegem-divider-69de09777b0bc {margin-top: 52px !important;}<\/style><div id=\"thegem-divider-69de09777b0bc\" class=\"gem-divider  \" style=\"\" ><\/div><div class=\"clearboth\"><\/div><style>#thegem-divider-69de09777b0ef {margin-top: 52px !important;}<\/style><div id=\"thegem-divider-69de09777b0ef\" class=\"gem-divider  \" style=\"\" ><\/div>[\/vc_column][\/vc_row]<\/p>\n<\/div>","protected":false},"excerpt":{"rendered":"<p>[vc_row css=\u00bb.vc_custom_1530698774481{margin-bottom: 0px !important;padding-bottom: 0px !important;}\u00bb el_class=\u00bbno-paddings\u00bb][vc_column][\/vc_column][\/vc_row][vc_row full_width=\u00bbstretch_row_content\u00bb equal_height=\u00bbyes\u00bb css=\u00bb.vc_custom_1468838183811{margin-bottom: 0px !important;padding-bottom: 0px !important;}\u00bb el_class=\u00bbno-paddings\u00bb][vc_column css=\u00bb.vc_custom_1530698992229{padding-right: 65px !important;padding-left: 100px !important;background-color:&#8230;<\/p>\n","protected":false},"author":2,"featured_media":0,"parent":0,"menu_order":0,"comment_status":"closed","ping_status":"closed","template":"","meta":{"footnotes":""},"class_list":["post-25681","page","type-page","status-publish"],"_links":{"self":[{"href":"https:\/\/confesq.org\/index.php?rest_route=\/wp\/v2\/pages\/25681","targetHints":{"allow":["GET"]}}],"collection":[{"href":"https:\/\/confesq.org\/index.php?rest_route=\/wp\/v2\/pages"}],"about":[{"href":"https:\/\/confesq.org\/index.php?rest_route=\/wp\/v2\/types\/page"}],"author":[{"embeddable":true,"href":"https:\/\/confesq.org\/index.php?rest_route=\/wp\/v2\/users\/2"}],"replies":[{"embeddable":true,"href":"https:\/\/confesq.org\/index.php?rest_route=%2Fwp%2Fv2%2Fcomments&post=25681"}],"version-history":[{"count":4,"href":"https:\/\/confesq.org\/index.php?rest_route=\/wp\/v2\/pages\/25681\/revisions"}],"predecessor-version":[{"id":25700,"href":"https:\/\/confesq.org\/index.php?rest_route=\/wp\/v2\/pages\/25681\/revisions\/25700"}],"wp:attachment":[{"href":"https:\/\/confesq.org\/index.php?rest_route=%2Fwp%2Fv2%2Fmedia&parent=25681"}],"curies":[{"name":"wp","href":"https:\/\/api.w.org\/{rel}","templated":true}]}}