{"id":25676,"date":"2018-11-23T09:41:11","date_gmt":"2018-11-23T09:41:11","guid":{"rendered":"http:\/\/confederacionssc.es\/?page_id=25676"},"modified":"2018-11-23T10:53:39","modified_gmt":"2018-11-23T10:53:39","slug":"meet-our-team-03-5","status":"publish","type":"page","link":"https:\/\/confesq.org\/?page_id=25676","title":{"rendered":"COCEMFE ESTATAL"},"content":{"rendered":"<div class=\"wpb-content-wrapper\"><p>[vc_row css=\u00bb.vc_custom_1530698774481{margin-bottom: 0px !important;padding-bottom: 0px !important;}\u00bb el_class=\u00bbno-paddings\u00bb][vc_column]\n\t\t\t<!-- START pertenecemos REVOLUTION SLIDER 6.7.38 --><p class=\"rs-p-wp-fix\"><\/p>\n\t\t\t<rs-module-wrap id=\"rev_slider_29_1_wrapper\" data-source=\"gallery\" style=\"visibility:hidden;background:transparent;padding:0;margin:0px auto;margin-top:0;margin-bottom:0;\">\n\t\t\t\t<rs-module id=\"rev_slider_29_1\" style=\"\" data-version=\"6.7.38\">\n\t\t\t\t\t<rs-slides style=\"overflow: hidden; position: absolute;\">\n\t\t\t\t\t\t<rs-slide style=\"position: absolute;\" data-key=\"rs-64\" data-title=\"Slide\" data-anim=\"adpr:false;\" data-in=\"o:0;\" data-out=\"a:false;\">\n\t\t\t\t\t\t\t<img src=\"\/\/confesq.org\/wp-content\/plugins\/revslider\/sr6\/assets\/assets\/dummy.png\" alt=\"\" title=\"1232136 (Demo)\" width=\"1296\" height=\"1124\" class=\"rev-slidebg tp-rs-img rs-lazyload\" data-lazyload=\"\/\/confesq.org\/wp-content\/uploads\/2016\/02\/6-5.jpg\" data-no-retina>\n<!--\n\t\t\t\t\t\t\t--><rs-layer\n\t\t\t\t\t\t\t\tid=\"slider-29-slide-64-layer-1\" \n\t\t\t\t\t\t\t\tdata-type=\"text\"\n\t\t\t\t\t\t\t\tdata-color=\"#000000\"\n\t\t\t\t\t\t\t\tdata-rsp_ch=\"on\"\n\t\t\t\t\t\t\t\tdata-xy=\"x:c;y:c;\"\n\t\t\t\t\t\t\t\tdata-text=\"s:50;l:22;fw:700;a:inherit;\"\n\t\t\t\t\t\t\t\tdata-frame_0=\"o:1;\"\n\t\t\t\t\t\t\t\tdata-frame_0_chars=\"d:10;x:-50px;o:0;\"\n\t\t\t\t\t\t\t\tdata-frame_1=\"e:power4.inOut;sp:2000;\"\n\t\t\t\t\t\t\t\tdata-frame_1_chars=\"d:10;\"\n\t\t\t\t\t\t\t\tdata-frame_999=\"o:0;st:w;sR:4300;\"\n\t\t\t\t\t\t\t\tstyle=\"z-index:5;font-family:'Open Sans';\"\n\t\t\t\t\t\t\t>ENTIDADES A LAS QUE PERTENECEMOS \n\t\t\t\t\t\t\t<\/rs-layer><!--\n-->\t\t\t\t\t<\/rs-slide>\n\t\t\t\t\t<\/rs-slides>\n\t\t\t\t<\/rs-module>\n\t\t\t\t<script>\n\t\t\t\t\tsetREVStartSize({c: 'rev_slider_29_1',rl:[1240,1024,778,480],el:[868],gw:[1240],gh:[868],type:'standard',justify:'',layout:'fullwidth',mh:\"0\"});if (window.RS_MODULES!==undefined && window.RS_MODULES.modules!==undefined && window.RS_MODULES.modules[\"revslider291\"]!==undefined) {window.RS_MODULES.modules[\"revslider291\"].once = false;window.revapi29 = undefined;if (window.RS_MODULES.checkMinimal!==undefined) window.RS_MODULES.checkMinimal()}\n\t\t\t\t<\/script>\n\t\t\t<\/rs-module-wrap>\n\t\t\t<!-- END REVOLUTION SLIDER -->\n[\/vc_column][\/vc_row][vc_row full_width=\u00bbstretch_row_content\u00bb equal_height=\u00bbyes\u00bb css=\u00bb.vc_custom_1468838183811{margin-bottom: 0px !important;padding-bottom: 0px !important;}\u00bb el_class=\u00bbno-paddings\u00bb][vc_column css=\u00bb.vc_custom_1530698992229{padding-right: 65px !important;padding-left: 100px !important;background-color: #f0f3f2 !important;}\u00bb offset=\u00bbvc_col-lg-12 vc_col-md-1&#8243;][vc_tta_tabs active_section=\u00bb1&#8243;][vc_tta_section title=\u00bbCOCEMFE ESTATAL, CONFEDERACI\u00d3N ESPA\u00d1OLA DE PERSONAS CON DISCAPACIDAD F\u00cdSICA Y ORG\u00c1NICA\u00bb tab_id=\u00bb1530700650166-db85116d-5986&#8243;][vc_single_image image=\u00bb25196&#8243; alignment=\u00bbcenter\u00bb onclick=\u00bbcustom_link\u00bb img_link_target=\u00bb_blank\u00bb link=\u00bbhttp:\/\/www.cocemfe.es\/portal\/\u00bb][vc_column_text]La Confederaci\u00f3n forma parte del OREE, que es la Organizaci\u00f3n de Representantes de las Entidades Estatales, y suele reunirse semestralmente en Madrid.<\/p>\n<p><a href=\"http:\/\/www.cocemfe.es\/portal\/\" target=\"_blank\" rel=\"noopener\">COCEMFE<\/a> a su vez pertenece al CERMI que es la entidad que negocia con el Ministerio en representaci\u00f3n de los pacientes con discapacidad.<\/p>\n<p>Dentro de COCEMFE, se han creado distintos Grupos de trabajo para los siguientes 4 a\u00f1os,\u00a0<strong>2016-2020\u00a0<\/strong>y desde la Confederaci\u00f3n, se ha entrado a formar parte de 2 Grupos de Trabajo que son: \u201c Salud y espacio sociosanitario\u201d y \u201cValoraci\u00f3n de la Discapacidad\u201d.<\/p>\n<p>Estos Grupos se encargan de estudiar, profundizar y realizar propuestas de actuaci\u00f3n sobre temas de inter\u00e9s para el colectivo de personas con discapacidad f\u00edsica y org\u00e1nica, elaborar documentos y hacer propuestas que se elevaran al Consejo Estatal para su estudio y aprobaci\u00f3n. Estos Grupos se han formado con representantes y t\u00e9cnicos de las diferentes organizaciones que componen COCEMFE, en funci\u00f3n de sus habilidades, conocimientos y experiencia en la materia que se trate, para que puedan ofrecer, como expertos, un an\u00e1lisis de la tem\u00e1tica a debatir. Sus reuniones se llevan a cabo principalmente mediante videoconferencia.<\/p>\n<p>Los 15 grupos de trabajo creados son: G\u00e9nero (Mujer e Igualdad); Accesibilidad; Inclusi\u00f3n Laboral y RSE Discapacidad; Salud y Espacio Sociosanitario; Envejecimiento Activo; Movimiento Asociativo; Educaci\u00f3n y Deporte; Cultura Inclusiva, Juventud con Discapacidad; Turismo y Ocio Inclusivo; Valoraci\u00f3n de la discapacidad; Medios e Imagen Social; Desarrollo Rural; Vida Independiente y Asistencia Personal; Directores de Centros Asistenciales y Formulas de Financiaci\u00f3n f\u00edsica y org\u00e1nica de nuestro pa\u00eds.[\/vc_column_text][\/vc_tta_section][\/vc_tta_tabs]<div class=\"clearboth\"><\/div><style>#thegem-divider-69de09eb83ca5 {margin-top: 52px !important;}<\/style><div id=\"thegem-divider-69de09eb83ca5\" class=\"gem-divider  \" style=\"\" ><\/div><div class=\"clearboth\"><\/div><style>#thegem-divider-69de09eb83cd7 {margin-top: 52px !important;}<\/style><div id=\"thegem-divider-69de09eb83cd7\" class=\"gem-divider  \" style=\"\" ><\/div>[\/vc_column][\/vc_row]<\/p>\n<\/div>","protected":false},"excerpt":{"rendered":"<p>[vc_row css=\u00bb.vc_custom_1530698774481{margin-bottom: 0px !important;padding-bottom: 0px !important;}\u00bb el_class=\u00bbno-paddings\u00bb][vc_column][\/vc_column][\/vc_row][vc_row full_width=\u00bbstretch_row_content\u00bb equal_height=\u00bbyes\u00bb css=\u00bb.vc_custom_1468838183811{margin-bottom: 0px !important;padding-bottom: 0px !important;}\u00bb el_class=\u00bbno-paddings\u00bb][vc_column css=\u00bb.vc_custom_1530698992229{padding-right: 65px !important;padding-left: 100px !important;background-color:&#8230;<\/p>\n","protected":false},"author":2,"featured_media":0,"parent":0,"menu_order":0,"comment_status":"closed","ping_status":"closed","template":"","meta":{"footnotes":""},"class_list":["post-25676","page","type-page","status-publish"],"_links":{"self":[{"href":"https:\/\/confesq.org\/index.php?rest_route=\/wp\/v2\/pages\/25676","targetHints":{"allow":["GET"]}}],"collection":[{"href":"https:\/\/confesq.org\/index.php?rest_route=\/wp\/v2\/pages"}],"about":[{"href":"https:\/\/confesq.org\/index.php?rest_route=\/wp\/v2\/types\/page"}],"author":[{"embeddable":true,"href":"https:\/\/confesq.org\/index.php?rest_route=\/wp\/v2\/users\/2"}],"replies":[{"embeddable":true,"href":"https:\/\/confesq.org\/index.php?rest_route=%2Fwp%2Fv2%2Fcomments&post=25676"}],"version-history":[{"count":4,"href":"https:\/\/confesq.org\/index.php?rest_route=\/wp\/v2\/pages\/25676\/revisions"}],"predecessor-version":[{"id":25699,"href":"https:\/\/confesq.org\/index.php?rest_route=\/wp\/v2\/pages\/25676\/revisions\/25699"}],"wp:attachment":[{"href":"https:\/\/confesq.org\/index.php?rest_route=%2Fwp%2Fv2%2Fmedia&parent=25676"}],"curies":[{"name":"wp","href":"https:\/\/api.w.org\/{rel}","templated":true}]}}