{"id":25554,"date":"2018-10-22T11:06:18","date_gmt":"2018-10-22T11:06:18","guid":{"rendered":"http:\/\/confederacionssc.es\/?page_id=25554"},"modified":"2019-09-13T15:59:11","modified_gmt":"2019-09-13T15:59:11","slug":"meet-our-team-02-2-2","status":"publish","type":"page","link":"https:\/\/confesq.org\/?page_id=25554","title":{"rendered":"Unrest"},"content":{"rendered":"<div class=\"wpb-content-wrapper\"><p>[vc_row][vc_column]<div id=\"fullwidth-block-69d8a04196935\" class=\"fullwidth-block clearfix\"  style=\"height: 100vh\"><script type=\"text\/javascript\">if (typeof(gem_fix_fullwidth_position) == \"function\") { gem_fix_fullwidth_position(document.getElementById(\"fullwidth-block-69d8a04196935\")); }<\/script><div class=\"fullwidth-block-background\" style=\"background-image: url(https:\/\/confesq.org\/wp-content\/uploads\/2018\/07\/nrest.jpg);background-repeat: no-repeat; background-size: contain;background-position: center top;\"><\/div><div class=\"fullwidth-block-inner\"><\/div><\/div>[vc_empty_space height=\u00bb46px\u00bb][\/vc_column][\/vc_row][vc_row][vc_column][vc_column_text]<\/p>\n<h2 style=\"text-align: center;\"><span style=\"color: #b82551;\">UNREST<\/span><\/h2>\n<p style=\"font-weight: 400; text-align: justify;\">Desde CONFESQ: Coalici\u00f3n Nacional de FM, SFC, SQM, y EHS hemos lanzando un nuevo proyecto a nivel estatal, para que la gente,\u00a0 conozca y se sensibilice con el\u00a0<b><strong>S\u00edndrome de Fatiga Cr\u00f3nica\/Encefalomielitis Mi\u00e1lgica.<\/strong><\/b><\/p>\n<p style=\"font-weight: 400; text-align: justify;\">Se trata de la proyecci\u00f3n de la pel\u00edcula,\u00a0<a href=\"https:\/\/www.unrest.film\/\" target=\"_blank\" rel=\"noopener\" data-saferedirecturl=\"https:\/\/www.google.com\/url?hl=es&amp;q=https:\/\/www.unrest.film\/&amp;source=gmail&amp;ust=1532540982067000&amp;usg=AFQjCNGmhYTOi4ucEDz9XNWLeAlbXM2Otw\"><em>UNREST<\/em>,<\/a>\u00a0premiada en varios festivales. Est\u00e1 dirigida y protagonizada por Jennifer Brea,\u00a0una paciente que cuenta\u00a0sus vivencias, en primera persona, tras ser diagnosticada de\u00a0SFC\/EM\u00a0y que ha promovido el movimiento\u00a0<a href=\"https:\/\/millionsmissing.meaction.net\/\" target=\"_blank\" rel=\"noopener\" data-saferedirecturl=\"https:\/\/www.google.com\/url?hl=es&amp;q=https:\/\/millionsmissing.meaction.net\/&amp;source=gmail&amp;ust=1532540982067000&amp;usg=AFQjCNHnpntOqAhX7INYhlnIjnJeysXqPQ\"><em>MillionMissing<\/em><\/a>\u00a0a trav\u00e9s de las redes sociales, dando visibilidad a estos millones de afectados ausentes de sus vidas.\u00a0La duraci\u00f3n es de\u00a090 minutos, y est\u00e1 subtitulada al castellano.<\/p>\n<p style=\"font-weight: 400; text-align: justify;\">El estreno del documental UNREST en Madrid el pasado 29 de noviembre fue un \u00e9xito de asistencia, y ni la pel\u00edcula ni el coloquio posterior dej\u00f3 indiferente a nadie.<\/p>\n<p style=\"text-align: justify;\">Estas son las Proyecciones de la GIRA ESPA\u00d1OLA programadas hasta el momento, preparadas con mucho trabajo el ilusi\u00f3n por la Coalici\u00f3n y las Asociaciones locales:<\/p>\n<p>[\/vc_column_text][vc_single_image image=\u00bb25784&#8243; img_size=\u00bbfull\u00bb alignment=\u00bbcenter\u00bb][\/vc_column][\/vc_row][vc_row][vc_column][vc_single_image image=\u00bb25785&#8243; img_size=\u00bbfull\u00bb alignment=\u00bbcenter\u00bb][vc_column_text]<\/p>\n<p style=\"text-align: justify;\">Os proponemos uniros a la \u201cgira\u201d espa\u00f1ola de UNREST, \u00a0organizando una proyecci\u00f3n abierta al p\u00fablico en vuestra localidad. Sin duda es una oportunidad maravillosa de sensibilizar a nuestros vecinos acerca de esta dura enfermedad que afecta a tantas personas de todo el mundo.<\/p>\n<p style=\"text-align: justify;\">Comunicad vuestro inter\u00e9s en el correo o tel\u00e9fono indicados en la siguiente carta:<\/p>\n<p>[\/vc_column_text]<div class=\"gem-icon-with-text gem-icon-with-text-icon-size-small\" ><div style=\"margin-bottom:0px;margin-top:0px; \" class=\"gem-icon-with-text-icon\"><div class=\"gem-icon gem-icon-pack-elegant gem-icon-size-small  gem-icon-shape-square gem-simple-icon \"  style=\"opacity: 1;\"><div class=\"gem-icon-inner\" style=\"\"><span class=\"gem-icon-half-1\" style=\"color: #b82551;\"><span class=\"back-angle\">&#xe04a;<\/span><\/span><span class=\"gem-icon-half-2\" style=\"color: #b82551;\"><span class=\"back-angle\">&#xe04a;<\/span><\/span><\/div><\/div><\/div><div class=\"gem-icon-with-text-content\" ><div class=\"gem-icon-with-text-text\">[vc_column_text]<a href=\"https:\/\/confesq.org\/wp-content\/uploads\/2018\/11\/Carta-Unrest.pdf\" target=\"_blank\" rel=\"noopener\"><span style=\"text-decoration: underline;\">CARTA INVITACI\u00d3N A PARTICIPAR UNREST<\/span><\/a><\/p>\n<p>&nbsp;[\/vc_column_text]<\/div><\/div><div class=\"clearboth\"><\/div><\/div>[vc_column_text]Adem\u00e1s, puedes ver la memoria del proyecto durante el a\u00f1o 2018 aqu\u00ed:[\/vc_column_text]<div class=\"gem-icon-with-text gem-icon-with-text-icon-size-small\" ><div style=\"margin-bottom:0px;margin-top:0px; \" class=\"gem-icon-with-text-icon\"><div class=\"gem-icon gem-icon-pack-elegant gem-icon-size-small  gem-icon-shape-square gem-simple-icon \"  style=\"opacity: 1;\"><div class=\"gem-icon-inner\" style=\"\"><span class=\"gem-icon-half-1\" style=\"color: #b82551;\"><span class=\"back-angle\">&#xe04a;<\/span><\/span><span class=\"gem-icon-half-2\" style=\"color: #b82551;\"><span class=\"back-angle\">&#xe04a;<\/span><\/span><\/div><\/div><\/div><div class=\"gem-icon-with-text-content\" ><div class=\"gem-icon-with-text-text\">[vc_column_text]<span style=\"text-decoration: underline;\"><a href=\"https:\/\/confesq.org\/wp-content\/uploads\/2019\/09\/MEMORIA-UNREST-v3.pdf\" target=\"_blank\" rel=\"noopener\">MEMORIA UNREST-2018<\/a>\u00a0<\/span>[\/vc_column_text]<\/div><\/div><div class=\"clearboth\"><\/div><\/div>[\/vc_column][\/vc_row]<\/p>\n<\/div>","protected":false},"excerpt":{"rendered":"<p>[vc_row][vc_column][vc_empty_space height=\u00bb46px\u00bb][\/vc_column][\/vc_row][vc_row][vc_column][vc_column_text] UNREST Desde CONFESQ: Coalici\u00f3n Nacional de FM, SFC, SQM, y EHS hemos lanzando un nuevo proyecto a nivel&#8230;<\/p>\n","protected":false},"author":2,"featured_media":0,"parent":0,"menu_order":0,"comment_status":"closed","ping_status":"closed","template":"","meta":{"footnotes":""},"class_list":["post-25554","page","type-page","status-publish"],"_links":{"self":[{"href":"https:\/\/confesq.org\/index.php?rest_route=\/wp\/v2\/pages\/25554","targetHints":{"allow":["GET"]}}],"collection":[{"href":"https:\/\/confesq.org\/index.php?rest_route=\/wp\/v2\/pages"}],"about":[{"href":"https:\/\/confesq.org\/index.php?rest_route=\/wp\/v2\/types\/page"}],"author":[{"embeddable":true,"href":"https:\/\/confesq.org\/index.php?rest_route=\/wp\/v2\/users\/2"}],"replies":[{"embeddable":true,"href":"https:\/\/confesq.org\/index.php?rest_route=%2Fwp%2Fv2%2Fcomments&post=25554"}],"version-history":[{"count":10,"href":"https:\/\/confesq.org\/index.php?rest_route=\/wp\/v2\/pages\/25554\/revisions"}],"predecessor-version":[{"id":26556,"href":"https:\/\/confesq.org\/index.php?rest_route=\/wp\/v2\/pages\/25554\/revisions\/26556"}],"wp:attachment":[{"href":"https:\/\/confesq.org\/index.php?rest_route=%2Fwp%2Fv2%2Fmedia&parent=25554"}],"curies":[{"name":"wp","href":"https:\/\/api.w.org\/{rel}","templated":true}]}}