{"id":25431,"date":"2018-09-24T11:54:07","date_gmt":"2018-09-24T11:54:07","guid":{"rendered":"http:\/\/confederacionssc.es\/?page_id=25431"},"modified":"2018-10-23T11:27:53","modified_gmt":"2018-10-23T11:27:53","slug":"meet-our-team-03-2-3-2","status":"publish","type":"page","link":"https:\/\/confesq.org\/?page_id=25431","title":{"rendered":"Enfermedades"},"content":{"rendered":"<div class=\"wpb-content-wrapper\"><p>[vc_row css=\u00bb.vc_custom_1530698774481{margin-bottom: 0px !important;padding-bottom: 0px !important;}\u00bb el_class=\u00bbno-paddings\u00bb][vc_column][rev_slider_vc alias=\u00bbenfermedades\u00bb][\/vc_column][\/vc_row][vc_row full_width=\u00bbstretch_row_content\u00bb equal_height=\u00bbyes\u00bb css=\u00bb.vc_custom_1468838183811{margin-bottom: 0px !important;padding-bottom: 0px !important;}\u00bb el_class=\u00bbno-paddings\u00bb][vc_column css=\u00bb.vc_custom_1530698992229{padding-right: 65px !important;padding-left: 100px !important;background-color: #f0f3f2 !important;}\u00bb offset=\u00bbvc_col-lg-12 vc_col-md-1&#8243;]<div class=\"clearboth\"><\/div><style>#thegem-divider-69d32baa27066 {margin-top: 32px !important;}<\/style><div id=\"thegem-divider-69d32baa27066\" class=\"gem-divider  \" style=\"\" ><\/div>[vc_column_text]<\/p>\n<div class=\"title-h2\"><span class=\"light\">ENFERMEDADES<\/span><\/div>\n<div><\/div>\n<div>La Coalici\u00f3n engloba cuatro enfermedades cr\u00f3nicas que tienen una relaci\u00f3n directa con alguna alteraci\u00f3n en el sistema nervioso central e inmunol\u00f3gico:<\/div>\n<p>[\/vc_column_text]<div class=\"clearboth\"><\/div><style>#thegem-divider-69d32baa27093 {margin-top: 32px !important;}<\/style><div id=\"thegem-divider-69d32baa27093\" class=\"gem-divider  \" style=\"\" ><\/div><div class=\"gem-icon-with-text gem-icon-with-text-icon-size-small\" ><div style=\"margin-bottom:0px;margin-top:0px; \" class=\"gem-icon-with-text-icon\"><div class=\"gem-icon gem-icon-pack-elegant gem-icon-size-small  gem-icon-shape-square gem-simple-icon \"  style=\"opacity: 1;\"><div class=\"gem-icon-inner\" style=\"\"><span class=\"gem-icon-half-1\" style=\"color: #b82551;\"><span class=\"back-angle\">&#xe04a;<\/span><\/span><span class=\"gem-icon-half-2\" style=\"color: #b82551;\"><span class=\"back-angle\">&#xe04a;<\/span><\/span><\/div><\/div><\/div><div class=\"gem-icon-with-text-content\" ><div class=\"gem-icon-with-text-text\">[vc_column_text]<a href=\"https:\/\/confesq.org\/?page_id=24939\" target=\"_blank\" rel=\"noopener\">S\u00cdNDROME DE LA FATIGA CR\u00d3NICA (SFC\/EM)<\/a>[\/vc_column_text]<\/div><\/div><div class=\"clearboth\"><\/div><\/div><div class=\"gem-icon-with-text gem-icon-with-text-icon-size-small\" ><div style=\"margin-bottom:0px;margin-top:0px; \" class=\"gem-icon-with-text-icon\"><div class=\"gem-icon gem-icon-pack-elegant gem-icon-size-small  gem-icon-shape-square gem-simple-icon \"  style=\"opacity: 1;\"><div class=\"gem-icon-inner\" style=\"\"><span class=\"gem-icon-half-1\" style=\"color: #b82551;\"><span class=\"back-angle\">&#xe04a;<\/span><\/span><span class=\"gem-icon-half-2\" style=\"color: #b82551;\"><span class=\"back-angle\">&#xe04a;<\/span><\/span><\/div><\/div><\/div><div class=\"gem-icon-with-text-content\" ><div class=\"gem-icon-with-text-text\">[vc_column_text]<a href=\"https:\/\/confesq.org\/?page_id=24946\" target=\"_blank\" rel=\"noopener\">FIBROMIALGIA<\/a>[\/vc_column_text]<\/div><\/div><div class=\"clearboth\"><\/div><\/div><div class=\"gem-icon-with-text gem-icon-with-text-icon-size-small\" ><div style=\"margin-bottom:0px;margin-top:0px; \" class=\"gem-icon-with-text-icon\"><div class=\"gem-icon gem-icon-pack-elegant gem-icon-size-small  gem-icon-shape-square gem-simple-icon \"  style=\"opacity: 1;\"><div class=\"gem-icon-inner\" style=\"\"><span class=\"gem-icon-half-1\" style=\"color: #b82551;\"><span class=\"back-angle\">&#xe04a;<\/span><\/span><span class=\"gem-icon-half-2\" style=\"color: #b82551;\"><span class=\"back-angle\">&#xe04a;<\/span><\/span><\/div><\/div><\/div><div class=\"gem-icon-with-text-content\" ><div class=\"gem-icon-with-text-text\">[vc_column_text]<a href=\"https:\/\/confesq.org\/?page_id=24952\" target=\"_blank\" rel=\"noopener\">SENSIBILIDAD QU\u00cdMICA M\u00daLTIPLE (SQM)<\/a>[\/vc_column_text]<\/div><\/div><div class=\"clearboth\"><\/div><\/div><div class=\"gem-icon-with-text gem-icon-with-text-icon-size-small\" ><div style=\"margin-bottom:0px;margin-top:0px; \" class=\"gem-icon-with-text-icon\"><div class=\"gem-icon gem-icon-pack-elegant gem-icon-size-small  gem-icon-shape-square gem-simple-icon \"  style=\"opacity: 1;\"><div class=\"gem-icon-inner\" style=\"\"><span class=\"gem-icon-half-1\" style=\"color: #b82551;\"><span class=\"back-angle\">&#xe04a;<\/span><\/span><span class=\"gem-icon-half-2\" style=\"color: #b82551;\"><span class=\"back-angle\">&#xe04a;<\/span><\/span><\/div><\/div><\/div><div class=\"gem-icon-with-text-content\" ><div class=\"gem-icon-with-text-text\">[vc_column_text]<a href=\"https:\/\/confesq.org\/?page_id=24957\" target=\"_blank\" rel=\"noopener\">ELECTROHIPERSENSIBILIDAD MAGN\u00c9TICA (EHS)<\/a>[\/vc_column_text]<\/div><\/div><div class=\"clearboth\"><\/div><\/div><div class=\"clearboth\"><\/div><style>#thegem-divider-69d32baa27365 {margin-top: 32px !important;}<\/style><div id=\"thegem-divider-69d32baa27365\" class=\"gem-divider  \" style=\"\" ><\/div><div class=\"clearboth\"><\/div><style>#thegem-divider-69d32baa2737a {margin-top: 32px !important;}<\/style><div id=\"thegem-divider-69d32baa2737a\" class=\"gem-divider  \" style=\"\" ><\/div>[\/vc_column][\/vc_row]<\/p>\n<\/div>","protected":false},"excerpt":{"rendered":"<p>[vc_row css=\u00bb.vc_custom_1530698774481{margin-bottom: 0px !important;padding-bottom: 0px !important;}\u00bb el_class=\u00bbno-paddings\u00bb][vc_column][rev_slider_vc alias=\u00bbenfermedades\u00bb][\/vc_column][\/vc_row][vc_row full_width=\u00bbstretch_row_content\u00bb equal_height=\u00bbyes\u00bb css=\u00bb.vc_custom_1468838183811{margin-bottom: 0px !important;padding-bottom: 0px !important;}\u00bb el_class=\u00bbno-paddings\u00bb][vc_column css=\u00bb.vc_custom_1530698992229{padding-right: 65px !important;padding-left: 100px&#8230;<\/p>\n","protected":false},"author":2,"featured_media":0,"parent":0,"menu_order":0,"comment_status":"closed","ping_status":"closed","template":"","meta":{"footnotes":""},"class_list":["post-25431","page","type-page","status-publish"],"_links":{"self":[{"href":"https:\/\/confesq.org\/index.php?rest_route=\/wp\/v2\/pages\/25431","targetHints":{"allow":["GET"]}}],"collection":[{"href":"https:\/\/confesq.org\/index.php?rest_route=\/wp\/v2\/pages"}],"about":[{"href":"https:\/\/confesq.org\/index.php?rest_route=\/wp\/v2\/types\/page"}],"author":[{"embeddable":true,"href":"https:\/\/confesq.org\/index.php?rest_route=\/wp\/v2\/users\/2"}],"replies":[{"embeddable":true,"href":"https:\/\/confesq.org\/index.php?rest_route=%2Fwp%2Fv2%2Fcomments&post=25431"}],"version-history":[{"count":4,"href":"https:\/\/confesq.org\/index.php?rest_route=\/wp\/v2\/pages\/25431\/revisions"}],"predecessor-version":[{"id":25578,"href":"https:\/\/confesq.org\/index.php?rest_route=\/wp\/v2\/pages\/25431\/revisions\/25578"}],"wp:attachment":[{"href":"https:\/\/confesq.org\/index.php?rest_route=%2Fwp%2Fv2%2Fmedia&parent=25431"}],"curies":[{"name":"wp","href":"https:\/\/api.w.org\/{rel}","templated":true}]}}