{"id":24957,"date":"2018-07-05T08:08:06","date_gmt":"2018-07-05T08:08:06","guid":{"rendered":"http:\/\/confederacionssc.es\/?page_id=24957"},"modified":"2019-02-14T19:15:39","modified_gmt":"2019-02-14T19:15:39","slug":"meet-our-team-03-2-2-2-2","status":"publish","type":"page","link":"https:\/\/confesq.org\/?page_id=24957","title":{"rendered":"EHS"},"content":{"rendered":"<div class=\"wpb-content-wrapper\"><p>[vc_row css=\u00bb.vc_custom_1530698774481{margin-bottom: 0px !important;padding-bottom: 0px !important;}\u00bb el_class=\u00bbno-paddings\u00bb][vc_column][rev_slider_vc alias=\u00bbehs\u00bb][\/vc_column][\/vc_row][vc_row full_width=\u00bbstretch_row_content\u00bb equal_height=\u00bbyes\u00bb css=\u00bb.vc_custom_1468838183811{margin-bottom: 0px !important;padding-bottom: 0px !important;}\u00bb el_class=\u00bbno-paddings\u00bb][vc_column css=\u00bb.vc_custom_1530698992229{padding-right: 65px !important;padding-left: 100px !important;background-color: #f0f3f2 !important;}\u00bb offset=\u00bbvc_col-lg-12 vc_col-md-1&#8243;]<div class=\"clearboth\"><\/div><style>#thegem-divider-6a04664e30ea6 {margin-top: 32px !important;}<\/style><div id=\"thegem-divider-6a04664e30ea6\" class=\"gem-divider  \" style=\"\" ><\/div>[vc_column_text]<\/p>\n<div class=\"title-h2\"><span class=\"light\" style=\"color: #3c3950;\">\u00bfQU\u00c9 ES LA ELECTROHIPERSENSIBILIDAD MAGN\u00c9TICA?<\/span><\/div>\n<p>[\/vc_column_text][vc_column_text]Es una enfermedad notoria recurrente sufrida por la exposici\u00f3n a radiaciones que emiten ciertos dispositivos (aparatos el\u00e9ctricos, transformadores, telefon\u00eda m\u00f3vil, etc.) que provoca un conjunto de s\u00edntomas que se intensifican al encontrarse cerca de los mismos y que disminuye o desaparece cuando se est\u00e1 lejos de la fuente que los genera.[\/vc_column_text]<div class=\"gem-icon-with-text gem-icon-with-text-icon-size-small\" ><div style=\"margin-bottom:0px;padding-left: Causa:px;margin-top:0px; \" class=\"gem-icon-with-text-icon\"><div class=\"gem-icon gem-icon-pack-elegant gem-icon-size-small  gem-icon-shape-square gem-simple-icon \"  style=\"opacity: 1;\"><div class=\"gem-icon-inner\" style=\"\"><span class=\"gem-icon-half-1\" style=\"color: #aa0b50;\"><span class=\"back-angle\">&#xe04a;<\/span><\/span><span class=\"gem-icon-half-2\" style=\"color: #aa0b50;\"><span class=\"back-angle\">&#xe04a;<\/span><\/span><\/div><\/div><\/div><div class=\"gem-icon-with-text-content\" ><div class=\"gem-icon-with-text-text\">[vc_column_text]CAUSA:<\/p>\n<p>La Electrohipersensibilidad es una respuesta biol\u00f3gica particular que presentan algunas personas ante la exposici\u00f3n a campos electromagn\u00e9ticos no ionizantes (CEM),<strong>\u00a0<\/strong>experimentando\u00a0estados recurrentes de estr\u00e9s o enfermedad, cuando se vive rodeado de Campos Electromagn\u00e9ticos.[\/vc_column_text]<\/div><\/div><div class=\"clearboth\"><\/div><\/div><div class=\"gem-icon-with-text gem-icon-with-text-icon-size-small\" ><div style=\"margin-bottom:0px;padding-left: Causa:px;margin-top:0px; \" class=\"gem-icon-with-text-icon\"><div class=\"gem-icon gem-icon-pack-elegant gem-icon-size-small  gem-icon-shape-square gem-simple-icon \"  style=\"opacity: 1;\"><div class=\"gem-icon-inner\" style=\"\"><span class=\"gem-icon-half-1\" style=\"color: #aa0b50;\"><span class=\"back-angle\">&#xe04a;<\/span><\/span><span class=\"gem-icon-half-2\" style=\"color: #aa0b50;\"><span class=\"back-angle\">&#xe04a;<\/span><\/span><\/div><\/div><\/div><div class=\"gem-icon-with-text-content\" ><div class=\"gem-icon-with-text-text\">[vc_column_text]POBLACI\u00d3N AFECTADA:<\/p>\n<p>La poblaci\u00f3n electrosensible oscila entre el 3 y el 5%, unos 13 millones de personas sufren esta enfermedad en Europa.[\/vc_column_text]<\/div><\/div><div class=\"clearboth\"><\/div><\/div><div class=\"gem-icon-with-text gem-icon-with-text-icon-size-small\" ><div style=\"margin-bottom:0px;padding-left: Causa:px;margin-top:0px; \" class=\"gem-icon-with-text-icon\"><div class=\"gem-icon gem-icon-pack-elegant gem-icon-size-small  gem-icon-shape-square gem-simple-icon \"  style=\"opacity: 1;\"><div class=\"gem-icon-inner\" style=\"\"><span class=\"gem-icon-half-1\" style=\"color: #aa0b50;\"><span class=\"back-angle\">&#xe04a;<\/span><\/span><span class=\"gem-icon-half-2\" style=\"color: #aa0b50;\"><span class=\"back-angle\">&#xe04a;<\/span><\/span><\/div><\/div><\/div><div class=\"gem-icon-with-text-content\" ><div class=\"gem-icon-with-text-text\">[vc_column_text]S\u00cdNTOMAS:<\/p>\n<p>La sintomatolog\u00eda var\u00eda en intensidad y gravedad en funci\u00f3n de cada persona: dolor de cabeza, sensaci\u00f3n de quemaz\u00f3n, dificultad de concentraci\u00f3n, dolor en m\u00fasculos y articulaciones, p\u00e9rdida de memoria, confusi\u00f3n mental, insomnio, palpitaciones, arritmias, mareos, n\u00e1useas, irritabilidad, hormigueos, hiperactividad, alteraci\u00f3n de reflejos, depresi\u00f3n, ansiedad, confusi\u00f3n y desorientaci\u00f3n espacial y\/o temporal, fatiga, debilidad\/flojera, aceleraci\u00f3n o disminuci\u00f3n del ritmo card\u00edaco, dolores en el pecho, temblores, espasmos musculares, dolores constantes en piernas y pies, etc.<\/p>\n<p>Los s\u00edntomas pueden disminuir r\u00e1pidamente despu\u00e9s de la exposici\u00f3n o requerir varios d\u00edas, semanas o meses dependiendo del nivel de sensibilizaci\u00f3n. Y mejoran cuando se produce un alejamiento de fuentes emisoras de campos electromagn\u00e9ticos, en particular cuando la persona se aleja de tecnolog\u00edas inal\u00e1mbricas, tel\u00e9fonos m\u00f3viles e inal\u00e1mbricos, Wifi, asi como de la\u00a0 proximidad a las antenas de telefon\u00eda movil, ordenadores, l\u00e1mparas fluorescentes, transformadores, subestaciones el\u00e9ctricas y l\u00edneas el\u00e9ctricas.[\/vc_column_text]<\/div><\/div><div class=\"clearboth\"><\/div><\/div><div class=\"gem-icon-with-text gem-icon-with-text-icon-size-small\" ><div style=\"margin-bottom:0px;padding-left: Causa:px;margin-top:0px; \" class=\"gem-icon-with-text-icon\"><div class=\"gem-icon gem-icon-pack-elegant gem-icon-size-small  gem-icon-shape-square gem-simple-icon \"  style=\"opacity: 1;\"><div class=\"gem-icon-inner\" style=\"\"><span class=\"gem-icon-half-1\" style=\"color: #aa0b50;\"><span class=\"back-angle\">&#xe04a;<\/span><\/span><span class=\"gem-icon-half-2\" style=\"color: #aa0b50;\"><span class=\"back-angle\">&#xe04a;<\/span><\/span><\/div><\/div><\/div><div class=\"gem-icon-with-text-content\" ><div class=\"gem-icon-with-text-text\">[vc_column_text]DIAGN\u00d3STICO:<\/p>\n<p>Hasta el momento no hay criterios de diagnostico claros, no existiendo ninguna prueba espec\u00edfica para identificarla aparte de los s\u00edntomas cut\u00e1neos descritos por la propia persona, que pueden ser subjetivos o no espec\u00edficos. Es recomendable que se eliminen otras patolog\u00edas que puedan ser la causa de la sintomatolog\u00eda, procediendo a un examen m\u00e9dico y psicol\u00f3gico.[\/vc_column_text]<\/div><\/div><div class=\"clearboth\"><\/div><\/div><div class=\"gem-icon-with-text gem-icon-with-text-icon-size-small\" ><div style=\"margin-bottom:0px;padding-left: Causa:px;margin-top:0px; \" class=\"gem-icon-with-text-icon\"><div class=\"gem-icon gem-icon-pack-elegant gem-icon-size-small  gem-icon-shape-square gem-simple-icon \"  style=\"opacity: 1;\"><div class=\"gem-icon-inner\" style=\"\"><span class=\"gem-icon-half-1\" style=\"color: #aa0b50;\"><span class=\"back-angle\">&#xe04a;<\/span><\/span><span class=\"gem-icon-half-2\" style=\"color: #aa0b50;\"><span class=\"back-angle\">&#xe04a;<\/span><\/span><\/div><\/div><\/div><div class=\"gem-icon-with-text-content\" ><div class=\"gem-icon-with-text-text\">[vc_column_text]TRATAMIENTO:<\/p>\n<p>No existe un tratamiento espec\u00edfico. El m\u00e9todo m\u00e1s efectivo para mejorar la\u00a0calidad de vida de los afectados consiste en evitar o reducir al m\u00e1ximo la exposici\u00f3n a cada fuente de radiaci\u00f3n electromagn\u00e9tica, adem\u00e1s de modificar las condiciones\u00a0ambientales para llevar una vida lo m\u00e1s normalizada posible.<\/p>\n<p>Dado que la exposici\u00f3n actualmente es pr\u00e1cticamente inevitable, la vida de estas personas se est\u00e1 haciendo cada d\u00eda m\u00e1s dif\u00edcil.[\/vc_column_text]<\/div><\/div><div class=\"clearboth\"><\/div><\/div><div class=\"gem-icon-with-text gem-icon-with-text-icon-size-small\" ><div style=\"margin-bottom:0px;padding-left: Causa:px;margin-top:0px; \" class=\"gem-icon-with-text-icon\"><div class=\"gem-icon gem-icon-pack-elegant gem-icon-size-small  gem-icon-shape-square gem-simple-icon \"  style=\"opacity: 1;\"><div class=\"gem-icon-inner\" style=\"\"><span class=\"gem-icon-half-1\" style=\"color: #aa0b50;\"><span class=\"back-angle\">&#xe04a;<\/span><\/span><span class=\"gem-icon-half-2\" style=\"color: #aa0b50;\"><span class=\"back-angle\">&#xe04a;<\/span><\/span><\/div><\/div><\/div><div class=\"gem-icon-with-text-content\" ><div class=\"gem-icon-with-text-text\">[vc_column_text]C\u00d3MO MEJORAR:<\/p>\n<p>Para mejorar debe conocer la enfermedad y los recursos que existen para afrontarla. Debe fomentar cambios en su estilo de vida intentando minimizar la exposici\u00f3n a sus emisores de radiaci\u00f3n.[\/vc_column_text]<\/div><\/div><div class=\"clearboth\"><\/div><\/div>[vc_column_text]A continuaci\u00f3n, encontrar\u00e1s una serie de documentos en los que se explica m\u00e1s sobre la Electrohipersensibilidad (EHS) y que aportan una serie de pautas y consejos para sobrellevar mejor la enfermedad:<\/p>\n<ul>\n<li><a href=\"https:\/\/www.actasanitaria.com\/electrosensibilidad\/\" target=\"_blank\" rel=\"noopener\">Art\u00edculo de Carlos \u00c1lvarez en Acta Sanitaria<\/a>. (2018).<\/li>\n<li><a href=\"https:\/\/confesq.org\/wp-content\/uploads\/2019\/02\/oxidative.stress.in_.electrohypersensitivity.self%E2%80%91reporting.patients.pdf\" target=\"_blank\" rel=\"noopener\">Oxidative stress in electrohypersensitivity self\u2011reporting patients: Results of a prospective in vivo investigation with comprehensive molecular analysis. <\/a>International Journal of Molecular Medicine. (2018).<\/li>\n<li><a href=\"https:\/\/confesq.org\/wp-content\/uploads\/2019\/02\/Selected-ES-and-EHS-studies.pdf\" target=\"_blank\" rel=\"noopener\">Selected studies on Electrosensitivity (ES) and Electromagnetic hyper-sensitivity (EHS)<\/a>.\u00a0\u00a0Over 2,000 studies and references. (2018).<\/li>\n<li><a href=\"https:\/\/confesq.org\/wp-content\/uploads\/2019\/02\/Guia.EUROPAEM.2016.pdf\" target=\"_blank\" rel=\"noopener\">Gu\u00eda EUROPAEM para la prevenci\u00f3n,\u00a0diagn\u00f3stico y tratamiento de enfermedades y problemas de salud relacionados con los Campos Electromagn\u00e9ticos<\/a> (CEM &#8211; EMF). (2016).<\/li>\n<li><a href=\"https:\/\/confesq.org\/wp-content\/uploads\/2019\/02\/Yael-Stein-workgroup.pdf\" target=\"_blank\" rel=\"noopener\">Electrohypersensitivity (EHS)<\/a>. Medical Overview.\u00a0Dr. Yael Stein MD, Department of Anesthesia and Critical Care Medicine Hadassah Medical Center, Jerusalem, Israel. (2016).<\/li>\n<li><a href=\"https:\/\/confesq.org\/wp-content\/uploads\/2018\/12\/BOLETIN-2.pdf\" target=\"_blank\" rel=\"noopener\">Documento resumen sobre la importancia de la seguridad en la Sanidad P\u00fablica<\/a>. BioInitiative. (2012).<\/li>\n<li><a href=\"https:\/\/confesq.org\/wp-content\/uploads\/2019\/02\/Resolucion.A.P.-1815-Consejo.Europa.27.05.11.pdf\" target=\"_blank\" rel=\"noopener\">Peligros potenciales de los campos electromagn\u00e9ticos y sus efectos sobre el medio ambiente<\/a>. Asamblea Parlamentaria. (2011).<\/li>\n<li><a href=\"https:\/\/confesq.org\/wp-content\/uploads\/2019\/02\/Protocolo-hospitalario-EHS.pdf\" target=\"_blank\" rel=\"noopener\">Recomendaciones de actuaci\u00f3n hospitalaria para afectados\/as de hipersensibilidad electromagn\u00e9ticas<\/a>. Asociaci\u00f3n \u200bElectro y Qu\u00edmico Sensibles por el Derecho a la Salud.<\/li>\n<li><a href=\"https:\/\/confesq.org\/wp-content\/uploads\/2019\/02\/EHSbiomarkersBelpomme-2.pdf\" target=\"_blank\" rel=\"noopener\">Esquema de los Biomarcadores de Belpmme<\/a>.<\/li>\n<li><a href=\"https:\/\/confesq.org\/wp-content\/uploads\/2019\/02\/CUESTIONARIO-EHS.pdf\" target=\"_blank\" rel=\"noopener\">Cuestionario<\/a> para detectar posibles casos de Electrosensibilidad y sus grados.<\/li>\n<\/ul>\n<p>[\/vc_column_text]<div class=\"clearboth\"><\/div><style>#thegem-divider-6a04664e31229 {margin-top: 52px !important;}<\/style><div id=\"thegem-divider-6a04664e31229\" class=\"gem-divider  \" style=\"\" ><\/div><div class=\"clearboth\"><\/div><style>#thegem-divider-6a04664e3123e {margin-top: 52px !important;}<\/style><div id=\"thegem-divider-6a04664e3123e\" class=\"gem-divider  \" style=\"\" ><\/div>[\/vc_column][\/vc_row]<\/p>\n<\/div>","protected":false},"excerpt":{"rendered":"<p>[vc_row css=\u00bb.vc_custom_1530698774481{margin-bottom: 0px !important;padding-bottom: 0px !important;}\u00bb el_class=\u00bbno-paddings\u00bb][vc_column][rev_slider_vc alias=\u00bbehs\u00bb][\/vc_column][\/vc_row][vc_row full_width=\u00bbstretch_row_content\u00bb equal_height=\u00bbyes\u00bb css=\u00bb.vc_custom_1468838183811{margin-bottom: 0px !important;padding-bottom: 0px !important;}\u00bb el_class=\u00bbno-paddings\u00bb][vc_column css=\u00bb.vc_custom_1530698992229{padding-right: 65px !important;padding-left: 100px&#8230;<\/p>\n","protected":false},"author":2,"featured_media":0,"parent":0,"menu_order":0,"comment_status":"closed","ping_status":"closed","template":"","meta":{"footnotes":""},"class_list":["post-24957","page","type-page","status-publish"],"_links":{"self":[{"href":"https:\/\/confesq.org\/index.php?rest_route=\/wp\/v2\/pages\/24957","targetHints":{"allow":["GET"]}}],"collection":[{"href":"https:\/\/confesq.org\/index.php?rest_route=\/wp\/v2\/pages"}],"about":[{"href":"https:\/\/confesq.org\/index.php?rest_route=\/wp\/v2\/types\/page"}],"author":[{"embeddable":true,"href":"https:\/\/confesq.org\/index.php?rest_route=\/wp\/v2\/users\/2"}],"replies":[{"embeddable":true,"href":"https:\/\/confesq.org\/index.php?rest_route=%2Fwp%2Fv2%2Fcomments&post=24957"}],"version-history":[{"count":12,"href":"https:\/\/confesq.org\/index.php?rest_route=\/wp\/v2\/pages\/24957\/revisions"}],"predecessor-version":[{"id":25980,"href":"https:\/\/confesq.org\/index.php?rest_route=\/wp\/v2\/pages\/24957\/revisions\/25980"}],"wp:attachment":[{"href":"https:\/\/confesq.org\/index.php?rest_route=%2Fwp%2Fv2%2Fmedia&parent=24957"}],"curies":[{"name":"wp","href":"https:\/\/api.w.org\/{rel}","templated":true}]}}